{"id":7946,"date":"2026-04-30T18:36:02","date_gmt":"2026-04-30T16:36:02","guid":{"rendered":"https:\/\/enjoyboats.eu\/?post_type=product&#038;p=7946"},"modified":"2026-05-02T11:46:17","modified_gmt":"2026-05-02T09:46:17","slug":"predator-600p-copia","status":"publish","type":"product","link":"https:\/\/enjoyboats.eu\/fr\/product\/predator-600p-copia\/","title":{"rendered":"Predator 600P (copia)"},"content":{"rendered":"<p>Le Predator 600P Touring allie luxe et praticit\u00e9 en vous offrant la plateforme parfaite pour profiter de la navigation toute la journ\u00e9e, tous les jours sur l&rsquo;eau. Le Predator 600P Touring est \u00e9quip\u00e9 de s\u00e9rie d&rsquo;un si\u00e8ge inclin\u00e9 et d&rsquo;un si\u00e8ge enveloppant \u00e0 l&rsquo;arri\u00e8re, ce qui vous offre beaucoup d&rsquo;espace pour vous asseoir et vous d\u00e9placer facilement dans le bateau.<\/p>\n","protected":false},"excerpt":{"rendered":"<p>Combine le luxe et la praticit\u00e9 en vous offrant la plateforme parfaite pour profiter de la navigation de plaisance toute la journ\u00e9e.<\/p>\n","protected":false},"featured_media":3472,"template":"","meta":{"_acf_changed":false},"product_brand":[],"product_cat":[293,297,215],"product_tag":[],"class_list":{"0":"post-7946","1":"product","2":"type-product","3":"status-publish","4":"has-post-thumbnail","6":"product_cat-louer","7":"product_cat-a-vendre","8":"product_cat-predator-fr","9":"pa_persons-8-fr","12":"first","13":"instock","14":"virtual","15":"sold-individually","16":"purchasable","17":"product-type-booking"},"booking_location":"","booking_location_type":"","booking_duration":1,"booking_duration_unit":"hour","booking_buffer":0,"booking_cost":260,"booking_resources":[1069,1068],"acf":[],"yoast_head":"<!-- This site is optimized with the Yoast SEO plugin v27.5 - https:\/\/yoast.com\/product\/yoast-seo-wordpress\/ -->\n<title>Location bateau Altea | Enjoy Boats | Predator 600P<\/title>\n<meta name=\"description\" content=\"Louez le Predator 600P \u00e0 Altea : luxe, confort et agencement pratique avec assise enveloppante et espace pour bouger en toute libert\u00e9 \u00e0 bord.\" \/>\n<meta name=\"robots\" content=\"index, follow, max-snippet:-1, max-image-preview:large, max-video-preview:-1\" \/>\n<link rel=\"canonical\" href=\"https:\/\/enjoyboats.eu\/fr\/product\/predator-600p-copia\/\" \/>\n<meta property=\"og:locale\" content=\"fr_FR\" \/>\n<meta property=\"og:type\" content=\"article\" \/>\n<meta property=\"og:title\" content=\"Location bateau Altea | Enjoy Boats | Predator 600P\" \/>\n<meta property=\"og:description\" content=\"Louez le Predator 600P \u00e0 Altea : luxe, confort et agencement pratique avec assise enveloppante et espace pour bouger en toute libert\u00e9 \u00e0 bord.\" \/>\n<meta property=\"og:url\" content=\"https:\/\/enjoyboats.eu\/fr\/product\/predator-600p-copia\/\" \/>\n<meta property=\"og:site_name\" content=\"Enjoy Boats\" \/>\n<meta property=\"article:publisher\" content=\"https:\/\/www.facebook.com\/profile.php?id=61562737064557&amp;mibextid=wwXIfr&amp;rdid=W4C14M5Q5zKVlMlm#\" \/>\n<meta property=\"article:modified_time\" content=\"2026-05-02T09:46:17+00:00\" \/>\n<meta property=\"og:image\" content=\"https:\/\/enjoyboats.eu\/wp-content\/uploads\/2025\/02\/DSC07488-scaled.jpg\" \/>\n\t<meta property=\"og:image:width\" content=\"2560\" \/>\n\t<meta property=\"og:image:height\" content=\"1440\" \/>\n\t<meta property=\"og:image:type\" content=\"image\/jpeg\" \/>\n<meta name=\"twitter:card\" content=\"summary_large_image\" \/>\n<meta name=\"twitter:label1\" content=\"Dur\u00e9e de lecture estim\u00e9e\" \/>\n\t<meta name=\"twitter:data1\" content=\"1 minute\" \/>\n<script type=\"application\/ld+json\" class=\"yoast-schema-graph\">{\"@context\":\"https:\\\/\\\/schema.org\",\"@graph\":[{\"@type\":\"WebPage\",\"@id\":\"https:\\\/\\\/enjoyboats.eu\\\/fr\\\/product\\\/predator-600p-copia\\\/\",\"url\":\"https:\\\/\\\/enjoyboats.eu\\\/fr\\\/product\\\/predator-600p-copia\\\/\",\"name\":\"Location bateau Altea | Enjoy Boats | Predator 600P\",\"isPartOf\":{\"@id\":\"https:\\\/\\\/enjoyboats.eu\\\/fr\\\/#website\"},\"primaryImageOfPage\":{\"@id\":\"https:\\\/\\\/enjoyboats.eu\\\/fr\\\/product\\\/predator-600p-copia\\\/#primaryimage\"},\"image\":{\"@id\":\"https:\\\/\\\/enjoyboats.eu\\\/fr\\\/product\\\/predator-600p-copia\\\/#primaryimage\"},\"thumbnailUrl\":\"https:\\\/\\\/enjoyboats.eu\\\/wp-content\\\/uploads\\\/2025\\\/02\\\/DSC07488-scaled.jpg\",\"datePublished\":\"2026-04-30T16:36:02+00:00\",\"dateModified\":\"2026-05-02T09:46:17+00:00\",\"description\":\"Louez le Predator 600P \u00e0 Altea : luxe, confort et agencement pratique avec assise enveloppante et espace pour bouger en toute libert\u00e9 \u00e0 bord.\",\"breadcrumb\":{\"@id\":\"https:\\\/\\\/enjoyboats.eu\\\/fr\\\/product\\\/predator-600p-copia\\\/#breadcrumb\"},\"inLanguage\":\"fr-FR\",\"potentialAction\":[{\"@type\":\"ReadAction\",\"target\":[\"https:\\\/\\\/enjoyboats.eu\\\/fr\\\/product\\\/predator-600p-copia\\\/\"]}]},{\"@type\":\"ImageObject\",\"inLanguage\":\"fr-FR\",\"@id\":\"https:\\\/\\\/enjoyboats.eu\\\/fr\\\/product\\\/predator-600p-copia\\\/#primaryimage\",\"url\":\"https:\\\/\\\/enjoyboats.eu\\\/wp-content\\\/uploads\\\/2025\\\/02\\\/DSC07488-scaled.jpg\",\"contentUrl\":\"https:\\\/\\\/enjoyboats.eu\\\/wp-content\\\/uploads\\\/2025\\\/02\\\/DSC07488-scaled.jpg\",\"width\":2560,\"height\":1440,\"caption\":\"Boat rental Costa Blanca \u2013 Enjoy Boats\"},{\"@type\":\"BreadcrumbList\",\"@id\":\"https:\\\/\\\/enjoyboats.eu\\\/fr\\\/product\\\/predator-600p-copia\\\/#breadcrumb\",\"itemListElement\":[{\"@type\":\"ListItem\",\"position\":1,\"name\":\"Home\",\"item\":\"https:\\\/\\\/enjoyboats.eu\\\/fr\\\/\"},{\"@type\":\"ListItem\",\"position\":2,\"name\":\"Louez un bateau\",\"item\":\"https:\\\/\\\/enjoyboats.eu\\\/fr\\\/louez-un-bateau\\\/\"},{\"@type\":\"ListItem\",\"position\":3,\"name\":\"Predator 600P (copia)\"}]},{\"@type\":\"WebSite\",\"@id\":\"https:\\\/\\\/enjoyboats.eu\\\/fr\\\/#website\",\"url\":\"https:\\\/\\\/enjoyboats.eu\\\/fr\\\/\",\"name\":\"Enjoy Boats\",\"description\":\"Boat rental in the Costa Blanca\",\"publisher\":{\"@id\":\"https:\\\/\\\/enjoyboats.eu\\\/fr\\\/#organization\"},\"alternateName\":\"Enjoy Boats Rental & Sales\",\"potentialAction\":[{\"@type\":\"SearchAction\",\"target\":{\"@type\":\"EntryPoint\",\"urlTemplate\":\"https:\\\/\\\/enjoyboats.eu\\\/fr\\\/?s={search_term_string}\"},\"query-input\":{\"@type\":\"PropertyValueSpecification\",\"valueRequired\":true,\"valueName\":\"search_term_string\"}}],\"inLanguage\":\"fr-FR\"},{\"@type\":\"Organization\",\"@id\":\"https:\\\/\\\/enjoyboats.eu\\\/fr\\\/#organization\",\"name\":\"Enjoy Boats\",\"url\":\"https:\\\/\\\/enjoyboats.eu\\\/fr\\\/\",\"logo\":{\"@type\":\"ImageObject\",\"inLanguage\":\"fr-FR\",\"@id\":\"https:\\\/\\\/enjoyboats.eu\\\/fr\\\/#\\\/schema\\\/logo\\\/image\\\/\",\"url\":\"https:\\\/\\\/enjoyboats.eu\\\/wp-content\\\/uploads\\\/2025\\\/02\\\/EnjoyBoats_Logo.webp\",\"contentUrl\":\"https:\\\/\\\/enjoyboats.eu\\\/wp-content\\\/uploads\\\/2025\\\/02\\\/EnjoyBoats_Logo.webp\",\"width\":591,\"height\":507,\"caption\":\"Enjoy Boats\"},\"image\":{\"@id\":\"https:\\\/\\\/enjoyboats.eu\\\/fr\\\/#\\\/schema\\\/logo\\\/image\\\/\"},\"sameAs\":[\"https:\\\/\\\/www.facebook.com\\\/profile.php?id=61562737064557&mibextid=wwXIfr&rdid=W4C14M5Q5zKVlMlm#\",\"https:\\\/\\\/www.instagram.com\\\/enjoyboatsrentalandsales?igsh=MTZ4NWl1ZTB4NjJlMw&utm_source=website\"]}]}<\/script>\n<!-- \/ Yoast SEO plugin. -->","yoast_head_json":{"title":"Location bateau Altea | Enjoy Boats | Predator 600P","description":"Louez le Predator 600P \u00e0 Altea : luxe, confort et agencement pratique avec assise enveloppante et espace pour bouger en toute libert\u00e9 \u00e0 bord.","robots":{"index":"index","follow":"follow","max-snippet":"max-snippet:-1","max-image-preview":"max-image-preview:large","max-video-preview":"max-video-preview:-1"},"canonical":"https:\/\/enjoyboats.eu\/fr\/product\/predator-600p-copia\/","og_locale":"fr_FR","og_type":"article","og_title":"Location bateau Altea | Enjoy Boats | Predator 600P","og_description":"Louez le Predator 600P \u00e0 Altea : luxe, confort et agencement pratique avec assise enveloppante et espace pour bouger en toute libert\u00e9 \u00e0 bord.","og_url":"https:\/\/enjoyboats.eu\/fr\/product\/predator-600p-copia\/","og_site_name":"Enjoy Boats","article_publisher":"https:\/\/www.facebook.com\/profile.php?id=61562737064557&mibextid=wwXIfr&rdid=W4C14M5Q5zKVlMlm#","article_modified_time":"2026-05-02T09:46:17+00:00","og_image":[{"width":2560,"height":1440,"url":"https:\/\/enjoyboats.eu\/wp-content\/uploads\/2025\/02\/DSC07488-scaled.jpg","type":"image\/jpeg"}],"twitter_card":"summary_large_image","twitter_misc":{"Dur\u00e9e de lecture estim\u00e9e":"1 minute"},"schema":{"@context":"https:\/\/schema.org","@graph":[{"@type":"WebPage","@id":"https:\/\/enjoyboats.eu\/fr\/product\/predator-600p-copia\/","url":"https:\/\/enjoyboats.eu\/fr\/product\/predator-600p-copia\/","name":"Location bateau Altea | Enjoy Boats | Predator 600P","isPartOf":{"@id":"https:\/\/enjoyboats.eu\/fr\/#website"},"primaryImageOfPage":{"@id":"https:\/\/enjoyboats.eu\/fr\/product\/predator-600p-copia\/#primaryimage"},"image":{"@id":"https:\/\/enjoyboats.eu\/fr\/product\/predator-600p-copia\/#primaryimage"},"thumbnailUrl":"https:\/\/enjoyboats.eu\/wp-content\/uploads\/2025\/02\/DSC07488-scaled.jpg","datePublished":"2026-04-30T16:36:02+00:00","dateModified":"2026-05-02T09:46:17+00:00","description":"Louez le Predator 600P \u00e0 Altea : luxe, confort et agencement pratique avec assise enveloppante et espace pour bouger en toute libert\u00e9 \u00e0 bord.","breadcrumb":{"@id":"https:\/\/enjoyboats.eu\/fr\/product\/predator-600p-copia\/#breadcrumb"},"inLanguage":"fr-FR","potentialAction":[{"@type":"ReadAction","target":["https:\/\/enjoyboats.eu\/fr\/product\/predator-600p-copia\/"]}]},{"@type":"ImageObject","inLanguage":"fr-FR","@id":"https:\/\/enjoyboats.eu\/fr\/product\/predator-600p-copia\/#primaryimage","url":"https:\/\/enjoyboats.eu\/wp-content\/uploads\/2025\/02\/DSC07488-scaled.jpg","contentUrl":"https:\/\/enjoyboats.eu\/wp-content\/uploads\/2025\/02\/DSC07488-scaled.jpg","width":2560,"height":1440,"caption":"Boat rental Costa Blanca \u2013 Enjoy Boats"},{"@type":"BreadcrumbList","@id":"https:\/\/enjoyboats.eu\/fr\/product\/predator-600p-copia\/#breadcrumb","itemListElement":[{"@type":"ListItem","position":1,"name":"Home","item":"https:\/\/enjoyboats.eu\/fr\/"},{"@type":"ListItem","position":2,"name":"Louez un bateau","item":"https:\/\/enjoyboats.eu\/fr\/louez-un-bateau\/"},{"@type":"ListItem","position":3,"name":"Predator 600P (copia)"}]},{"@type":"WebSite","@id":"https:\/\/enjoyboats.eu\/fr\/#website","url":"https:\/\/enjoyboats.eu\/fr\/","name":"Enjoy Boats","description":"Boat rental in the Costa Blanca","publisher":{"@id":"https:\/\/enjoyboats.eu\/fr\/#organization"},"alternateName":"Enjoy Boats Rental & Sales","potentialAction":[{"@type":"SearchAction","target":{"@type":"EntryPoint","urlTemplate":"https:\/\/enjoyboats.eu\/fr\/?s={search_term_string}"},"query-input":{"@type":"PropertyValueSpecification","valueRequired":true,"valueName":"search_term_string"}}],"inLanguage":"fr-FR"},{"@type":"Organization","@id":"https:\/\/enjoyboats.eu\/fr\/#organization","name":"Enjoy Boats","url":"https:\/\/enjoyboats.eu\/fr\/","logo":{"@type":"ImageObject","inLanguage":"fr-FR","@id":"https:\/\/enjoyboats.eu\/fr\/#\/schema\/logo\/image\/","url":"https:\/\/enjoyboats.eu\/wp-content\/uploads\/2025\/02\/EnjoyBoats_Logo.webp","contentUrl":"https:\/\/enjoyboats.eu\/wp-content\/uploads\/2025\/02\/EnjoyBoats_Logo.webp","width":591,"height":507,"caption":"Enjoy Boats"},"image":{"@id":"https:\/\/enjoyboats.eu\/fr\/#\/schema\/logo\/image\/"},"sameAs":["https:\/\/www.facebook.com\/profile.php?id=61562737064557&mibextid=wwXIfr&rdid=W4C14M5Q5zKVlMlm#","https:\/\/www.instagram.com\/enjoyboatsrentalandsales?igsh=MTZ4NWl1ZTB4NjJlMw&utm_source=website"]}]}},"_links":{"self":[{"href":"https:\/\/enjoyboats.eu\/fr\/wp-json\/wp\/v2\/product\/7946","targetHints":{"allow":["GET"]}}],"collection":[{"href":"https:\/\/enjoyboats.eu\/fr\/wp-json\/wp\/v2\/product"}],"about":[{"href":"https:\/\/enjoyboats.eu\/fr\/wp-json\/wp\/v2\/types\/product"}],"wp:featuredmedia":[{"embeddable":true,"href":"https:\/\/enjoyboats.eu\/fr\/wp-json\/wp\/v2\/media\/3472"}],"wp:attachment":[{"href":"https:\/\/enjoyboats.eu\/fr\/wp-json\/wp\/v2\/media?parent=7946"}],"wp:term":[{"taxonomy":"product_brand","embeddable":true,"href":"https:\/\/enjoyboats.eu\/fr\/wp-json\/wp\/v2\/product_brand?post=7946"},{"taxonomy":"product_cat","embeddable":true,"href":"https:\/\/enjoyboats.eu\/fr\/wp-json\/wp\/v2\/product_cat?post=7946"},{"taxonomy":"product_tag","embeddable":true,"href":"https:\/\/enjoyboats.eu\/fr\/wp-json\/wp\/v2\/product_tag?post=7946"}],"curies":[{"name":"wp","href":"https:\/\/api.w.org\/{rel}","templated":true}]}}