{"id":1771,"date":"2025-02-07T13:21:17","date_gmt":"2025-02-07T12:21:17","guid":{"rendered":"https:\/\/enjoyboats.eu\/?post_type=product&#038;p=1771"},"modified":"2025-07-09T10:59:52","modified_gmt":"2025-07-09T08:59:52","slug":"stingher-380fr","status":"publish","type":"product","link":"https:\/\/enjoyboats.eu\/fr\/product\/stingher-380fr\/","title":{"rendered":"Stingher 380FR"},"content":{"rendered":"<p>Stingher incarne l&rsquo;excellence selon Italboats : une gamme de bateaux haut de gamme con\u00e7us pour ceux qui font de la beaut\u00e9 et de l&rsquo;\u00e9l\u00e9gance leur mode de vie.<br \/>\nLe design italien haut de gamme, les technologies de pointe et la v\u00e9ritable passion artisanale s&rsquo;unissent pour cr\u00e9er l&rsquo;un des bateaux les plus captivants et les plus performants au monde.<\/p>\n<p>Stingher, l&rsquo;authentique style italien.<\/p>\n","protected":false},"excerpt":{"rendered":"<p>Con\u00e7u pour ceux qui font de la beaut\u00e9 et de l&rsquo;\u00e9l\u00e9gance leur mode de vie.<\/p>\n","protected":false},"featured_media":3457,"template":"","meta":{"_acf_changed":false},"product_brand":[],"product_cat":[293,297,87],"product_tag":[],"class_list":{"0":"post-1771","1":"product","2":"type-product","3":"status-publish","4":"has-post-thumbnail","6":"product_cat-louer","7":"product_cat-a-vendre","8":"product_cat-stingher-fr","9":"pa_persons-5-fr","12":"first","13":"instock","14":"virtual","15":"sold-individually","16":"purchasable","17":"product-type-booking"},"booking_location":"","booking_location_type":"","booking_duration":1,"booking_duration_unit":"hour","booking_buffer":0,"booking_cost":150,"booking_resources":[1068,2772],"acf":[],"yoast_head":"<!-- This site is optimized with the Yoast SEO plugin v27.4 - https:\/\/yoast.com\/product\/yoast-seo-wordpress\/ -->\n<title>Location bateau Altea | Enjoy Boats | Stingher 380FR<\/title>\n<meta name=\"description\" content=\"Montez \u00e0 bord du Stingher 380FR \u00e0 Altea. Semi-rigide rapide atteignant 50 n\u0153uds, parfait pour des balades c\u00f4ti\u00e8res en toute s\u00e9curit\u00e9 (certification CE).\" \/>\n<meta name=\"robots\" content=\"index, follow, max-snippet:-1, max-image-preview:large, max-video-preview:-1\" \/>\n<link rel=\"canonical\" href=\"https:\/\/enjoyboats.eu\/fr\/product\/stingher-380fr\/\" \/>\n<meta property=\"og:locale\" content=\"fr_FR\" \/>\n<meta property=\"og:type\" content=\"article\" \/>\n<meta property=\"og:title\" content=\"Location bateau Altea | Enjoy Boats | Stingher 380FR\" \/>\n<meta property=\"og:description\" content=\"Montez \u00e0 bord du Stingher 380FR \u00e0 Altea. Semi-rigide rapide atteignant 50 n\u0153uds, parfait pour des balades c\u00f4ti\u00e8res en toute s\u00e9curit\u00e9 (certification CE).\" \/>\n<meta property=\"og:url\" content=\"https:\/\/enjoyboats.eu\/fr\/product\/stingher-380fr\/\" \/>\n<meta property=\"og:site_name\" content=\"Enjoy Boats\" \/>\n<meta property=\"article:publisher\" content=\"https:\/\/www.facebook.com\/profile.php?id=61562737064557&amp;mibextid=wwXIfr&amp;rdid=W4C14M5Q5zKVlMlm#\" \/>\n<meta property=\"article:modified_time\" content=\"2025-07-09T08:59:52+00:00\" \/>\n<meta property=\"og:image\" content=\"https:\/\/enjoyboats.eu\/wp-content\/uploads\/2025\/02\/DSC07713-scaled.jpg\" \/>\n\t<meta property=\"og:image:width\" content=\"2560\" \/>\n\t<meta property=\"og:image:height\" content=\"1440\" \/>\n\t<meta property=\"og:image:type\" content=\"image\/jpeg\" \/>\n<meta name=\"twitter:card\" content=\"summary_large_image\" \/>\n<meta name=\"twitter:label1\" content=\"Dur\u00e9e de lecture estim\u00e9e\" \/>\n\t<meta name=\"twitter:data1\" content=\"1 minute\" \/>\n<script type=\"application\/ld+json\" class=\"yoast-schema-graph\">{\"@context\":\"https:\\\/\\\/schema.org\",\"@graph\":[{\"@type\":\"WebPage\",\"@id\":\"https:\\\/\\\/enjoyboats.eu\\\/fr\\\/product\\\/stingher-380fr\\\/\",\"url\":\"https:\\\/\\\/enjoyboats.eu\\\/fr\\\/product\\\/stingher-380fr\\\/\",\"name\":\"Location bateau Altea | Enjoy Boats | Stingher 380FR\",\"isPartOf\":{\"@id\":\"https:\\\/\\\/enjoyboats.eu\\\/fr\\\/#website\"},\"primaryImageOfPage\":{\"@id\":\"https:\\\/\\\/enjoyboats.eu\\\/fr\\\/product\\\/stingher-380fr\\\/#primaryimage\"},\"image\":{\"@id\":\"https:\\\/\\\/enjoyboats.eu\\\/fr\\\/product\\\/stingher-380fr\\\/#primaryimage\"},\"thumbnailUrl\":\"https:\\\/\\\/enjoyboats.eu\\\/wp-content\\\/uploads\\\/2025\\\/02\\\/DSC07713-scaled.jpg\",\"datePublished\":\"2025-02-07T12:21:17+00:00\",\"dateModified\":\"2025-07-09T08:59:52+00:00\",\"description\":\"Montez \u00e0 bord du Stingher 380FR \u00e0 Altea. Semi-rigide rapide atteignant 50 n\u0153uds, parfait pour des balades c\u00f4ti\u00e8res en toute s\u00e9curit\u00e9 (certification CE).\",\"breadcrumb\":{\"@id\":\"https:\\\/\\\/enjoyboats.eu\\\/fr\\\/product\\\/stingher-380fr\\\/#breadcrumb\"},\"inLanguage\":\"fr-FR\",\"potentialAction\":[{\"@type\":\"ReadAction\",\"target\":[\"https:\\\/\\\/enjoyboats.eu\\\/fr\\\/product\\\/stingher-380fr\\\/\"]}]},{\"@type\":\"ImageObject\",\"inLanguage\":\"fr-FR\",\"@id\":\"https:\\\/\\\/enjoyboats.eu\\\/fr\\\/product\\\/stingher-380fr\\\/#primaryimage\",\"url\":\"https:\\\/\\\/enjoyboats.eu\\\/wp-content\\\/uploads\\\/2025\\\/02\\\/DSC07713-scaled.jpg\",\"contentUrl\":\"https:\\\/\\\/enjoyboats.eu\\\/wp-content\\\/uploads\\\/2025\\\/02\\\/DSC07713-scaled.jpg\",\"width\":2560,\"height\":1440,\"caption\":\"Stingher 380FR Explore Altea by boat \u2013 Rent a boat today\"},{\"@type\":\"BreadcrumbList\",\"@id\":\"https:\\\/\\\/enjoyboats.eu\\\/fr\\\/product\\\/stingher-380fr\\\/#breadcrumb\",\"itemListElement\":[{\"@type\":\"ListItem\",\"position\":1,\"name\":\"Home\",\"item\":\"https:\\\/\\\/enjoyboats.eu\\\/fr\\\/\"},{\"@type\":\"ListItem\",\"position\":2,\"name\":\"Louez un bateau\",\"item\":\"https:\\\/\\\/enjoyboats.eu\\\/fr\\\/louez-un-bateau\\\/\"},{\"@type\":\"ListItem\",\"position\":3,\"name\":\"Stingher 380FR\"}]},{\"@type\":\"WebSite\",\"@id\":\"https:\\\/\\\/enjoyboats.eu\\\/fr\\\/#website\",\"url\":\"https:\\\/\\\/enjoyboats.eu\\\/fr\\\/\",\"name\":\"Enjoy Boats\",\"description\":\"Boat rental in the Costa Blanca\",\"publisher\":{\"@id\":\"https:\\\/\\\/enjoyboats.eu\\\/fr\\\/#organization\"},\"alternateName\":\"Enjoy Boats Rental & Sales\",\"potentialAction\":[{\"@type\":\"SearchAction\",\"target\":{\"@type\":\"EntryPoint\",\"urlTemplate\":\"https:\\\/\\\/enjoyboats.eu\\\/fr\\\/?s={search_term_string}\"},\"query-input\":{\"@type\":\"PropertyValueSpecification\",\"valueRequired\":true,\"valueName\":\"search_term_string\"}}],\"inLanguage\":\"fr-FR\"},{\"@type\":\"Organization\",\"@id\":\"https:\\\/\\\/enjoyboats.eu\\\/fr\\\/#organization\",\"name\":\"Enjoy Boats\",\"url\":\"https:\\\/\\\/enjoyboats.eu\\\/fr\\\/\",\"logo\":{\"@type\":\"ImageObject\",\"inLanguage\":\"fr-FR\",\"@id\":\"https:\\\/\\\/enjoyboats.eu\\\/fr\\\/#\\\/schema\\\/logo\\\/image\\\/\",\"url\":\"https:\\\/\\\/enjoyboats.eu\\\/wp-content\\\/uploads\\\/2025\\\/02\\\/EnjoyBoats_Logo.webp\",\"contentUrl\":\"https:\\\/\\\/enjoyboats.eu\\\/wp-content\\\/uploads\\\/2025\\\/02\\\/EnjoyBoats_Logo.webp\",\"width\":591,\"height\":507,\"caption\":\"Enjoy Boats\"},\"image\":{\"@id\":\"https:\\\/\\\/enjoyboats.eu\\\/fr\\\/#\\\/schema\\\/logo\\\/image\\\/\"},\"sameAs\":[\"https:\\\/\\\/www.facebook.com\\\/profile.php?id=61562737064557&mibextid=wwXIfr&rdid=W4C14M5Q5zKVlMlm#\",\"https:\\\/\\\/www.instagram.com\\\/enjoyboatsrentalandsales?igsh=MTZ4NWl1ZTB4NjJlMw&utm_source=website\"]}]}<\/script>\n<!-- \/ Yoast SEO plugin. -->","yoast_head_json":{"title":"Location bateau Altea | Enjoy Boats | Stingher 380FR","description":"Montez \u00e0 bord du Stingher 380FR \u00e0 Altea. Semi-rigide rapide atteignant 50 n\u0153uds, parfait pour des balades c\u00f4ti\u00e8res en toute s\u00e9curit\u00e9 (certification CE).","robots":{"index":"index","follow":"follow","max-snippet":"max-snippet:-1","max-image-preview":"max-image-preview:large","max-video-preview":"max-video-preview:-1"},"canonical":"https:\/\/enjoyboats.eu\/fr\/product\/stingher-380fr\/","og_locale":"fr_FR","og_type":"article","og_title":"Location bateau Altea | Enjoy Boats | Stingher 380FR","og_description":"Montez \u00e0 bord du Stingher 380FR \u00e0 Altea. Semi-rigide rapide atteignant 50 n\u0153uds, parfait pour des balades c\u00f4ti\u00e8res en toute s\u00e9curit\u00e9 (certification CE).","og_url":"https:\/\/enjoyboats.eu\/fr\/product\/stingher-380fr\/","og_site_name":"Enjoy Boats","article_publisher":"https:\/\/www.facebook.com\/profile.php?id=61562737064557&mibextid=wwXIfr&rdid=W4C14M5Q5zKVlMlm#","article_modified_time":"2025-07-09T08:59:52+00:00","og_image":[{"width":2560,"height":1440,"url":"https:\/\/enjoyboats.eu\/wp-content\/uploads\/2025\/02\/DSC07713-scaled.jpg","type":"image\/jpeg"}],"twitter_card":"summary_large_image","twitter_misc":{"Dur\u00e9e de lecture estim\u00e9e":"1 minute"},"schema":{"@context":"https:\/\/schema.org","@graph":[{"@type":"WebPage","@id":"https:\/\/enjoyboats.eu\/fr\/product\/stingher-380fr\/","url":"https:\/\/enjoyboats.eu\/fr\/product\/stingher-380fr\/","name":"Location bateau Altea | Enjoy Boats | Stingher 380FR","isPartOf":{"@id":"https:\/\/enjoyboats.eu\/fr\/#website"},"primaryImageOfPage":{"@id":"https:\/\/enjoyboats.eu\/fr\/product\/stingher-380fr\/#primaryimage"},"image":{"@id":"https:\/\/enjoyboats.eu\/fr\/product\/stingher-380fr\/#primaryimage"},"thumbnailUrl":"https:\/\/enjoyboats.eu\/wp-content\/uploads\/2025\/02\/DSC07713-scaled.jpg","datePublished":"2025-02-07T12:21:17+00:00","dateModified":"2025-07-09T08:59:52+00:00","description":"Montez \u00e0 bord du Stingher 380FR \u00e0 Altea. Semi-rigide rapide atteignant 50 n\u0153uds, parfait pour des balades c\u00f4ti\u00e8res en toute s\u00e9curit\u00e9 (certification CE).","breadcrumb":{"@id":"https:\/\/enjoyboats.eu\/fr\/product\/stingher-380fr\/#breadcrumb"},"inLanguage":"fr-FR","potentialAction":[{"@type":"ReadAction","target":["https:\/\/enjoyboats.eu\/fr\/product\/stingher-380fr\/"]}]},{"@type":"ImageObject","inLanguage":"fr-FR","@id":"https:\/\/enjoyboats.eu\/fr\/product\/stingher-380fr\/#primaryimage","url":"https:\/\/enjoyboats.eu\/wp-content\/uploads\/2025\/02\/DSC07713-scaled.jpg","contentUrl":"https:\/\/enjoyboats.eu\/wp-content\/uploads\/2025\/02\/DSC07713-scaled.jpg","width":2560,"height":1440,"caption":"Stingher 380FR Explore Altea by boat \u2013 Rent a boat today"},{"@type":"BreadcrumbList","@id":"https:\/\/enjoyboats.eu\/fr\/product\/stingher-380fr\/#breadcrumb","itemListElement":[{"@type":"ListItem","position":1,"name":"Home","item":"https:\/\/enjoyboats.eu\/fr\/"},{"@type":"ListItem","position":2,"name":"Louez un bateau","item":"https:\/\/enjoyboats.eu\/fr\/louez-un-bateau\/"},{"@type":"ListItem","position":3,"name":"Stingher 380FR"}]},{"@type":"WebSite","@id":"https:\/\/enjoyboats.eu\/fr\/#website","url":"https:\/\/enjoyboats.eu\/fr\/","name":"Enjoy Boats","description":"Boat rental in the Costa Blanca","publisher":{"@id":"https:\/\/enjoyboats.eu\/fr\/#organization"},"alternateName":"Enjoy Boats Rental & Sales","potentialAction":[{"@type":"SearchAction","target":{"@type":"EntryPoint","urlTemplate":"https:\/\/enjoyboats.eu\/fr\/?s={search_term_string}"},"query-input":{"@type":"PropertyValueSpecification","valueRequired":true,"valueName":"search_term_string"}}],"inLanguage":"fr-FR"},{"@type":"Organization","@id":"https:\/\/enjoyboats.eu\/fr\/#organization","name":"Enjoy Boats","url":"https:\/\/enjoyboats.eu\/fr\/","logo":{"@type":"ImageObject","inLanguage":"fr-FR","@id":"https:\/\/enjoyboats.eu\/fr\/#\/schema\/logo\/image\/","url":"https:\/\/enjoyboats.eu\/wp-content\/uploads\/2025\/02\/EnjoyBoats_Logo.webp","contentUrl":"https:\/\/enjoyboats.eu\/wp-content\/uploads\/2025\/02\/EnjoyBoats_Logo.webp","width":591,"height":507,"caption":"Enjoy Boats"},"image":{"@id":"https:\/\/enjoyboats.eu\/fr\/#\/schema\/logo\/image\/"},"sameAs":["https:\/\/www.facebook.com\/profile.php?id=61562737064557&mibextid=wwXIfr&rdid=W4C14M5Q5zKVlMlm#","https:\/\/www.instagram.com\/enjoyboatsrentalandsales?igsh=MTZ4NWl1ZTB4NjJlMw&utm_source=website"]}]}},"_links":{"self":[{"href":"https:\/\/enjoyboats.eu\/fr\/wp-json\/wp\/v2\/product\/1771","targetHints":{"allow":["GET"]}}],"collection":[{"href":"https:\/\/enjoyboats.eu\/fr\/wp-json\/wp\/v2\/product"}],"about":[{"href":"https:\/\/enjoyboats.eu\/fr\/wp-json\/wp\/v2\/types\/product"}],"wp:featuredmedia":[{"embeddable":true,"href":"https:\/\/enjoyboats.eu\/fr\/wp-json\/wp\/v2\/media\/3457"}],"wp:attachment":[{"href":"https:\/\/enjoyboats.eu\/fr\/wp-json\/wp\/v2\/media?parent=1771"}],"wp:term":[{"taxonomy":"product_brand","embeddable":true,"href":"https:\/\/enjoyboats.eu\/fr\/wp-json\/wp\/v2\/product_brand?post=1771"},{"taxonomy":"product_cat","embeddable":true,"href":"https:\/\/enjoyboats.eu\/fr\/wp-json\/wp\/v2\/product_cat?post=1771"},{"taxonomy":"product_tag","embeddable":true,"href":"https:\/\/enjoyboats.eu\/fr\/wp-json\/wp\/v2\/product_tag?post=1771"}],"curies":[{"name":"wp","href":"https:\/\/api.w.org\/{rel}","templated":true}]}}