{"id":1446,"date":"2025-02-07T12:00:26","date_gmt":"2025-02-07T11:00:26","guid":{"rendered":"https:\/\/enjoyboats.eu\/?post_type=product&#038;p=1446"},"modified":"2025-07-09T11:02:56","modified_gmt":"2025-07-09T09:02:56","slug":"predator-700p","status":"publish","type":"product","link":"https:\/\/enjoyboats.eu\/fr\/product\/predator-700p\/","title":{"rendered":"Predator 700P"},"content":{"rendered":"<p>Dernier n\u00e9 de l&rsquo;usine Italboats, l&rsquo;Italboats 700 combine la navigation de jour et la performance offshore pour cr\u00e9er le meilleur semi-rigide de 7 m. Il fait partie de la gamme Predator. Faisant partie de la gamme Predator, le mod\u00e8le 700 offre un rapport qualit\u00e9\/prix exceptionnel avec un m\u00e9lange de caract\u00e9ristiques \u00e9tonnantes qui en font vraiment un bateau de jour sur lequel toute la famille peut passer du temps et s&rsquo;amuser. Les bateaux Italboats sont tous construits \u00e0 la main en ITALIE et sont largement consid\u00e9r\u00e9s comme l&rsquo;une des marques les plus populaires en Europe. L&rsquo;usine Italboats construit des bateaux depuis 1987, ce qui lui conf\u00e8re plus de 33 ans d&rsquo;exp\u00e9rience dans la construction de bateaux.<\/p>\n","protected":false},"excerpt":{"rendered":"<p>Combine la navigation de jour et la performance en mer pour cr\u00e9er le meilleur semi-rigide de 7m.<\/p>\n","protected":false},"featured_media":3462,"template":"","meta":{"_acf_changed":false},"product_brand":[],"product_cat":[293,297,215],"product_tag":[],"class_list":{"0":"post-1446","1":"product","2":"type-product","3":"status-publish","4":"has-post-thumbnail","6":"product_cat-louer","7":"product_cat-a-vendre","8":"product_cat-predator-fr","9":"pa_persons-8-fr","12":"first","13":"instock","14":"virtual","15":"sold-individually","16":"purchasable","17":"product-type-booking"},"booking_location":"","booking_location_type":"","booking_duration":1,"booking_duration_unit":"hour","booking_buffer":0,"booking_cost":280,"booking_resources":[1069,1068],"acf":[],"yoast_head":"<!-- This site is optimized with the Yoast SEO plugin v27.5 - https:\/\/yoast.com\/product\/yoast-seo-wordpress\/ -->\n<title>Location bateau Altea | Enjoy Boats | Predator 700P<\/title>\n<meta name=\"description\" content=\"Partez \u00e0 l\u2019aventure avec le Predator 700P, un semi-rigide haut de gamme id\u00e9al pour explorer la Costa Blanca depuis Altea avec \u00e9l\u00e9gance et puissance.\" \/>\n<meta name=\"robots\" content=\"index, follow, max-snippet:-1, max-image-preview:large, max-video-preview:-1\" \/>\n<link rel=\"canonical\" href=\"https:\/\/enjoyboats.eu\/fr\/product\/predator-700p\/\" \/>\n<meta property=\"og:locale\" content=\"fr_FR\" \/>\n<meta property=\"og:type\" content=\"article\" \/>\n<meta property=\"og:title\" content=\"Location bateau Altea | Enjoy Boats | Predator 700P\" \/>\n<meta property=\"og:description\" content=\"Partez \u00e0 l\u2019aventure avec le Predator 700P, un semi-rigide haut de gamme id\u00e9al pour explorer la Costa Blanca depuis Altea avec \u00e9l\u00e9gance et puissance.\" \/>\n<meta property=\"og:url\" content=\"https:\/\/enjoyboats.eu\/fr\/product\/predator-700p\/\" \/>\n<meta property=\"og:site_name\" content=\"Enjoy Boats\" \/>\n<meta property=\"article:publisher\" content=\"https:\/\/www.facebook.com\/profile.php?id=61562737064557&amp;mibextid=wwXIfr&amp;rdid=W4C14M5Q5zKVlMlm#\" \/>\n<meta property=\"article:modified_time\" content=\"2025-07-09T09:02:56+00:00\" \/>\n<meta property=\"og:image\" content=\"https:\/\/enjoyboats.eu\/wp-content\/uploads\/2025\/02\/DSC07362-scaled-e1750412711204.jpg\" \/>\n\t<meta property=\"og:image:width\" content=\"2560\" \/>\n\t<meta property=\"og:image:height\" content=\"1440\" \/>\n\t<meta property=\"og:image:type\" content=\"image\/jpeg\" \/>\n<meta name=\"twitter:card\" content=\"summary_large_image\" \/>\n<meta name=\"twitter:label1\" content=\"Dur\u00e9e de lecture estim\u00e9e\" \/>\n\t<meta name=\"twitter:data1\" content=\"1 minute\" \/>\n<script type=\"application\/ld+json\" class=\"yoast-schema-graph\">{\"@context\":\"https:\\\/\\\/schema.org\",\"@graph\":[{\"@type\":\"WebPage\",\"@id\":\"https:\\\/\\\/enjoyboats.eu\\\/fr\\\/product\\\/predator-700p\\\/\",\"url\":\"https:\\\/\\\/enjoyboats.eu\\\/fr\\\/product\\\/predator-700p\\\/\",\"name\":\"Location bateau Altea | Enjoy Boats | Predator 700P\",\"isPartOf\":{\"@id\":\"https:\\\/\\\/enjoyboats.eu\\\/fr\\\/#website\"},\"primaryImageOfPage\":{\"@id\":\"https:\\\/\\\/enjoyboats.eu\\\/fr\\\/product\\\/predator-700p\\\/#primaryimage\"},\"image\":{\"@id\":\"https:\\\/\\\/enjoyboats.eu\\\/fr\\\/product\\\/predator-700p\\\/#primaryimage\"},\"thumbnailUrl\":\"https:\\\/\\\/enjoyboats.eu\\\/wp-content\\\/uploads\\\/2025\\\/02\\\/DSC07362-scaled-e1750412711204.jpg\",\"datePublished\":\"2025-02-07T11:00:26+00:00\",\"dateModified\":\"2025-07-09T09:02:56+00:00\",\"description\":\"Partez \u00e0 l\u2019aventure avec le Predator 700P, un semi-rigide haut de gamme id\u00e9al pour explorer la Costa Blanca depuis Altea avec \u00e9l\u00e9gance et puissance.\",\"breadcrumb\":{\"@id\":\"https:\\\/\\\/enjoyboats.eu\\\/fr\\\/product\\\/predator-700p\\\/#breadcrumb\"},\"inLanguage\":\"fr-FR\",\"potentialAction\":[{\"@type\":\"ReadAction\",\"target\":[\"https:\\\/\\\/enjoyboats.eu\\\/fr\\\/product\\\/predator-700p\\\/\"]}]},{\"@type\":\"ImageObject\",\"inLanguage\":\"fr-FR\",\"@id\":\"https:\\\/\\\/enjoyboats.eu\\\/fr\\\/product\\\/predator-700p\\\/#primaryimage\",\"url\":\"https:\\\/\\\/enjoyboats.eu\\\/wp-content\\\/uploads\\\/2025\\\/02\\\/DSC07362-scaled-e1750412711204.jpg\",\"contentUrl\":\"https:\\\/\\\/enjoyboats.eu\\\/wp-content\\\/uploads\\\/2025\\\/02\\\/DSC07362-scaled-e1750412711204.jpg\",\"width\":2560,\"height\":1440,\"caption\":\"location bateau Altea Costa Blanca\"},{\"@type\":\"BreadcrumbList\",\"@id\":\"https:\\\/\\\/enjoyboats.eu\\\/fr\\\/product\\\/predator-700p\\\/#breadcrumb\",\"itemListElement\":[{\"@type\":\"ListItem\",\"position\":1,\"name\":\"Home\",\"item\":\"https:\\\/\\\/enjoyboats.eu\\\/fr\\\/\"},{\"@type\":\"ListItem\",\"position\":2,\"name\":\"Louez un bateau\",\"item\":\"https:\\\/\\\/enjoyboats.eu\\\/fr\\\/louez-un-bateau\\\/\"},{\"@type\":\"ListItem\",\"position\":3,\"name\":\"Predator 700P\"}]},{\"@type\":\"WebSite\",\"@id\":\"https:\\\/\\\/enjoyboats.eu\\\/fr\\\/#website\",\"url\":\"https:\\\/\\\/enjoyboats.eu\\\/fr\\\/\",\"name\":\"Enjoy Boats\",\"description\":\"Boat rental in the Costa Blanca\",\"publisher\":{\"@id\":\"https:\\\/\\\/enjoyboats.eu\\\/fr\\\/#organization\"},\"alternateName\":\"Enjoy Boats Rental & Sales\",\"potentialAction\":[{\"@type\":\"SearchAction\",\"target\":{\"@type\":\"EntryPoint\",\"urlTemplate\":\"https:\\\/\\\/enjoyboats.eu\\\/fr\\\/?s={search_term_string}\"},\"query-input\":{\"@type\":\"PropertyValueSpecification\",\"valueRequired\":true,\"valueName\":\"search_term_string\"}}],\"inLanguage\":\"fr-FR\"},{\"@type\":\"Organization\",\"@id\":\"https:\\\/\\\/enjoyboats.eu\\\/fr\\\/#organization\",\"name\":\"Enjoy Boats\",\"url\":\"https:\\\/\\\/enjoyboats.eu\\\/fr\\\/\",\"logo\":{\"@type\":\"ImageObject\",\"inLanguage\":\"fr-FR\",\"@id\":\"https:\\\/\\\/enjoyboats.eu\\\/fr\\\/#\\\/schema\\\/logo\\\/image\\\/\",\"url\":\"https:\\\/\\\/enjoyboats.eu\\\/wp-content\\\/uploads\\\/2025\\\/02\\\/EnjoyBoats_Logo.webp\",\"contentUrl\":\"https:\\\/\\\/enjoyboats.eu\\\/wp-content\\\/uploads\\\/2025\\\/02\\\/EnjoyBoats_Logo.webp\",\"width\":591,\"height\":507,\"caption\":\"Enjoy Boats\"},\"image\":{\"@id\":\"https:\\\/\\\/enjoyboats.eu\\\/fr\\\/#\\\/schema\\\/logo\\\/image\\\/\"},\"sameAs\":[\"https:\\\/\\\/www.facebook.com\\\/profile.php?id=61562737064557&mibextid=wwXIfr&rdid=W4C14M5Q5zKVlMlm#\",\"https:\\\/\\\/www.instagram.com\\\/enjoyboatsrentalandsales?igsh=MTZ4NWl1ZTB4NjJlMw&utm_source=website\"]}]}<\/script>\n<!-- \/ Yoast SEO plugin. -->","yoast_head_json":{"title":"Location bateau Altea | Enjoy Boats | Predator 700P","description":"Partez \u00e0 l\u2019aventure avec le Predator 700P, un semi-rigide haut de gamme id\u00e9al pour explorer la Costa Blanca depuis Altea avec \u00e9l\u00e9gance et puissance.","robots":{"index":"index","follow":"follow","max-snippet":"max-snippet:-1","max-image-preview":"max-image-preview:large","max-video-preview":"max-video-preview:-1"},"canonical":"https:\/\/enjoyboats.eu\/fr\/product\/predator-700p\/","og_locale":"fr_FR","og_type":"article","og_title":"Location bateau Altea | Enjoy Boats | Predator 700P","og_description":"Partez \u00e0 l\u2019aventure avec le Predator 700P, un semi-rigide haut de gamme id\u00e9al pour explorer la Costa Blanca depuis Altea avec \u00e9l\u00e9gance et puissance.","og_url":"https:\/\/enjoyboats.eu\/fr\/product\/predator-700p\/","og_site_name":"Enjoy Boats","article_publisher":"https:\/\/www.facebook.com\/profile.php?id=61562737064557&mibextid=wwXIfr&rdid=W4C14M5Q5zKVlMlm#","article_modified_time":"2025-07-09T09:02:56+00:00","og_image":[{"width":2560,"height":1440,"url":"https:\/\/enjoyboats.eu\/wp-content\/uploads\/2025\/02\/DSC07362-scaled-e1750412711204.jpg","type":"image\/jpeg"}],"twitter_card":"summary_large_image","twitter_misc":{"Dur\u00e9e de lecture estim\u00e9e":"1 minute"},"schema":{"@context":"https:\/\/schema.org","@graph":[{"@type":"WebPage","@id":"https:\/\/enjoyboats.eu\/fr\/product\/predator-700p\/","url":"https:\/\/enjoyboats.eu\/fr\/product\/predator-700p\/","name":"Location bateau Altea | Enjoy Boats | Predator 700P","isPartOf":{"@id":"https:\/\/enjoyboats.eu\/fr\/#website"},"primaryImageOfPage":{"@id":"https:\/\/enjoyboats.eu\/fr\/product\/predator-700p\/#primaryimage"},"image":{"@id":"https:\/\/enjoyboats.eu\/fr\/product\/predator-700p\/#primaryimage"},"thumbnailUrl":"https:\/\/enjoyboats.eu\/wp-content\/uploads\/2025\/02\/DSC07362-scaled-e1750412711204.jpg","datePublished":"2025-02-07T11:00:26+00:00","dateModified":"2025-07-09T09:02:56+00:00","description":"Partez \u00e0 l\u2019aventure avec le Predator 700P, un semi-rigide haut de gamme id\u00e9al pour explorer la Costa Blanca depuis Altea avec \u00e9l\u00e9gance et puissance.","breadcrumb":{"@id":"https:\/\/enjoyboats.eu\/fr\/product\/predator-700p\/#breadcrumb"},"inLanguage":"fr-FR","potentialAction":[{"@type":"ReadAction","target":["https:\/\/enjoyboats.eu\/fr\/product\/predator-700p\/"]}]},{"@type":"ImageObject","inLanguage":"fr-FR","@id":"https:\/\/enjoyboats.eu\/fr\/product\/predator-700p\/#primaryimage","url":"https:\/\/enjoyboats.eu\/wp-content\/uploads\/2025\/02\/DSC07362-scaled-e1750412711204.jpg","contentUrl":"https:\/\/enjoyboats.eu\/wp-content\/uploads\/2025\/02\/DSC07362-scaled-e1750412711204.jpg","width":2560,"height":1440,"caption":"location bateau Altea Costa Blanca"},{"@type":"BreadcrumbList","@id":"https:\/\/enjoyboats.eu\/fr\/product\/predator-700p\/#breadcrumb","itemListElement":[{"@type":"ListItem","position":1,"name":"Home","item":"https:\/\/enjoyboats.eu\/fr\/"},{"@type":"ListItem","position":2,"name":"Louez un bateau","item":"https:\/\/enjoyboats.eu\/fr\/louez-un-bateau\/"},{"@type":"ListItem","position":3,"name":"Predator 700P"}]},{"@type":"WebSite","@id":"https:\/\/enjoyboats.eu\/fr\/#website","url":"https:\/\/enjoyboats.eu\/fr\/","name":"Enjoy Boats","description":"Boat rental in the Costa Blanca","publisher":{"@id":"https:\/\/enjoyboats.eu\/fr\/#organization"},"alternateName":"Enjoy Boats Rental & Sales","potentialAction":[{"@type":"SearchAction","target":{"@type":"EntryPoint","urlTemplate":"https:\/\/enjoyboats.eu\/fr\/?s={search_term_string}"},"query-input":{"@type":"PropertyValueSpecification","valueRequired":true,"valueName":"search_term_string"}}],"inLanguage":"fr-FR"},{"@type":"Organization","@id":"https:\/\/enjoyboats.eu\/fr\/#organization","name":"Enjoy Boats","url":"https:\/\/enjoyboats.eu\/fr\/","logo":{"@type":"ImageObject","inLanguage":"fr-FR","@id":"https:\/\/enjoyboats.eu\/fr\/#\/schema\/logo\/image\/","url":"https:\/\/enjoyboats.eu\/wp-content\/uploads\/2025\/02\/EnjoyBoats_Logo.webp","contentUrl":"https:\/\/enjoyboats.eu\/wp-content\/uploads\/2025\/02\/EnjoyBoats_Logo.webp","width":591,"height":507,"caption":"Enjoy Boats"},"image":{"@id":"https:\/\/enjoyboats.eu\/fr\/#\/schema\/logo\/image\/"},"sameAs":["https:\/\/www.facebook.com\/profile.php?id=61562737064557&mibextid=wwXIfr&rdid=W4C14M5Q5zKVlMlm#","https:\/\/www.instagram.com\/enjoyboatsrentalandsales?igsh=MTZ4NWl1ZTB4NjJlMw&utm_source=website"]}]}},"_links":{"self":[{"href":"https:\/\/enjoyboats.eu\/fr\/wp-json\/wp\/v2\/product\/1446","targetHints":{"allow":["GET"]}}],"collection":[{"href":"https:\/\/enjoyboats.eu\/fr\/wp-json\/wp\/v2\/product"}],"about":[{"href":"https:\/\/enjoyboats.eu\/fr\/wp-json\/wp\/v2\/types\/product"}],"wp:featuredmedia":[{"embeddable":true,"href":"https:\/\/enjoyboats.eu\/fr\/wp-json\/wp\/v2\/media\/3462"}],"wp:attachment":[{"href":"https:\/\/enjoyboats.eu\/fr\/wp-json\/wp\/v2\/media?parent=1446"}],"wp:term":[{"taxonomy":"product_brand","embeddable":true,"href":"https:\/\/enjoyboats.eu\/fr\/wp-json\/wp\/v2\/product_brand?post=1446"},{"taxonomy":"product_cat","embeddable":true,"href":"https:\/\/enjoyboats.eu\/fr\/wp-json\/wp\/v2\/product_cat?post=1446"},{"taxonomy":"product_tag","embeddable":true,"href":"https:\/\/enjoyboats.eu\/fr\/wp-json\/wp\/v2\/product_tag?post=1446"}],"curies":[{"name":"wp","href":"https:\/\/api.w.org\/{rel}","templated":true}]}}