{"id":1245,"date":"2025-01-27T12:26:01","date_gmt":"2025-01-27T11:26:01","guid":{"rendered":"https:\/\/enjoyboats.erikdiks.nl\/product\/stingher-28gt\/"},"modified":"2025-07-09T11:04:37","modified_gmt":"2025-07-09T09:04:37","slug":"stingher-28gt","status":"publish","type":"product","link":"https:\/\/enjoyboats.eu\/fr\/product\/stingher-28gt\/","title":{"rendered":"Stingher 28GT"},"content":{"rendered":"<p>Le Stingher 28 GT est le mod\u00e8le phare de la gamme GT, repr\u00e9sentant l&rsquo;expression ultime du style, du confort et de la performance selon Italboats.<\/p>\n<p>La coque est de conception nouvelle : \u00e9volution du c\u00e9l\u00e8bre 27 GT, elle pr\u00e9sente un V beaucoup plus profond avec une incidence variable, ce qui garantit une navigation exceptionnellement s\u00e8che et douce, m\u00eame par mer form\u00e9e, tout en assurant une maniabilit\u00e9 impeccable.<\/p>\n<p>Gr\u00e2ce \u00e0 la largeur int\u00e9rieure impressionnante de 190 cm, il a \u00e9t\u00e9 possible de cr\u00e9er une d\u00eenette arri\u00e8re confortable et deux grands bains de soleil.<\/p>\n<p>La console de pilotage est \u00e9quip\u00e9e d&rsquo;un grand tableau de bord pour l&rsquo;installation des instruments de navigation tels que le GPS jusqu&rsquo;\u00e0 12&Prime;, la radio VHF, la st\u00e9r\u00e9o et d&rsquo;autres commandes. A l&rsquo;avant, il y a une grande porte avec des si\u00e8ges int\u00e9gr\u00e9s, qui, lorsqu&rsquo;elle est ouverte, r\u00e9v\u00e8le un espace toilettes\/dressing complet avec des toilettes \u00e9lectriques \u00e0 chasse d&rsquo;eau et une douche au plafond.<\/p>\n<p>La position du si\u00e8ge du conducteur est extr\u00eamement confortable et, gr\u00e2ce au double si\u00e8ge inclinable, permet de conduire debout ou assis tout en conservant une excellente vue \u00e0 tout moment pendant la croisi\u00e8re. Le si\u00e8ge abrite un r\u00e9frig\u00e9rateur de 50 litres en acier inoxydable, un \u00e9vier en acier inoxydable et une cuisini\u00e8re \u00e0 gaz ou \u00e9lectrique en option.<\/p>\n<p>\u00c0 l&rsquo;arri\u00e8re se trouve une salle \u00e0 manger avec une table en teck pouvant accueillir confortablement 5 personnes, convertible en un second grand bain de soleil en plus de celui de la proue. le dossier arri\u00e8re peut \u00eatre enti\u00e8rement rabattu, ce qui \u00e9largit encore le bain de soleil et facilite l&rsquo;acc\u00e8s au pont.<\/p>\n","protected":false},"excerpt":{"rendered":"<p>Il repr\u00e9sente l&rsquo;expression ultime du style, du confort et de la performance selon Italboats.<\/p>\n","protected":false},"featured_media":3482,"template":"","meta":{"_acf_changed":false},"product_brand":[],"product_cat":[293,297,87],"product_tag":[],"class_list":{"0":"post-1245","1":"product","2":"type-product","3":"status-publish","4":"has-post-thumbnail","6":"product_cat-louer","7":"product_cat-a-vendre","8":"product_cat-stingher-fr","9":"pa_persons-11-fr","12":"first","13":"instock","14":"virtual","15":"sold-individually","16":"purchasable","17":"product-type-booking"},"booking_location":"","booking_location_type":"","booking_duration":1,"booking_duration_unit":"hour","booking_buffer":0,"booking_cost":558,"booking_resources":[1069,1068],"acf":[],"yoast_head":"<!-- This site is optimized with the Yoast SEO plugin v27.5 - https:\/\/yoast.com\/product\/yoast-seo-wordpress\/ -->\n<title>Location bateau Altea | Enjoy Boats | Stingher 28GT<\/title>\n<meta name=\"description\" content=\"Vivez une journ\u00e9e inoubliable \u00e0 Altea \u00e0 bord du Stingher 28GT. Confort, navigation fluide, et design spacieux pour une exp\u00e9rience premium sur la mer.\" \/>\n<meta name=\"robots\" content=\"index, follow, max-snippet:-1, max-image-preview:large, max-video-preview:-1\" \/>\n<link rel=\"canonical\" href=\"https:\/\/enjoyboats.eu\/fr\/product\/stingher-28gt\/\" \/>\n<meta property=\"og:locale\" content=\"fr_FR\" \/>\n<meta property=\"og:type\" content=\"article\" \/>\n<meta property=\"og:title\" content=\"Location bateau Altea | Enjoy Boats | Stingher 28GT\" \/>\n<meta property=\"og:description\" content=\"Vivez une journ\u00e9e inoubliable \u00e0 Altea \u00e0 bord du Stingher 28GT. Confort, navigation fluide, et design spacieux pour une exp\u00e9rience premium sur la mer.\" \/>\n<meta property=\"og:url\" content=\"https:\/\/enjoyboats.eu\/fr\/product\/stingher-28gt\/\" \/>\n<meta property=\"og:site_name\" content=\"Enjoy Boats\" \/>\n<meta property=\"article:publisher\" content=\"https:\/\/www.facebook.com\/profile.php?id=61562737064557&amp;mibextid=wwXIfr&amp;rdid=W4C14M5Q5zKVlMlm#\" \/>\n<meta property=\"article:modified_time\" content=\"2025-07-09T09:04:37+00:00\" \/>\n<meta property=\"og:image\" content=\"https:\/\/enjoyboats.eu\/wp-content\/uploads\/2025\/01\/DSC07603-scaled-e1750413068764.jpg\" \/>\n\t<meta property=\"og:image:width\" content=\"2560\" \/>\n\t<meta property=\"og:image:height\" content=\"1440\" \/>\n\t<meta property=\"og:image:type\" content=\"image\/jpeg\" \/>\n<meta name=\"twitter:card\" content=\"summary_large_image\" \/>\n<meta name=\"twitter:label1\" content=\"Dur\u00e9e de lecture estim\u00e9e\" \/>\n\t<meta name=\"twitter:data1\" content=\"2 minutes\" \/>\n<script type=\"application\/ld+json\" class=\"yoast-schema-graph\">{\"@context\":\"https:\\\/\\\/schema.org\",\"@graph\":[{\"@type\":\"WebPage\",\"@id\":\"https:\\\/\\\/enjoyboats.eu\\\/fr\\\/product\\\/stingher-28gt\\\/\",\"url\":\"https:\\\/\\\/enjoyboats.eu\\\/fr\\\/product\\\/stingher-28gt\\\/\",\"name\":\"Location bateau Altea | Enjoy Boats | Stingher 28GT\",\"isPartOf\":{\"@id\":\"https:\\\/\\\/enjoyboats.eu\\\/fr\\\/#website\"},\"primaryImageOfPage\":{\"@id\":\"https:\\\/\\\/enjoyboats.eu\\\/fr\\\/product\\\/stingher-28gt\\\/#primaryimage\"},\"image\":{\"@id\":\"https:\\\/\\\/enjoyboats.eu\\\/fr\\\/product\\\/stingher-28gt\\\/#primaryimage\"},\"thumbnailUrl\":\"https:\\\/\\\/enjoyboats.eu\\\/wp-content\\\/uploads\\\/2025\\\/01\\\/DSC07603-scaled-e1750413068764.jpg\",\"datePublished\":\"2025-01-27T11:26:01+00:00\",\"dateModified\":\"2025-07-09T09:04:37+00:00\",\"description\":\"Vivez une journ\u00e9e inoubliable \u00e0 Altea \u00e0 bord du Stingher 28GT. Confort, navigation fluide, et design spacieux pour une exp\u00e9rience premium sur la mer.\",\"breadcrumb\":{\"@id\":\"https:\\\/\\\/enjoyboats.eu\\\/fr\\\/product\\\/stingher-28gt\\\/#breadcrumb\"},\"inLanguage\":\"fr-FR\",\"potentialAction\":[{\"@type\":\"ReadAction\",\"target\":[\"https:\\\/\\\/enjoyboats.eu\\\/fr\\\/product\\\/stingher-28gt\\\/\"]}]},{\"@type\":\"ImageObject\",\"inLanguage\":\"fr-FR\",\"@id\":\"https:\\\/\\\/enjoyboats.eu\\\/fr\\\/product\\\/stingher-28gt\\\/#primaryimage\",\"url\":\"https:\\\/\\\/enjoyboats.eu\\\/wp-content\\\/uploads\\\/2025\\\/01\\\/DSC07603-scaled-e1750413068764.jpg\",\"contentUrl\":\"https:\\\/\\\/enjoyboats.eu\\\/wp-content\\\/uploads\\\/2025\\\/01\\\/DSC07603-scaled-e1750413068764.jpg\",\"width\":2560,\"height\":1440,\"caption\":\"Italboat available for rental in Altea\"},{\"@type\":\"BreadcrumbList\",\"@id\":\"https:\\\/\\\/enjoyboats.eu\\\/fr\\\/product\\\/stingher-28gt\\\/#breadcrumb\",\"itemListElement\":[{\"@type\":\"ListItem\",\"position\":1,\"name\":\"Home\",\"item\":\"https:\\\/\\\/enjoyboats.eu\\\/fr\\\/\"},{\"@type\":\"ListItem\",\"position\":2,\"name\":\"Louez un bateau\",\"item\":\"https:\\\/\\\/enjoyboats.eu\\\/fr\\\/louez-un-bateau\\\/\"},{\"@type\":\"ListItem\",\"position\":3,\"name\":\"Stingher 28GT\"}]},{\"@type\":\"WebSite\",\"@id\":\"https:\\\/\\\/enjoyboats.eu\\\/fr\\\/#website\",\"url\":\"https:\\\/\\\/enjoyboats.eu\\\/fr\\\/\",\"name\":\"Enjoy Boats\",\"description\":\"Boat rental in the Costa Blanca\",\"publisher\":{\"@id\":\"https:\\\/\\\/enjoyboats.eu\\\/fr\\\/#organization\"},\"alternateName\":\"Enjoy Boats Rental & Sales\",\"potentialAction\":[{\"@type\":\"SearchAction\",\"target\":{\"@type\":\"EntryPoint\",\"urlTemplate\":\"https:\\\/\\\/enjoyboats.eu\\\/fr\\\/?s={search_term_string}\"},\"query-input\":{\"@type\":\"PropertyValueSpecification\",\"valueRequired\":true,\"valueName\":\"search_term_string\"}}],\"inLanguage\":\"fr-FR\"},{\"@type\":\"Organization\",\"@id\":\"https:\\\/\\\/enjoyboats.eu\\\/fr\\\/#organization\",\"name\":\"Enjoy Boats\",\"url\":\"https:\\\/\\\/enjoyboats.eu\\\/fr\\\/\",\"logo\":{\"@type\":\"ImageObject\",\"inLanguage\":\"fr-FR\",\"@id\":\"https:\\\/\\\/enjoyboats.eu\\\/fr\\\/#\\\/schema\\\/logo\\\/image\\\/\",\"url\":\"https:\\\/\\\/enjoyboats.eu\\\/wp-content\\\/uploads\\\/2025\\\/02\\\/EnjoyBoats_Logo.webp\",\"contentUrl\":\"https:\\\/\\\/enjoyboats.eu\\\/wp-content\\\/uploads\\\/2025\\\/02\\\/EnjoyBoats_Logo.webp\",\"width\":591,\"height\":507,\"caption\":\"Enjoy Boats\"},\"image\":{\"@id\":\"https:\\\/\\\/enjoyboats.eu\\\/fr\\\/#\\\/schema\\\/logo\\\/image\\\/\"},\"sameAs\":[\"https:\\\/\\\/www.facebook.com\\\/profile.php?id=61562737064557&mibextid=wwXIfr&rdid=W4C14M5Q5zKVlMlm#\",\"https:\\\/\\\/www.instagram.com\\\/enjoyboatsrentalandsales?igsh=MTZ4NWl1ZTB4NjJlMw&utm_source=website\"]}]}<\/script>\n<!-- \/ Yoast SEO plugin. -->","yoast_head_json":{"title":"Location bateau Altea | Enjoy Boats | Stingher 28GT","description":"Vivez une journ\u00e9e inoubliable \u00e0 Altea \u00e0 bord du Stingher 28GT. Confort, navigation fluide, et design spacieux pour une exp\u00e9rience premium sur la mer.","robots":{"index":"index","follow":"follow","max-snippet":"max-snippet:-1","max-image-preview":"max-image-preview:large","max-video-preview":"max-video-preview:-1"},"canonical":"https:\/\/enjoyboats.eu\/fr\/product\/stingher-28gt\/","og_locale":"fr_FR","og_type":"article","og_title":"Location bateau Altea | Enjoy Boats | Stingher 28GT","og_description":"Vivez une journ\u00e9e inoubliable \u00e0 Altea \u00e0 bord du Stingher 28GT. Confort, navigation fluide, et design spacieux pour une exp\u00e9rience premium sur la mer.","og_url":"https:\/\/enjoyboats.eu\/fr\/product\/stingher-28gt\/","og_site_name":"Enjoy Boats","article_publisher":"https:\/\/www.facebook.com\/profile.php?id=61562737064557&mibextid=wwXIfr&rdid=W4C14M5Q5zKVlMlm#","article_modified_time":"2025-07-09T09:04:37+00:00","og_image":[{"width":2560,"height":1440,"url":"https:\/\/enjoyboats.eu\/wp-content\/uploads\/2025\/01\/DSC07603-scaled-e1750413068764.jpg","type":"image\/jpeg"}],"twitter_card":"summary_large_image","twitter_misc":{"Dur\u00e9e de lecture estim\u00e9e":"2 minutes"},"schema":{"@context":"https:\/\/schema.org","@graph":[{"@type":"WebPage","@id":"https:\/\/enjoyboats.eu\/fr\/product\/stingher-28gt\/","url":"https:\/\/enjoyboats.eu\/fr\/product\/stingher-28gt\/","name":"Location bateau Altea | Enjoy Boats | Stingher 28GT","isPartOf":{"@id":"https:\/\/enjoyboats.eu\/fr\/#website"},"primaryImageOfPage":{"@id":"https:\/\/enjoyboats.eu\/fr\/product\/stingher-28gt\/#primaryimage"},"image":{"@id":"https:\/\/enjoyboats.eu\/fr\/product\/stingher-28gt\/#primaryimage"},"thumbnailUrl":"https:\/\/enjoyboats.eu\/wp-content\/uploads\/2025\/01\/DSC07603-scaled-e1750413068764.jpg","datePublished":"2025-01-27T11:26:01+00:00","dateModified":"2025-07-09T09:04:37+00:00","description":"Vivez une journ\u00e9e inoubliable \u00e0 Altea \u00e0 bord du Stingher 28GT. Confort, navigation fluide, et design spacieux pour une exp\u00e9rience premium sur la mer.","breadcrumb":{"@id":"https:\/\/enjoyboats.eu\/fr\/product\/stingher-28gt\/#breadcrumb"},"inLanguage":"fr-FR","potentialAction":[{"@type":"ReadAction","target":["https:\/\/enjoyboats.eu\/fr\/product\/stingher-28gt\/"]}]},{"@type":"ImageObject","inLanguage":"fr-FR","@id":"https:\/\/enjoyboats.eu\/fr\/product\/stingher-28gt\/#primaryimage","url":"https:\/\/enjoyboats.eu\/wp-content\/uploads\/2025\/01\/DSC07603-scaled-e1750413068764.jpg","contentUrl":"https:\/\/enjoyboats.eu\/wp-content\/uploads\/2025\/01\/DSC07603-scaled-e1750413068764.jpg","width":2560,"height":1440,"caption":"Italboat available for rental in Altea"},{"@type":"BreadcrumbList","@id":"https:\/\/enjoyboats.eu\/fr\/product\/stingher-28gt\/#breadcrumb","itemListElement":[{"@type":"ListItem","position":1,"name":"Home","item":"https:\/\/enjoyboats.eu\/fr\/"},{"@type":"ListItem","position":2,"name":"Louez un bateau","item":"https:\/\/enjoyboats.eu\/fr\/louez-un-bateau\/"},{"@type":"ListItem","position":3,"name":"Stingher 28GT"}]},{"@type":"WebSite","@id":"https:\/\/enjoyboats.eu\/fr\/#website","url":"https:\/\/enjoyboats.eu\/fr\/","name":"Enjoy Boats","description":"Boat rental in the Costa Blanca","publisher":{"@id":"https:\/\/enjoyboats.eu\/fr\/#organization"},"alternateName":"Enjoy Boats Rental & Sales","potentialAction":[{"@type":"SearchAction","target":{"@type":"EntryPoint","urlTemplate":"https:\/\/enjoyboats.eu\/fr\/?s={search_term_string}"},"query-input":{"@type":"PropertyValueSpecification","valueRequired":true,"valueName":"search_term_string"}}],"inLanguage":"fr-FR"},{"@type":"Organization","@id":"https:\/\/enjoyboats.eu\/fr\/#organization","name":"Enjoy Boats","url":"https:\/\/enjoyboats.eu\/fr\/","logo":{"@type":"ImageObject","inLanguage":"fr-FR","@id":"https:\/\/enjoyboats.eu\/fr\/#\/schema\/logo\/image\/","url":"https:\/\/enjoyboats.eu\/wp-content\/uploads\/2025\/02\/EnjoyBoats_Logo.webp","contentUrl":"https:\/\/enjoyboats.eu\/wp-content\/uploads\/2025\/02\/EnjoyBoats_Logo.webp","width":591,"height":507,"caption":"Enjoy Boats"},"image":{"@id":"https:\/\/enjoyboats.eu\/fr\/#\/schema\/logo\/image\/"},"sameAs":["https:\/\/www.facebook.com\/profile.php?id=61562737064557&mibextid=wwXIfr&rdid=W4C14M5Q5zKVlMlm#","https:\/\/www.instagram.com\/enjoyboatsrentalandsales?igsh=MTZ4NWl1ZTB4NjJlMw&utm_source=website"]}]}},"_links":{"self":[{"href":"https:\/\/enjoyboats.eu\/fr\/wp-json\/wp\/v2\/product\/1245","targetHints":{"allow":["GET"]}}],"collection":[{"href":"https:\/\/enjoyboats.eu\/fr\/wp-json\/wp\/v2\/product"}],"about":[{"href":"https:\/\/enjoyboats.eu\/fr\/wp-json\/wp\/v2\/types\/product"}],"wp:featuredmedia":[{"embeddable":true,"href":"https:\/\/enjoyboats.eu\/fr\/wp-json\/wp\/v2\/media\/3482"}],"wp:attachment":[{"href":"https:\/\/enjoyboats.eu\/fr\/wp-json\/wp\/v2\/media?parent=1245"}],"wp:term":[{"taxonomy":"product_brand","embeddable":true,"href":"https:\/\/enjoyboats.eu\/fr\/wp-json\/wp\/v2\/product_brand?post=1245"},{"taxonomy":"product_cat","embeddable":true,"href":"https:\/\/enjoyboats.eu\/fr\/wp-json\/wp\/v2\/product_cat?post=1245"},{"taxonomy":"product_tag","embeddable":true,"href":"https:\/\/enjoyboats.eu\/fr\/wp-json\/wp\/v2\/product_tag?post=1245"}],"curies":[{"name":"wp","href":"https:\/\/api.w.org\/{rel}","templated":true}]}}