{"id":2320,"date":"2025-03-18T18:47:24","date_gmt":"2025-03-18T17:47:24","guid":{"rendered":"https:\/\/enjoyboats.eu\/consultez-nos-bateaux-a-vendre\/"},"modified":"2026-04-13T19:05:37","modified_gmt":"2026-04-13T17:05:37","slug":"consultez-nos-bateaux-a-vendre","status":"publish","type":"page","link":"https:\/\/enjoyboats.eu\/fr\/consultez-nos-bateaux-a-vendre\/","title":{"rendered":"Consultez nos bateaux \u00e0 vendre !"},"content":{"rendered":"<div id=\"cs-content\" class=\"cs-content\"><\/div>\n","protected":false},"excerpt":{"rendered":"<p>D\u00e9couvrez nos bateaux \u00e0 vendre ! Tender Sport 777Profitez de cette version extra premium du 28GT. Il repr\u00e9sente l&rsquo;expression ultime du style, du confort et de la performance selon Italboats. ContactStingher 28GT LuxProfitez de cette version extra premium du 28GT. Il repr\u00e9sente l&rsquo;expression ultime du style, du confort et de la performance selon Italboats. ContactStingher 380FRCon\u00e7u pour ceux qui font\u2026<\/p>\n","protected":false},"author":1,"featured_media":0,"parent":0,"menu_order":0,"comment_status":"closed","ping_status":"closed","template":"template-blank-4.php","meta":{"_acf_changed":false,"footnotes":""},"class_list":["post-2320","page","type-page","status-publish","hentry","no-post-thumbnail"],"acf":[],"yoast_head":"<!-- This site is optimized with the Yoast SEO plugin v27.5 - https:\/\/yoast.com\/product\/yoast-seo-wordpress\/ -->\n<title>Consultez nos bateaux \u00e0 vendre - Altea<\/title>\n<meta name=\"description\" content=\"D\u00e9couvrez notre gamme exceptionnelle de bateaux \u00e0 vendre \u00e0 Altea, Costa Blanca. Nous proposons \u00e9galement des locations de bateaux pratiques et des solutions de stockage s\u00e9curis\u00e9es. Commencez votre voyage nautique avec nous d\u00e8s aujourd&#039;hui !\" \/>\n<meta name=\"robots\" content=\"index, follow, max-snippet:-1, max-image-preview:large, max-video-preview:-1\" \/>\n<link rel=\"canonical\" href=\"https:\/\/enjoyboats.eu\/fr\/consultez-nos-bateaux-a-vendre\/\" \/>\n<meta property=\"og:locale\" content=\"fr_FR\" \/>\n<meta property=\"og:type\" content=\"article\" \/>\n<meta property=\"og:title\" content=\"Consultez nos bateaux \u00e0 vendre - Altea\" \/>\n<meta property=\"og:description\" content=\"D\u00e9couvrez notre gamme exceptionnelle de bateaux \u00e0 vendre \u00e0 Altea, Costa Blanca. Nous proposons \u00e9galement des locations de bateaux pratiques et des solutions de stockage s\u00e9curis\u00e9es. Commencez votre voyage nautique avec nous d\u00e8s aujourd&#039;hui !\" \/>\n<meta property=\"og:url\" content=\"https:\/\/enjoyboats.eu\/fr\/consultez-nos-bateaux-a-vendre\/\" \/>\n<meta property=\"og:site_name\" content=\"Enjoy Boats\" \/>\n<meta property=\"article:publisher\" content=\"https:\/\/www.facebook.com\/profile.php?id=61562737064557&amp;mibextid=wwXIfr&amp;rdid=W4C14M5Q5zKVlMlm#\" \/>\n<meta property=\"article:modified_time\" content=\"2026-04-13T17:05:37+00:00\" \/>\n<meta property=\"og:image\" content=\"https:\/\/enjoyboats.eu\/wp-content\/uploads\/2025\/02\/EnjoyBoats_Logo.jpg\" \/>\n\t<meta property=\"og:image:width\" content=\"591\" \/>\n\t<meta property=\"og:image:height\" content=\"507\" \/>\n\t<meta property=\"og:image:type\" content=\"image\/jpeg\" \/>\n<meta name=\"twitter:card\" content=\"summary_large_image\" \/>\n<meta name=\"twitter:label1\" content=\"Dur\u00e9e de lecture estim\u00e9e\" \/>\n\t<meta name=\"twitter:data1\" content=\"1 minute\" \/>\n<script type=\"application\/ld+json\" class=\"yoast-schema-graph\">{\"@context\":\"https:\\\/\\\/schema.org\",\"@graph\":[{\"@type\":\"WebPage\",\"@id\":\"https:\\\/\\\/enjoyboats.eu\\\/fr\\\/consultez-nos-bateaux-a-vendre\\\/\",\"url\":\"https:\\\/\\\/enjoyboats.eu\\\/fr\\\/consultez-nos-bateaux-a-vendre\\\/\",\"name\":\"Consultez nos bateaux \u00e0 vendre - Altea\",\"isPartOf\":{\"@id\":\"https:\\\/\\\/enjoyboats.eu\\\/fr\\\/#website\"},\"datePublished\":\"2025-03-18T17:47:24+00:00\",\"dateModified\":\"2026-04-13T17:05:37+00:00\",\"description\":\"D\u00e9couvrez notre gamme exceptionnelle de bateaux \u00e0 vendre \u00e0 Altea, Costa Blanca. Nous proposons \u00e9galement des locations de bateaux pratiques et des solutions de stockage s\u00e9curis\u00e9es. Commencez votre voyage nautique avec nous d\u00e8s aujourd'hui !\",\"breadcrumb\":{\"@id\":\"https:\\\/\\\/enjoyboats.eu\\\/fr\\\/consultez-nos-bateaux-a-vendre\\\/#breadcrumb\"},\"inLanguage\":\"fr-FR\",\"potentialAction\":[{\"@type\":\"ReadAction\",\"target\":[\"https:\\\/\\\/enjoyboats.eu\\\/fr\\\/consultez-nos-bateaux-a-vendre\\\/\"]}]},{\"@type\":\"BreadcrumbList\",\"@id\":\"https:\\\/\\\/enjoyboats.eu\\\/fr\\\/consultez-nos-bateaux-a-vendre\\\/#breadcrumb\",\"itemListElement\":[{\"@type\":\"ListItem\",\"position\":1,\"name\":\"Home\",\"item\":\"https:\\\/\\\/enjoyboats.eu\\\/fr\\\/\"},{\"@type\":\"ListItem\",\"position\":2,\"name\":\"Consultez nos bateaux \u00e0 vendre !\"}]},{\"@type\":\"WebSite\",\"@id\":\"https:\\\/\\\/enjoyboats.eu\\\/fr\\\/#website\",\"url\":\"https:\\\/\\\/enjoyboats.eu\\\/fr\\\/\",\"name\":\"Enjoy Boats\",\"description\":\"Boat rental in the Costa Blanca\",\"publisher\":{\"@id\":\"https:\\\/\\\/enjoyboats.eu\\\/fr\\\/#organization\"},\"alternateName\":\"Enjoy Boats Rental & Sales\",\"potentialAction\":[{\"@type\":\"SearchAction\",\"target\":{\"@type\":\"EntryPoint\",\"urlTemplate\":\"https:\\\/\\\/enjoyboats.eu\\\/fr\\\/?s={search_term_string}\"},\"query-input\":{\"@type\":\"PropertyValueSpecification\",\"valueRequired\":true,\"valueName\":\"search_term_string\"}}],\"inLanguage\":\"fr-FR\"},{\"@type\":\"Organization\",\"@id\":\"https:\\\/\\\/enjoyboats.eu\\\/fr\\\/#organization\",\"name\":\"Enjoy Boats\",\"url\":\"https:\\\/\\\/enjoyboats.eu\\\/fr\\\/\",\"logo\":{\"@type\":\"ImageObject\",\"inLanguage\":\"fr-FR\",\"@id\":\"https:\\\/\\\/enjoyboats.eu\\\/fr\\\/#\\\/schema\\\/logo\\\/image\\\/\",\"url\":\"https:\\\/\\\/enjoyboats.eu\\\/wp-content\\\/uploads\\\/2025\\\/02\\\/EnjoyBoats_Logo.webp\",\"contentUrl\":\"https:\\\/\\\/enjoyboats.eu\\\/wp-content\\\/uploads\\\/2025\\\/02\\\/EnjoyBoats_Logo.webp\",\"width\":591,\"height\":507,\"caption\":\"Enjoy Boats\"},\"image\":{\"@id\":\"https:\\\/\\\/enjoyboats.eu\\\/fr\\\/#\\\/schema\\\/logo\\\/image\\\/\"},\"sameAs\":[\"https:\\\/\\\/www.facebook.com\\\/profile.php?id=61562737064557&mibextid=wwXIfr&rdid=W4C14M5Q5zKVlMlm#\",\"https:\\\/\\\/www.instagram.com\\\/enjoyboatsrentalandsales?igsh=MTZ4NWl1ZTB4NjJlMw&utm_source=website\"]}]}<\/script>\n<!-- \/ Yoast SEO plugin. -->","yoast_head_json":{"title":"Consultez nos bateaux \u00e0 vendre - Altea","description":"D\u00e9couvrez notre gamme exceptionnelle de bateaux \u00e0 vendre \u00e0 Altea, Costa Blanca. Nous proposons \u00e9galement des locations de bateaux pratiques et des solutions de stockage s\u00e9curis\u00e9es. Commencez votre voyage nautique avec nous d\u00e8s aujourd'hui !","robots":{"index":"index","follow":"follow","max-snippet":"max-snippet:-1","max-image-preview":"max-image-preview:large","max-video-preview":"max-video-preview:-1"},"canonical":"https:\/\/enjoyboats.eu\/fr\/consultez-nos-bateaux-a-vendre\/","og_locale":"fr_FR","og_type":"article","og_title":"Consultez nos bateaux \u00e0 vendre - Altea","og_description":"D\u00e9couvrez notre gamme exceptionnelle de bateaux \u00e0 vendre \u00e0 Altea, Costa Blanca. Nous proposons \u00e9galement des locations de bateaux pratiques et des solutions de stockage s\u00e9curis\u00e9es. Commencez votre voyage nautique avec nous d\u00e8s aujourd'hui !","og_url":"https:\/\/enjoyboats.eu\/fr\/consultez-nos-bateaux-a-vendre\/","og_site_name":"Enjoy Boats","article_publisher":"https:\/\/www.facebook.com\/profile.php?id=61562737064557&mibextid=wwXIfr&rdid=W4C14M5Q5zKVlMlm#","article_modified_time":"2026-04-13T17:05:37+00:00","og_image":[{"width":591,"height":507,"url":"https:\/\/enjoyboats.eu\/wp-content\/uploads\/2025\/02\/EnjoyBoats_Logo.jpg","type":"image\/jpeg"}],"twitter_card":"summary_large_image","twitter_misc":{"Dur\u00e9e de lecture estim\u00e9e":"1 minute"},"schema":{"@context":"https:\/\/schema.org","@graph":[{"@type":"WebPage","@id":"https:\/\/enjoyboats.eu\/fr\/consultez-nos-bateaux-a-vendre\/","url":"https:\/\/enjoyboats.eu\/fr\/consultez-nos-bateaux-a-vendre\/","name":"Consultez nos bateaux \u00e0 vendre - Altea","isPartOf":{"@id":"https:\/\/enjoyboats.eu\/fr\/#website"},"datePublished":"2025-03-18T17:47:24+00:00","dateModified":"2026-04-13T17:05:37+00:00","description":"D\u00e9couvrez notre gamme exceptionnelle de bateaux \u00e0 vendre \u00e0 Altea, Costa Blanca. Nous proposons \u00e9galement des locations de bateaux pratiques et des solutions de stockage s\u00e9curis\u00e9es. Commencez votre voyage nautique avec nous d\u00e8s aujourd'hui !","breadcrumb":{"@id":"https:\/\/enjoyboats.eu\/fr\/consultez-nos-bateaux-a-vendre\/#breadcrumb"},"inLanguage":"fr-FR","potentialAction":[{"@type":"ReadAction","target":["https:\/\/enjoyboats.eu\/fr\/consultez-nos-bateaux-a-vendre\/"]}]},{"@type":"BreadcrumbList","@id":"https:\/\/enjoyboats.eu\/fr\/consultez-nos-bateaux-a-vendre\/#breadcrumb","itemListElement":[{"@type":"ListItem","position":1,"name":"Home","item":"https:\/\/enjoyboats.eu\/fr\/"},{"@type":"ListItem","position":2,"name":"Consultez nos bateaux \u00e0 vendre !"}]},{"@type":"WebSite","@id":"https:\/\/enjoyboats.eu\/fr\/#website","url":"https:\/\/enjoyboats.eu\/fr\/","name":"Enjoy Boats","description":"Boat rental in the Costa Blanca","publisher":{"@id":"https:\/\/enjoyboats.eu\/fr\/#organization"},"alternateName":"Enjoy Boats Rental & Sales","potentialAction":[{"@type":"SearchAction","target":{"@type":"EntryPoint","urlTemplate":"https:\/\/enjoyboats.eu\/fr\/?s={search_term_string}"},"query-input":{"@type":"PropertyValueSpecification","valueRequired":true,"valueName":"search_term_string"}}],"inLanguage":"fr-FR"},{"@type":"Organization","@id":"https:\/\/enjoyboats.eu\/fr\/#organization","name":"Enjoy Boats","url":"https:\/\/enjoyboats.eu\/fr\/","logo":{"@type":"ImageObject","inLanguage":"fr-FR","@id":"https:\/\/enjoyboats.eu\/fr\/#\/schema\/logo\/image\/","url":"https:\/\/enjoyboats.eu\/wp-content\/uploads\/2025\/02\/EnjoyBoats_Logo.webp","contentUrl":"https:\/\/enjoyboats.eu\/wp-content\/uploads\/2025\/02\/EnjoyBoats_Logo.webp","width":591,"height":507,"caption":"Enjoy Boats"},"image":{"@id":"https:\/\/enjoyboats.eu\/fr\/#\/schema\/logo\/image\/"},"sameAs":["https:\/\/www.facebook.com\/profile.php?id=61562737064557&mibextid=wwXIfr&rdid=W4C14M5Q5zKVlMlm#","https:\/\/www.instagram.com\/enjoyboatsrentalandsales?igsh=MTZ4NWl1ZTB4NjJlMw&utm_source=website"]}]}},"_links":{"self":[{"href":"https:\/\/enjoyboats.eu\/fr\/wp-json\/wp\/v2\/pages\/2320","targetHints":{"allow":["GET"]}}],"collection":[{"href":"https:\/\/enjoyboats.eu\/fr\/wp-json\/wp\/v2\/pages"}],"about":[{"href":"https:\/\/enjoyboats.eu\/fr\/wp-json\/wp\/v2\/types\/page"}],"author":[{"embeddable":true,"href":"https:\/\/enjoyboats.eu\/fr\/wp-json\/wp\/v2\/users\/1"}],"replies":[{"embeddable":true,"href":"https:\/\/enjoyboats.eu\/fr\/wp-json\/wp\/v2\/comments?post=2320"}],"version-history":[{"count":4,"href":"https:\/\/enjoyboats.eu\/fr\/wp-json\/wp\/v2\/pages\/2320\/revisions"}],"predecessor-version":[{"id":7686,"href":"https:\/\/enjoyboats.eu\/fr\/wp-json\/wp\/v2\/pages\/2320\/revisions\/7686"}],"wp:attachment":[{"href":"https:\/\/enjoyboats.eu\/fr\/wp-json\/wp\/v2\/media?parent=2320"}],"curies":[{"name":"wp","href":"https:\/\/api.w.org\/{rel}","templated":true}]}}