{"id":2226,"date":"2025-01-20T14:40:09","date_gmt":"2025-01-20T13:40:09","guid":{"rendered":"https:\/\/enjoyboats.eu\/?page_id=2226"},"modified":"2025-03-10T09:41:00","modified_gmt":"2025-03-10T08:41:00","slug":"politique-de-confidentialite","status":"publish","type":"page","link":"https:\/\/enjoyboats.eu\/fr\/politique-de-confidentialite\/","title":{"rendered":"Politique de Confidentialit\u00e9"},"content":{"rendered":"\n<p><strong>Derni\u00e8re mise \u00e0 jour : 10-03-2025<\/strong><\/p>\n\n\n\n<h3 class=\"wp-block-heading\"><strong>1. Introduction<\/strong><\/h3>\n\n\n\n<p>Enjoy Boats, exploit\u00e9 par <strong>CCB Mascarat Yachting S.L.U.<\/strong>, attache une grande importance \u00e0 votre vie priv\u00e9e. Cette politique de confidentialit\u00e9 explique comment nous collectons, utilisons et prot\u00e9geons vos donn\u00e9es personnelles lorsque vous effectuez une r\u00e9servation chez nous.<\/p>\n\n\n\n<h3 class=\"wp-block-heading\"><strong>2. Donn\u00e9es Personnelles Collect\u00e9es<\/strong><\/h3>\n\n\n\n<p>Pour traiter votre r\u00e9servation de location de bateau, nous collectons uniquement les informations n\u00e9cessaires, notamment :<br>\u2705 Nom complet<br>\u2705 Coordonn\u00e9es (num\u00e9ro de t\u00e9l\u00e9phone &amp; e-mail)<br>\u2705 Num\u00e9ro NIE\/DNI\/Passeport (\u00e0 des fins d\u2019identification)<\/p>\n\n\n\n<p>Nous ne collectons aucune donn\u00e9e inutile et nous ne vendrons ni partagerons jamais vos informations \u00e0 des fins marketing.<\/p>\n\n\n\n<h3 class=\"wp-block-heading\"><strong>3. Objectif de la Collecte des Donn\u00e9es<\/strong><\/h3>\n\n\n\n<p>Nous collectons vos donn\u00e9es uniquement pour :<br>\u2705 Traiter et confirmer votre r\u00e9servation de location de bateau<br>\u2705 Respecter les r\u00e9glementations maritimes et les obligations l\u00e9gales espagnoles<br>\u2705 Vous contacter concernant votre r\u00e9servation<\/p>\n\n\n\n<h3 class=\"wp-block-heading\"><strong>4. Stockage &amp; Protection des Donn\u00e9es<\/strong><\/h3>\n\n\n\n<ul class=\"wp-block-list\">\n<li>Vos donn\u00e9es sont stock\u00e9es en toute s\u00e9curit\u00e9 et ne sont accessibles qu\u2019au personnel autoris\u00e9.<\/li>\n\n\n\n<li>Nous mettons en place des mesures de s\u00e9curit\u00e9 appropri\u00e9es pour \u00e9viter tout acc\u00e8s non autoris\u00e9 ou toute violation des donn\u00e9es.<\/li>\n\n\n\n<li>Nous conservons vos donn\u00e9es uniquement pendant la p\u00e9riode l\u00e9galement requise et les supprimons ensuite de mani\u00e8re s\u00e9curis\u00e9e.<\/li>\n<\/ul>\n\n\n\n<h3 class=\"wp-block-heading\"><strong>5. Partage des Donn\u00e9es Personnelles<\/strong><\/h3>\n\n\n\n<p>Nous <strong>ne partageons vos donn\u00e9es<\/strong> qu\u2019avec les autorit\u00e9s lorsque la loi espagnole l\u2019exige (ex. autorit\u00e9s portuaires et maritimes). Vos donn\u00e9es ne seront jamais partag\u00e9es \u00e0 des fins commerciales.<\/p>\n\n\n\n<h3 class=\"wp-block-heading\"><strong>6. Vos Droits<\/strong><\/h3>\n\n\n\n<p>Vous avez le droit de :<br>\u2705 Acc\u00e9der aux donn\u00e9es personnelles que nous d\u00e9tenons sur vous<br>\u2705 Demander la correction de donn\u00e9es inexactes<br>\u2705 Demander la suppression de vos donn\u00e9es si cela est l\u00e9galement possible<br>\u2705 Vous opposer au traitement de vos donn\u00e9es dans certains cas<\/p>\n\n\n\n<p>Pour exercer l\u2019un de ces droits, veuillez nous contacter \u00e0 <strong><a href=\"mailto:info@enjoyboats.eu\">info@enjoyboats.eu<\/a><\/strong>.<\/p>\n\n\n\n<h3 class=\"wp-block-heading\"><strong>7. Modifications de cette Politique<\/strong><\/h3>\n\n\n\n<p>Nous pouvons mettre \u00e0 jour cette politique de confidentialit\u00e9 pour nous conformer aux changements l\u00e9gislatifs. La version la plus r\u00e9cente sera toujours disponible sur notre site Web.<\/p>\n\n\n\n<h3 class=\"wp-block-heading\"><strong>8. Coordonn\u00e9es<\/strong><\/h3>\n\n\n\n<p>Pour toute question concernant cette politique de confidentialit\u00e9, veuillez nous contacter :<\/p>\n\n\n\n<p><strong>Enjoy Boats \u2013 CCB Mascarat Yachting S.L.U.<\/strong><br>\ud83d\udccd Calle Benlliure 2, 0530, La Nucia, Espagne<br>\ud83d\udce7 <a href=\"mailto:info@enjoyboats.eu\">info@enjoyboats.eu<\/a><br>\ud83d\udcde +34 679 198 842<\/p>\n","protected":false},"excerpt":{"rendered":"<p>Derni\u00e8re mise \u00e0 jour : 10-03-2025 1. Introduction Enjoy Boats, exploit\u00e9 par CCB Mascarat Yachting S.L.U., attache une grande importance \u00e0 votre vie priv\u00e9e. Cette politique de confidentialit\u00e9 explique comment nous collectons, utilisons et prot\u00e9geons vos donn\u00e9es personnelles lorsque vous effectuez une r\u00e9servation chez nous. 2. Donn\u00e9es Personnelles Collect\u00e9es Pour traiter votre r\u00e9servation de location de bateau, nous collectons uniquement\u2026<\/p>\n","protected":false},"author":1,"featured_media":0,"parent":0,"menu_order":0,"comment_status":"closed","ping_status":"open","template":"","meta":{"_acf_changed":false,"footnotes":""},"class_list":["post-2226","page","type-page","status-publish","hentry","no-post-thumbnail"],"acf":[],"yoast_head":"<!-- This site is optimized with the Yoast SEO plugin v27.4 - https:\/\/yoast.com\/product\/yoast-seo-wordpress\/ -->\n<title>Location, Vente &amp; Stockage de Bateaux \u00e0 Altea, Costa Blanca | Enjoy Boats<\/title>\n<meta name=\"description\" content=\"D\u00e9couvrez Enjoy Boats, votre partenaire de confiance pour la location, la vente et le stockage de bateaux \u00e0 Altea, Costa Blanca. Nous respectons votre vie priv\u00e9e et prot\u00e9geons vos donn\u00e9es personnelles avec la plus grande attention.\" \/>\n<meta name=\"robots\" content=\"index, follow, max-snippet:-1, max-image-preview:large, max-video-preview:-1\" \/>\n<link rel=\"canonical\" href=\"https:\/\/enjoyboats.eu\/fr\/politique-de-confidentialite\/\" \/>\n<meta property=\"og:locale\" content=\"fr_FR\" \/>\n<meta property=\"og:type\" content=\"article\" \/>\n<meta property=\"og:title\" content=\"Location, Vente &amp; Stockage de Bateaux \u00e0 Altea, Costa Blanca | Enjoy Boats\" \/>\n<meta property=\"og:description\" content=\"D\u00e9couvrez Enjoy Boats, votre partenaire de confiance pour la location, la vente et le stockage de bateaux \u00e0 Altea, Costa Blanca. Nous respectons votre vie priv\u00e9e et prot\u00e9geons vos donn\u00e9es personnelles avec la plus grande attention.\" \/>\n<meta property=\"og:url\" content=\"https:\/\/enjoyboats.eu\/fr\/politique-de-confidentialite\/\" \/>\n<meta property=\"og:site_name\" content=\"Enjoy Boats\" \/>\n<meta property=\"article:publisher\" content=\"https:\/\/www.facebook.com\/profile.php?id=61562737064557&amp;mibextid=wwXIfr&amp;rdid=W4C14M5Q5zKVlMlm#\" \/>\n<meta property=\"article:modified_time\" content=\"2025-03-10T08:41:00+00:00\" \/>\n<meta property=\"og:image\" content=\"https:\/\/enjoyboats.eu\/wp-content\/uploads\/2025\/02\/EnjoyBoats_Logo.jpg\" \/>\n\t<meta property=\"og:image:width\" content=\"591\" \/>\n\t<meta property=\"og:image:height\" content=\"507\" \/>\n\t<meta property=\"og:image:type\" content=\"image\/jpeg\" \/>\n<meta name=\"twitter:card\" content=\"summary_large_image\" \/>\n<meta name=\"twitter:label1\" content=\"Dur\u00e9e de lecture estim\u00e9e\" \/>\n\t<meta name=\"twitter:data1\" content=\"2 minutes\" \/>\n<script type=\"application\/ld+json\" class=\"yoast-schema-graph\">{\"@context\":\"https:\\\/\\\/schema.org\",\"@graph\":[{\"@type\":\"WebPage\",\"@id\":\"https:\\\/\\\/enjoyboats.eu\\\/fr\\\/politique-de-confidentialite\\\/\",\"url\":\"https:\\\/\\\/enjoyboats.eu\\\/fr\\\/politique-de-confidentialite\\\/\",\"name\":\"Location, Vente & Stockage de Bateaux \u00e0 Altea, Costa Blanca | Enjoy Boats\",\"isPartOf\":{\"@id\":\"https:\\\/\\\/enjoyboats.eu\\\/fr\\\/#website\"},\"datePublished\":\"2025-01-20T13:40:09+00:00\",\"dateModified\":\"2025-03-10T08:41:00+00:00\",\"description\":\"D\u00e9couvrez Enjoy Boats, votre partenaire de confiance pour la location, la vente et le stockage de bateaux \u00e0 Altea, Costa Blanca. Nous respectons votre vie priv\u00e9e et prot\u00e9geons vos donn\u00e9es personnelles avec la plus grande attention.\",\"breadcrumb\":{\"@id\":\"https:\\\/\\\/enjoyboats.eu\\\/fr\\\/politique-de-confidentialite\\\/#breadcrumb\"},\"inLanguage\":\"fr-FR\",\"potentialAction\":[{\"@type\":\"ReadAction\",\"target\":[\"https:\\\/\\\/enjoyboats.eu\\\/fr\\\/politique-de-confidentialite\\\/\"]}]},{\"@type\":\"BreadcrumbList\",\"@id\":\"https:\\\/\\\/enjoyboats.eu\\\/fr\\\/politique-de-confidentialite\\\/#breadcrumb\",\"itemListElement\":[{\"@type\":\"ListItem\",\"position\":1,\"name\":\"Home\",\"item\":\"https:\\\/\\\/enjoyboats.eu\\\/fr\\\/\"},{\"@type\":\"ListItem\",\"position\":2,\"name\":\"Politique de Confidentialit\u00e9\"}]},{\"@type\":\"WebSite\",\"@id\":\"https:\\\/\\\/enjoyboats.eu\\\/fr\\\/#website\",\"url\":\"https:\\\/\\\/enjoyboats.eu\\\/fr\\\/\",\"name\":\"Enjoy Boats\",\"description\":\"Boat rental in the Costa Blanca\",\"publisher\":{\"@id\":\"https:\\\/\\\/enjoyboats.eu\\\/fr\\\/#organization\"},\"alternateName\":\"Enjoy Boats Rental & Sales\",\"potentialAction\":[{\"@type\":\"SearchAction\",\"target\":{\"@type\":\"EntryPoint\",\"urlTemplate\":\"https:\\\/\\\/enjoyboats.eu\\\/fr\\\/?s={search_term_string}\"},\"query-input\":{\"@type\":\"PropertyValueSpecification\",\"valueRequired\":true,\"valueName\":\"search_term_string\"}}],\"inLanguage\":\"fr-FR\"},{\"@type\":\"Organization\",\"@id\":\"https:\\\/\\\/enjoyboats.eu\\\/fr\\\/#organization\",\"name\":\"Enjoy Boats\",\"url\":\"https:\\\/\\\/enjoyboats.eu\\\/fr\\\/\",\"logo\":{\"@type\":\"ImageObject\",\"inLanguage\":\"fr-FR\",\"@id\":\"https:\\\/\\\/enjoyboats.eu\\\/fr\\\/#\\\/schema\\\/logo\\\/image\\\/\",\"url\":\"https:\\\/\\\/enjoyboats.eu\\\/wp-content\\\/uploads\\\/2025\\\/02\\\/EnjoyBoats_Logo.webp\",\"contentUrl\":\"https:\\\/\\\/enjoyboats.eu\\\/wp-content\\\/uploads\\\/2025\\\/02\\\/EnjoyBoats_Logo.webp\",\"width\":591,\"height\":507,\"caption\":\"Enjoy Boats\"},\"image\":{\"@id\":\"https:\\\/\\\/enjoyboats.eu\\\/fr\\\/#\\\/schema\\\/logo\\\/image\\\/\"},\"sameAs\":[\"https:\\\/\\\/www.facebook.com\\\/profile.php?id=61562737064557&mibextid=wwXIfr&rdid=W4C14M5Q5zKVlMlm#\",\"https:\\\/\\\/www.instagram.com\\\/enjoyboatsrentalandsales?igsh=MTZ4NWl1ZTB4NjJlMw&utm_source=website\"]}]}<\/script>\n<!-- \/ Yoast SEO plugin. -->","yoast_head_json":{"title":"Location, Vente & Stockage de Bateaux \u00e0 Altea, Costa Blanca | Enjoy Boats","description":"D\u00e9couvrez Enjoy Boats, votre partenaire de confiance pour la location, la vente et le stockage de bateaux \u00e0 Altea, Costa Blanca. Nous respectons votre vie priv\u00e9e et prot\u00e9geons vos donn\u00e9es personnelles avec la plus grande attention.","robots":{"index":"index","follow":"follow","max-snippet":"max-snippet:-1","max-image-preview":"max-image-preview:large","max-video-preview":"max-video-preview:-1"},"canonical":"https:\/\/enjoyboats.eu\/fr\/politique-de-confidentialite\/","og_locale":"fr_FR","og_type":"article","og_title":"Location, Vente & Stockage de Bateaux \u00e0 Altea, Costa Blanca | Enjoy Boats","og_description":"D\u00e9couvrez Enjoy Boats, votre partenaire de confiance pour la location, la vente et le stockage de bateaux \u00e0 Altea, Costa Blanca. Nous respectons votre vie priv\u00e9e et prot\u00e9geons vos donn\u00e9es personnelles avec la plus grande attention.","og_url":"https:\/\/enjoyboats.eu\/fr\/politique-de-confidentialite\/","og_site_name":"Enjoy Boats","article_publisher":"https:\/\/www.facebook.com\/profile.php?id=61562737064557&mibextid=wwXIfr&rdid=W4C14M5Q5zKVlMlm#","article_modified_time":"2025-03-10T08:41:00+00:00","og_image":[{"width":591,"height":507,"url":"https:\/\/enjoyboats.eu\/wp-content\/uploads\/2025\/02\/EnjoyBoats_Logo.jpg","type":"image\/jpeg"}],"twitter_card":"summary_large_image","twitter_misc":{"Dur\u00e9e de lecture estim\u00e9e":"2 minutes"},"schema":{"@context":"https:\/\/schema.org","@graph":[{"@type":"WebPage","@id":"https:\/\/enjoyboats.eu\/fr\/politique-de-confidentialite\/","url":"https:\/\/enjoyboats.eu\/fr\/politique-de-confidentialite\/","name":"Location, Vente & Stockage de Bateaux \u00e0 Altea, Costa Blanca | Enjoy Boats","isPartOf":{"@id":"https:\/\/enjoyboats.eu\/fr\/#website"},"datePublished":"2025-01-20T13:40:09+00:00","dateModified":"2025-03-10T08:41:00+00:00","description":"D\u00e9couvrez Enjoy Boats, votre partenaire de confiance pour la location, la vente et le stockage de bateaux \u00e0 Altea, Costa Blanca. Nous respectons votre vie priv\u00e9e et prot\u00e9geons vos donn\u00e9es personnelles avec la plus grande attention.","breadcrumb":{"@id":"https:\/\/enjoyboats.eu\/fr\/politique-de-confidentialite\/#breadcrumb"},"inLanguage":"fr-FR","potentialAction":[{"@type":"ReadAction","target":["https:\/\/enjoyboats.eu\/fr\/politique-de-confidentialite\/"]}]},{"@type":"BreadcrumbList","@id":"https:\/\/enjoyboats.eu\/fr\/politique-de-confidentialite\/#breadcrumb","itemListElement":[{"@type":"ListItem","position":1,"name":"Home","item":"https:\/\/enjoyboats.eu\/fr\/"},{"@type":"ListItem","position":2,"name":"Politique de Confidentialit\u00e9"}]},{"@type":"WebSite","@id":"https:\/\/enjoyboats.eu\/fr\/#website","url":"https:\/\/enjoyboats.eu\/fr\/","name":"Enjoy Boats","description":"Boat rental in the Costa Blanca","publisher":{"@id":"https:\/\/enjoyboats.eu\/fr\/#organization"},"alternateName":"Enjoy Boats Rental & Sales","potentialAction":[{"@type":"SearchAction","target":{"@type":"EntryPoint","urlTemplate":"https:\/\/enjoyboats.eu\/fr\/?s={search_term_string}"},"query-input":{"@type":"PropertyValueSpecification","valueRequired":true,"valueName":"search_term_string"}}],"inLanguage":"fr-FR"},{"@type":"Organization","@id":"https:\/\/enjoyboats.eu\/fr\/#organization","name":"Enjoy Boats","url":"https:\/\/enjoyboats.eu\/fr\/","logo":{"@type":"ImageObject","inLanguage":"fr-FR","@id":"https:\/\/enjoyboats.eu\/fr\/#\/schema\/logo\/image\/","url":"https:\/\/enjoyboats.eu\/wp-content\/uploads\/2025\/02\/EnjoyBoats_Logo.webp","contentUrl":"https:\/\/enjoyboats.eu\/wp-content\/uploads\/2025\/02\/EnjoyBoats_Logo.webp","width":591,"height":507,"caption":"Enjoy Boats"},"image":{"@id":"https:\/\/enjoyboats.eu\/fr\/#\/schema\/logo\/image\/"},"sameAs":["https:\/\/www.facebook.com\/profile.php?id=61562737064557&mibextid=wwXIfr&rdid=W4C14M5Q5zKVlMlm#","https:\/\/www.instagram.com\/enjoyboatsrentalandsales?igsh=MTZ4NWl1ZTB4NjJlMw&utm_source=website"]}]}},"_links":{"self":[{"href":"https:\/\/enjoyboats.eu\/fr\/wp-json\/wp\/v2\/pages\/2226","targetHints":{"allow":["GET"]}}],"collection":[{"href":"https:\/\/enjoyboats.eu\/fr\/wp-json\/wp\/v2\/pages"}],"about":[{"href":"https:\/\/enjoyboats.eu\/fr\/wp-json\/wp\/v2\/types\/page"}],"author":[{"embeddable":true,"href":"https:\/\/enjoyboats.eu\/fr\/wp-json\/wp\/v2\/users\/1"}],"replies":[{"embeddable":true,"href":"https:\/\/enjoyboats.eu\/fr\/wp-json\/wp\/v2\/comments?post=2226"}],"version-history":[{"count":1,"href":"https:\/\/enjoyboats.eu\/fr\/wp-json\/wp\/v2\/pages\/2226\/revisions"}],"predecessor-version":[{"id":2227,"href":"https:\/\/enjoyboats.eu\/fr\/wp-json\/wp\/v2\/pages\/2226\/revisions\/2227"}],"wp:attachment":[{"href":"https:\/\/enjoyboats.eu\/fr\/wp-json\/wp\/v2\/media?parent=2226"}],"curies":[{"name":"wp","href":"https:\/\/api.w.org\/{rel}","templated":true}]}}