{"id":1153,"date":"2025-01-25T09:50:35","date_gmt":"2025-01-25T08:50:35","guid":{"rendered":"https:\/\/enjoyboats.erikdiks.nl\/buy-a-boat-spanish-german-french\/"},"modified":"2025-12-04T14:20:14","modified_gmt":"2025-12-04T13:20:14","slug":"buy-a-boat-2","status":"publish","type":"page","link":"https:\/\/enjoyboats.eu\/fr\/buy-a-boat-2\/","title":{"rendered":"Achetez un bateau"},"content":{"rendered":"<div id=\"cs-content\" class=\"cs-content\"><\/div>\n","protected":false},"excerpt":{"rendered":"<p>Achetez un bateau Nous proposons une s\u00e9lection exclusive de bateaux \u00e0 vendre D\u00e9couvrez nos bateaux \u00e0 vendre !Chez Enjoy Boats, nous proposons une s\u00e9lection premium de bateaux \u00e0 vendre, comprenant certains des mod\u00e8les Italboats les plus recherch\u00e9s. Que vous soyez \u00e0 la recherche d\u2019un RIB haute performance neuf ou d\u2019un bateau d\u2019occasion en excellent \u00e9tat, notre offre en constante \u00e9volution\u2026<\/p>\n","protected":false},"author":1,"featured_media":660,"parent":0,"menu_order":0,"comment_status":"closed","ping_status":"closed","template":"template-blank-4.php","meta":{"_acf_changed":false,"footnotes":""},"class_list":["post-1153","page","type-page","status-publish","has-post-thumbnail","hentry"],"acf":[],"yoast_head":"<!-- This site is optimized with the Yoast SEO plugin v27.4 - https:\/\/yoast.com\/product\/yoast-seo-wordpress\/ -->\n<title>Bateaux \u00e0 vendre \u00e0 Altea | Enjoy Boats | Location bateau Costa Blanca<\/title>\n<meta name=\"description\" content=\"Vous r\u00eavez de poss\u00e9der un bateau \u00e0 Altea ? D\u00e9couvrez nos mod\u00e8les haut de gamme. Envie de louer ? Nous proposons aussi la location de bateaux.\" \/>\n<meta name=\"robots\" content=\"index, follow, max-snippet:-1, max-image-preview:large, max-video-preview:-1\" \/>\n<link rel=\"canonical\" href=\"https:\/\/enjoyboats.eu\/fr\/buy-a-boat-2\/\" \/>\n<meta property=\"og:locale\" content=\"fr_FR\" \/>\n<meta property=\"og:type\" content=\"article\" \/>\n<meta property=\"og:title\" content=\"Bateaux \u00e0 vendre \u00e0 Altea | Enjoy Boats | Location bateau Costa Blanca\" \/>\n<meta property=\"og:description\" content=\"Vous r\u00eavez de poss\u00e9der un bateau \u00e0 Altea ? D\u00e9couvrez nos mod\u00e8les haut de gamme. Envie de louer ? Nous proposons aussi la location de bateaux.\" \/>\n<meta property=\"og:url\" content=\"https:\/\/enjoyboats.eu\/fr\/buy-a-boat-2\/\" \/>\n<meta property=\"og:site_name\" content=\"Enjoy Boats\" \/>\n<meta property=\"article:publisher\" content=\"https:\/\/www.facebook.com\/profile.php?id=61562737064557&amp;mibextid=wwXIfr&amp;rdid=W4C14M5Q5zKVlMlm#\" \/>\n<meta property=\"article:modified_time\" content=\"2025-12-04T13:20:14+00:00\" \/>\n<meta property=\"og:image\" content=\"https:\/\/enjoyboats.eu\/wp-content\/uploads\/2025\/01\/5.webp\" \/>\n\t<meta property=\"og:image:width\" content=\"1920\" \/>\n\t<meta property=\"og:image:height\" content=\"1280\" \/>\n\t<meta property=\"og:image:type\" content=\"image\/webp\" \/>\n<meta name=\"twitter:card\" content=\"summary_large_image\" \/>\n<meta name=\"twitter:label1\" content=\"Dur\u00e9e de lecture estim\u00e9e\" \/>\n\t<meta name=\"twitter:data1\" content=\"2 minutes\" \/>\n<script type=\"application\/ld+json\" class=\"yoast-schema-graph\">{\"@context\":\"https:\\\/\\\/schema.org\",\"@graph\":[{\"@type\":\"WebPage\",\"@id\":\"https:\\\/\\\/enjoyboats.eu\\\/fr\\\/buy-a-boat-2\\\/\",\"url\":\"https:\\\/\\\/enjoyboats.eu\\\/fr\\\/buy-a-boat-2\\\/\",\"name\":\"Bateaux \u00e0 vendre \u00e0 Altea | Enjoy Boats | Location bateau Costa Blanca\",\"isPartOf\":{\"@id\":\"https:\\\/\\\/enjoyboats.eu\\\/fr\\\/#website\"},\"primaryImageOfPage\":{\"@id\":\"https:\\\/\\\/enjoyboats.eu\\\/fr\\\/buy-a-boat-2\\\/#primaryimage\"},\"image\":{\"@id\":\"https:\\\/\\\/enjoyboats.eu\\\/fr\\\/buy-a-boat-2\\\/#primaryimage\"},\"thumbnailUrl\":\"https:\\\/\\\/enjoyboats.eu\\\/wp-content\\\/uploads\\\/2025\\\/01\\\/5.webp\",\"datePublished\":\"2025-01-25T08:50:35+00:00\",\"dateModified\":\"2025-12-04T13:20:14+00:00\",\"description\":\"Vous r\u00eavez de poss\u00e9der un bateau \u00e0 Altea ? D\u00e9couvrez nos mod\u00e8les haut de gamme. Envie de louer ? Nous proposons aussi la location de bateaux.\",\"breadcrumb\":{\"@id\":\"https:\\\/\\\/enjoyboats.eu\\\/fr\\\/buy-a-boat-2\\\/#breadcrumb\"},\"inLanguage\":\"fr-FR\",\"potentialAction\":[{\"@type\":\"ReadAction\",\"target\":[\"https:\\\/\\\/enjoyboats.eu\\\/fr\\\/buy-a-boat-2\\\/\"]}]},{\"@type\":\"ImageObject\",\"inLanguage\":\"fr-FR\",\"@id\":\"https:\\\/\\\/enjoyboats.eu\\\/fr\\\/buy-a-boat-2\\\/#primaryimage\",\"url\":\"https:\\\/\\\/enjoyboats.eu\\\/wp-content\\\/uploads\\\/2025\\\/01\\\/5.webp\",\"contentUrl\":\"https:\\\/\\\/enjoyboats.eu\\\/wp-content\\\/uploads\\\/2025\\\/01\\\/5.webp\",\"width\":1920,\"height\":1280},{\"@type\":\"BreadcrumbList\",\"@id\":\"https:\\\/\\\/enjoyboats.eu\\\/fr\\\/buy-a-boat-2\\\/#breadcrumb\",\"itemListElement\":[{\"@type\":\"ListItem\",\"position\":1,\"name\":\"Home\",\"item\":\"https:\\\/\\\/enjoyboats.eu\\\/fr\\\/\"},{\"@type\":\"ListItem\",\"position\":2,\"name\":\"Achetez un bateau\"}]},{\"@type\":\"WebSite\",\"@id\":\"https:\\\/\\\/enjoyboats.eu\\\/fr\\\/#website\",\"url\":\"https:\\\/\\\/enjoyboats.eu\\\/fr\\\/\",\"name\":\"Enjoy Boats\",\"description\":\"Boat rental in the Costa Blanca\",\"publisher\":{\"@id\":\"https:\\\/\\\/enjoyboats.eu\\\/fr\\\/#organization\"},\"alternateName\":\"Enjoy Boats Rental & Sales\",\"potentialAction\":[{\"@type\":\"SearchAction\",\"target\":{\"@type\":\"EntryPoint\",\"urlTemplate\":\"https:\\\/\\\/enjoyboats.eu\\\/fr\\\/?s={search_term_string}\"},\"query-input\":{\"@type\":\"PropertyValueSpecification\",\"valueRequired\":true,\"valueName\":\"search_term_string\"}}],\"inLanguage\":\"fr-FR\"},{\"@type\":\"Organization\",\"@id\":\"https:\\\/\\\/enjoyboats.eu\\\/fr\\\/#organization\",\"name\":\"Enjoy Boats\",\"url\":\"https:\\\/\\\/enjoyboats.eu\\\/fr\\\/\",\"logo\":{\"@type\":\"ImageObject\",\"inLanguage\":\"fr-FR\",\"@id\":\"https:\\\/\\\/enjoyboats.eu\\\/fr\\\/#\\\/schema\\\/logo\\\/image\\\/\",\"url\":\"https:\\\/\\\/enjoyboats.eu\\\/wp-content\\\/uploads\\\/2025\\\/02\\\/EnjoyBoats_Logo.webp\",\"contentUrl\":\"https:\\\/\\\/enjoyboats.eu\\\/wp-content\\\/uploads\\\/2025\\\/02\\\/EnjoyBoats_Logo.webp\",\"width\":591,\"height\":507,\"caption\":\"Enjoy Boats\"},\"image\":{\"@id\":\"https:\\\/\\\/enjoyboats.eu\\\/fr\\\/#\\\/schema\\\/logo\\\/image\\\/\"},\"sameAs\":[\"https:\\\/\\\/www.facebook.com\\\/profile.php?id=61562737064557&mibextid=wwXIfr&rdid=W4C14M5Q5zKVlMlm#\",\"https:\\\/\\\/www.instagram.com\\\/enjoyboatsrentalandsales?igsh=MTZ4NWl1ZTB4NjJlMw&utm_source=website\"]}]}<\/script>\n<!-- \/ Yoast SEO plugin. -->","yoast_head_json":{"title":"Bateaux \u00e0 vendre \u00e0 Altea | Enjoy Boats | Location bateau Costa Blanca","description":"Vous r\u00eavez de poss\u00e9der un bateau \u00e0 Altea ? D\u00e9couvrez nos mod\u00e8les haut de gamme. Envie de louer ? Nous proposons aussi la location de bateaux.","robots":{"index":"index","follow":"follow","max-snippet":"max-snippet:-1","max-image-preview":"max-image-preview:large","max-video-preview":"max-video-preview:-1"},"canonical":"https:\/\/enjoyboats.eu\/fr\/buy-a-boat-2\/","og_locale":"fr_FR","og_type":"article","og_title":"Bateaux \u00e0 vendre \u00e0 Altea | Enjoy Boats | Location bateau Costa Blanca","og_description":"Vous r\u00eavez de poss\u00e9der un bateau \u00e0 Altea ? D\u00e9couvrez nos mod\u00e8les haut de gamme. Envie de louer ? Nous proposons aussi la location de bateaux.","og_url":"https:\/\/enjoyboats.eu\/fr\/buy-a-boat-2\/","og_site_name":"Enjoy Boats","article_publisher":"https:\/\/www.facebook.com\/profile.php?id=61562737064557&mibextid=wwXIfr&rdid=W4C14M5Q5zKVlMlm#","article_modified_time":"2025-12-04T13:20:14+00:00","og_image":[{"width":1920,"height":1280,"url":"https:\/\/enjoyboats.eu\/wp-content\/uploads\/2025\/01\/5.webp","type":"image\/webp"}],"twitter_card":"summary_large_image","twitter_misc":{"Dur\u00e9e de lecture estim\u00e9e":"2 minutes"},"schema":{"@context":"https:\/\/schema.org","@graph":[{"@type":"WebPage","@id":"https:\/\/enjoyboats.eu\/fr\/buy-a-boat-2\/","url":"https:\/\/enjoyboats.eu\/fr\/buy-a-boat-2\/","name":"Bateaux \u00e0 vendre \u00e0 Altea | Enjoy Boats | Location bateau Costa Blanca","isPartOf":{"@id":"https:\/\/enjoyboats.eu\/fr\/#website"},"primaryImageOfPage":{"@id":"https:\/\/enjoyboats.eu\/fr\/buy-a-boat-2\/#primaryimage"},"image":{"@id":"https:\/\/enjoyboats.eu\/fr\/buy-a-boat-2\/#primaryimage"},"thumbnailUrl":"https:\/\/enjoyboats.eu\/wp-content\/uploads\/2025\/01\/5.webp","datePublished":"2025-01-25T08:50:35+00:00","dateModified":"2025-12-04T13:20:14+00:00","description":"Vous r\u00eavez de poss\u00e9der un bateau \u00e0 Altea ? D\u00e9couvrez nos mod\u00e8les haut de gamme. Envie de louer ? Nous proposons aussi la location de bateaux.","breadcrumb":{"@id":"https:\/\/enjoyboats.eu\/fr\/buy-a-boat-2\/#breadcrumb"},"inLanguage":"fr-FR","potentialAction":[{"@type":"ReadAction","target":["https:\/\/enjoyboats.eu\/fr\/buy-a-boat-2\/"]}]},{"@type":"ImageObject","inLanguage":"fr-FR","@id":"https:\/\/enjoyboats.eu\/fr\/buy-a-boat-2\/#primaryimage","url":"https:\/\/enjoyboats.eu\/wp-content\/uploads\/2025\/01\/5.webp","contentUrl":"https:\/\/enjoyboats.eu\/wp-content\/uploads\/2025\/01\/5.webp","width":1920,"height":1280},{"@type":"BreadcrumbList","@id":"https:\/\/enjoyboats.eu\/fr\/buy-a-boat-2\/#breadcrumb","itemListElement":[{"@type":"ListItem","position":1,"name":"Home","item":"https:\/\/enjoyboats.eu\/fr\/"},{"@type":"ListItem","position":2,"name":"Achetez un bateau"}]},{"@type":"WebSite","@id":"https:\/\/enjoyboats.eu\/fr\/#website","url":"https:\/\/enjoyboats.eu\/fr\/","name":"Enjoy Boats","description":"Boat rental in the Costa Blanca","publisher":{"@id":"https:\/\/enjoyboats.eu\/fr\/#organization"},"alternateName":"Enjoy Boats Rental & Sales","potentialAction":[{"@type":"SearchAction","target":{"@type":"EntryPoint","urlTemplate":"https:\/\/enjoyboats.eu\/fr\/?s={search_term_string}"},"query-input":{"@type":"PropertyValueSpecification","valueRequired":true,"valueName":"search_term_string"}}],"inLanguage":"fr-FR"},{"@type":"Organization","@id":"https:\/\/enjoyboats.eu\/fr\/#organization","name":"Enjoy Boats","url":"https:\/\/enjoyboats.eu\/fr\/","logo":{"@type":"ImageObject","inLanguage":"fr-FR","@id":"https:\/\/enjoyboats.eu\/fr\/#\/schema\/logo\/image\/","url":"https:\/\/enjoyboats.eu\/wp-content\/uploads\/2025\/02\/EnjoyBoats_Logo.webp","contentUrl":"https:\/\/enjoyboats.eu\/wp-content\/uploads\/2025\/02\/EnjoyBoats_Logo.webp","width":591,"height":507,"caption":"Enjoy Boats"},"image":{"@id":"https:\/\/enjoyboats.eu\/fr\/#\/schema\/logo\/image\/"},"sameAs":["https:\/\/www.facebook.com\/profile.php?id=61562737064557&mibextid=wwXIfr&rdid=W4C14M5Q5zKVlMlm#","https:\/\/www.instagram.com\/enjoyboatsrentalandsales?igsh=MTZ4NWl1ZTB4NjJlMw&utm_source=website"]}]}},"_links":{"self":[{"href":"https:\/\/enjoyboats.eu\/fr\/wp-json\/wp\/v2\/pages\/1153","targetHints":{"allow":["GET"]}}],"collection":[{"href":"https:\/\/enjoyboats.eu\/fr\/wp-json\/wp\/v2\/pages"}],"about":[{"href":"https:\/\/enjoyboats.eu\/fr\/wp-json\/wp\/v2\/types\/page"}],"author":[{"embeddable":true,"href":"https:\/\/enjoyboats.eu\/fr\/wp-json\/wp\/v2\/users\/1"}],"replies":[{"embeddable":true,"href":"https:\/\/enjoyboats.eu\/fr\/wp-json\/wp\/v2\/comments?post=1153"}],"version-history":[{"count":7,"href":"https:\/\/enjoyboats.eu\/fr\/wp-json\/wp\/v2\/pages\/1153\/revisions"}],"predecessor-version":[{"id":7614,"href":"https:\/\/enjoyboats.eu\/fr\/wp-json\/wp\/v2\/pages\/1153\/revisions\/7614"}],"wp:featuredmedia":[{"embeddable":true,"href":"https:\/\/enjoyboats.eu\/fr\/wp-json\/wp\/v2\/media\/660"}],"wp:attachment":[{"href":"https:\/\/enjoyboats.eu\/fr\/wp-json\/wp\/v2\/media?parent=1153"}],"curies":[{"name":"wp","href":"https:\/\/api.w.org\/{rel}","templated":true}]}}