{"id":7943,"date":"2026-04-30T18:36:02","date_gmt":"2026-04-30T16:36:02","guid":{"rendered":"https:\/\/enjoyboats.eu\/?post_type=product&#038;p=7943"},"modified":"2026-05-02T11:46:16","modified_gmt":"2026-05-02T09:46:16","slug":"predator-600p-enjoy-6","status":"publish","type":"product","link":"https:\/\/enjoyboats.eu\/es\/product\/predator-600p-enjoy-6\/","title":{"rendered":"PREDATOR 600 &#8211; ENJOY 6"},"content":{"rendered":"<p data-start=\"75\" data-end=\"363\">El<strong> ITALBOATS<\/strong> &#8211; <strong data-start=\"78\" data-end=\"103\">Predator 600<\/strong>\u00a0es la combinaci\u00f3n perfecta entre lujo, confort y funcionalidad, dise\u00f1ado para ofrecerte una experiencia de navegaci\u00f3n excepcional durante todo el d\u00eda. Su distribuci\u00f3n inteligente maximiza el espacio a bordo, permitiendo moverte con total libertad y comodidad.<\/p>\n<p data-start=\"365\" data-end=\"673\">De serie, incorpora un elegante asiento de piloto inclinado que garantiza una conducci\u00f3n ergon\u00f3mica y segura, junto con amplios asientos envolventes en la zona de popa que invitan al relax y al disfrute en grupo. Cada detalle ha sido pensado para ofrecer el m\u00e1ximo confort, tanto en navegaci\u00f3n como fondeado.<\/p>\n<p data-start=\"675\" data-end=\"973\">Adem\u00e1s, cuenta con un completo equipamiento que eleva la experiencia a otro nivel: sol\u00e1rium en proa para tomar el sol, consola central con parabrisas para mayor protecci\u00f3n, sistema de direcci\u00f3n preciso, espacios de almacenamiento bien distribuidos y acabados de alta calidad en toda la embarcaci\u00f3n.<\/p>\n<p data-start=\"975\" data-end=\"1109\">El <strong data-start=\"978\" data-end=\"1003\">Predator 600 <\/strong>\u00a0no es solo una embarcaci\u00f3n, es una invitaci\u00f3n a disfrutar del mar con estilo, comodidad y total libertad.<\/p>\n","protected":false},"excerpt":{"rendered":"<p>Combina el lujo con la practicidad para proporcionarte la plataforma perfecta para disfrutar de la navegaci\u00f3n durante todo el d\u00eda.<\/p>\n","protected":false},"featured_media":3474,"template":"","meta":{"_acf_changed":false},"product_brand":[],"product_cat":[295,299,217],"product_tag":[],"class_list":{"0":"post-7943","1":"product","2":"type-product","3":"status-publish","4":"has-post-thumbnail","6":"product_cat-en-alquiler","7":"product_cat-en-venta","8":"product_cat-predator-es","9":"pa_persons-8-es","12":"first","13":"instock","14":"virtual","15":"sold-individually","16":"purchasable","17":"product-type-booking"},"booking_location":"","booking_location_type":"","booking_duration":1,"booking_duration_unit":"hour","booking_buffer":0,"booking_cost":260,"booking_resources":[1063,1062],"acf":[],"yoast_head":"<!-- This site is optimized with the Yoast SEO plugin v27.5 - https:\/\/yoast.com\/product\/yoast-seo-wordpress\/ -->\n<title>Alquilar barco Altea | Enjoy Boats | Predator 600P<\/title>\n<meta name=\"description\" content=\"Lujo y funcionalidad con la Predator 600P. Alquiler de barco en Altea. Ofrece asientos envolventes y amplio espacio para un d\u00eda perfecto a bordo.\" \/>\n<meta name=\"robots\" content=\"index, follow, max-snippet:-1, max-image-preview:large, max-video-preview:-1\" \/>\n<link rel=\"canonical\" href=\"https:\/\/enjoyboats.eu\/es\/product\/predator-600p-enjoy-6\/\" \/>\n<meta property=\"og:locale\" content=\"es_ES\" \/>\n<meta property=\"og:type\" content=\"article\" \/>\n<meta property=\"og:title\" content=\"Alquilar barco Altea | Enjoy Boats | Predator 600P\" \/>\n<meta property=\"og:description\" content=\"Lujo y funcionalidad con la Predator 600P. Alquiler de barco en Altea. Ofrece asientos envolventes y amplio espacio para un d\u00eda perfecto a bordo.\" \/>\n<meta property=\"og:url\" content=\"https:\/\/enjoyboats.eu\/es\/product\/predator-600p-enjoy-6\/\" \/>\n<meta property=\"og:site_name\" content=\"Enjoy Boats\" \/>\n<meta property=\"article:publisher\" content=\"https:\/\/www.facebook.com\/profile.php?id=61562737064557&amp;mibextid=wwXIfr&amp;rdid=W4C14M5Q5zKVlMlm#\" \/>\n<meta property=\"article:modified_time\" content=\"2026-05-02T09:46:16+00:00\" \/>\n<meta property=\"og:image\" content=\"https:\/\/enjoyboats.eu\/wp-content\/uploads\/2025\/02\/DSC07488-scaled.jpg\" \/>\n\t<meta property=\"og:image:width\" content=\"2560\" \/>\n\t<meta property=\"og:image:height\" content=\"1440\" \/>\n\t<meta property=\"og:image:type\" content=\"image\/jpeg\" \/>\n<meta name=\"twitter:card\" content=\"summary_large_image\" \/>\n<meta name=\"twitter:label1\" content=\"Tiempo de lectura\" \/>\n\t<meta name=\"twitter:data1\" content=\"1 minuto\" \/>\n<script type=\"application\/ld+json\" class=\"yoast-schema-graph\">{\"@context\":\"https:\\\/\\\/schema.org\",\"@graph\":[{\"@type\":\"WebPage\",\"@id\":\"https:\\\/\\\/enjoyboats.eu\\\/es\\\/product\\\/predator-600p-enjoy-6\\\/\",\"url\":\"https:\\\/\\\/enjoyboats.eu\\\/es\\\/product\\\/predator-600p-enjoy-6\\\/\",\"name\":\"Alquilar barco Altea | Enjoy Boats | Predator 600P\",\"isPartOf\":{\"@id\":\"https:\\\/\\\/enjoyboats.eu\\\/es\\\/#website\"},\"primaryImageOfPage\":{\"@id\":\"https:\\\/\\\/enjoyboats.eu\\\/es\\\/product\\\/predator-600p-enjoy-6\\\/#primaryimage\"},\"image\":{\"@id\":\"https:\\\/\\\/enjoyboats.eu\\\/es\\\/product\\\/predator-600p-enjoy-6\\\/#primaryimage\"},\"thumbnailUrl\":\"https:\\\/\\\/enjoyboats.eu\\\/wp-content\\\/uploads\\\/2025\\\/02\\\/DSC07488-scaled.jpg\",\"datePublished\":\"2026-04-30T16:36:02+00:00\",\"dateModified\":\"2026-05-02T09:46:16+00:00\",\"description\":\"Lujo y funcionalidad con la Predator 600P. Alquiler de barco en Altea. Ofrece asientos envolventes y amplio espacio para un d\u00eda perfecto a bordo.\",\"breadcrumb\":{\"@id\":\"https:\\\/\\\/enjoyboats.eu\\\/es\\\/product\\\/predator-600p-enjoy-6\\\/#breadcrumb\"},\"inLanguage\":\"es\",\"potentialAction\":[{\"@type\":\"ReadAction\",\"target\":[\"https:\\\/\\\/enjoyboats.eu\\\/es\\\/product\\\/predator-600p-enjoy-6\\\/\"]}]},{\"@type\":\"ImageObject\",\"inLanguage\":\"es\",\"@id\":\"https:\\\/\\\/enjoyboats.eu\\\/es\\\/product\\\/predator-600p-enjoy-6\\\/#primaryimage\",\"url\":\"https:\\\/\\\/enjoyboats.eu\\\/wp-content\\\/uploads\\\/2025\\\/02\\\/DSC07488-scaled.jpg\",\"contentUrl\":\"https:\\\/\\\/enjoyboats.eu\\\/wp-content\\\/uploads\\\/2025\\\/02\\\/DSC07488-scaled.jpg\",\"width\":2560,\"height\":1440,\"caption\":\"Boat rental Costa Blanca \u2013 Enjoy Boats\"},{\"@type\":\"BreadcrumbList\",\"@id\":\"https:\\\/\\\/enjoyboats.eu\\\/es\\\/product\\\/predator-600p-enjoy-6\\\/#breadcrumb\",\"itemListElement\":[{\"@type\":\"ListItem\",\"position\":1,\"name\":\"Home\",\"item\":\"https:\\\/\\\/enjoyboats.eu\\\/es\\\/\"},{\"@type\":\"ListItem\",\"position\":2,\"name\":\"Alquila un barco\",\"item\":\"https:\\\/\\\/enjoyboats.eu\\\/es\\\/alquila-un-barco-altea-costa-blanca\\\/\"},{\"@type\":\"ListItem\",\"position\":3,\"name\":\"PREDATOR 600 &#8211; ENJOY 6\"}]},{\"@type\":\"WebSite\",\"@id\":\"https:\\\/\\\/enjoyboats.eu\\\/es\\\/#website\",\"url\":\"https:\\\/\\\/enjoyboats.eu\\\/es\\\/\",\"name\":\"Enjoy Boats\",\"description\":\"Boat rental in the Costa Blanca\",\"publisher\":{\"@id\":\"https:\\\/\\\/enjoyboats.eu\\\/es\\\/#organization\"},\"alternateName\":\"Enjoy Boats Rental & Sales\",\"potentialAction\":[{\"@type\":\"SearchAction\",\"target\":{\"@type\":\"EntryPoint\",\"urlTemplate\":\"https:\\\/\\\/enjoyboats.eu\\\/es\\\/?s={search_term_string}\"},\"query-input\":{\"@type\":\"PropertyValueSpecification\",\"valueRequired\":true,\"valueName\":\"search_term_string\"}}],\"inLanguage\":\"es\"},{\"@type\":\"Organization\",\"@id\":\"https:\\\/\\\/enjoyboats.eu\\\/es\\\/#organization\",\"name\":\"Enjoy Boats\",\"url\":\"https:\\\/\\\/enjoyboats.eu\\\/es\\\/\",\"logo\":{\"@type\":\"ImageObject\",\"inLanguage\":\"es\",\"@id\":\"https:\\\/\\\/enjoyboats.eu\\\/es\\\/#\\\/schema\\\/logo\\\/image\\\/\",\"url\":\"https:\\\/\\\/enjoyboats.eu\\\/wp-content\\\/uploads\\\/2025\\\/02\\\/EnjoyBoats_Logo.webp\",\"contentUrl\":\"https:\\\/\\\/enjoyboats.eu\\\/wp-content\\\/uploads\\\/2025\\\/02\\\/EnjoyBoats_Logo.webp\",\"width\":591,\"height\":507,\"caption\":\"Enjoy Boats\"},\"image\":{\"@id\":\"https:\\\/\\\/enjoyboats.eu\\\/es\\\/#\\\/schema\\\/logo\\\/image\\\/\"},\"sameAs\":[\"https:\\\/\\\/www.facebook.com\\\/profile.php?id=61562737064557&mibextid=wwXIfr&rdid=W4C14M5Q5zKVlMlm#\",\"https:\\\/\\\/www.instagram.com\\\/enjoyboatsrentalandsales?igsh=MTZ4NWl1ZTB4NjJlMw&utm_source=website\"]}]}<\/script>\n<!-- \/ Yoast SEO plugin. -->","yoast_head_json":{"title":"Alquilar barco Altea | Enjoy Boats | Predator 600P","description":"Lujo y funcionalidad con la Predator 600P. Alquiler de barco en Altea. Ofrece asientos envolventes y amplio espacio para un d\u00eda perfecto a bordo.","robots":{"index":"index","follow":"follow","max-snippet":"max-snippet:-1","max-image-preview":"max-image-preview:large","max-video-preview":"max-video-preview:-1"},"canonical":"https:\/\/enjoyboats.eu\/es\/product\/predator-600p-enjoy-6\/","og_locale":"es_ES","og_type":"article","og_title":"Alquilar barco Altea | Enjoy Boats | Predator 600P","og_description":"Lujo y funcionalidad con la Predator 600P. Alquiler de barco en Altea. Ofrece asientos envolventes y amplio espacio para un d\u00eda perfecto a bordo.","og_url":"https:\/\/enjoyboats.eu\/es\/product\/predator-600p-enjoy-6\/","og_site_name":"Enjoy Boats","article_publisher":"https:\/\/www.facebook.com\/profile.php?id=61562737064557&mibextid=wwXIfr&rdid=W4C14M5Q5zKVlMlm#","article_modified_time":"2026-05-02T09:46:16+00:00","og_image":[{"width":2560,"height":1440,"url":"https:\/\/enjoyboats.eu\/wp-content\/uploads\/2025\/02\/DSC07488-scaled.jpg","type":"image\/jpeg"}],"twitter_card":"summary_large_image","twitter_misc":{"Tiempo de lectura":"1 minuto"},"schema":{"@context":"https:\/\/schema.org","@graph":[{"@type":"WebPage","@id":"https:\/\/enjoyboats.eu\/es\/product\/predator-600p-enjoy-6\/","url":"https:\/\/enjoyboats.eu\/es\/product\/predator-600p-enjoy-6\/","name":"Alquilar barco Altea | Enjoy Boats | Predator 600P","isPartOf":{"@id":"https:\/\/enjoyboats.eu\/es\/#website"},"primaryImageOfPage":{"@id":"https:\/\/enjoyboats.eu\/es\/product\/predator-600p-enjoy-6\/#primaryimage"},"image":{"@id":"https:\/\/enjoyboats.eu\/es\/product\/predator-600p-enjoy-6\/#primaryimage"},"thumbnailUrl":"https:\/\/enjoyboats.eu\/wp-content\/uploads\/2025\/02\/DSC07488-scaled.jpg","datePublished":"2026-04-30T16:36:02+00:00","dateModified":"2026-05-02T09:46:16+00:00","description":"Lujo y funcionalidad con la Predator 600P. Alquiler de barco en Altea. Ofrece asientos envolventes y amplio espacio para un d\u00eda perfecto a bordo.","breadcrumb":{"@id":"https:\/\/enjoyboats.eu\/es\/product\/predator-600p-enjoy-6\/#breadcrumb"},"inLanguage":"es","potentialAction":[{"@type":"ReadAction","target":["https:\/\/enjoyboats.eu\/es\/product\/predator-600p-enjoy-6\/"]}]},{"@type":"ImageObject","inLanguage":"es","@id":"https:\/\/enjoyboats.eu\/es\/product\/predator-600p-enjoy-6\/#primaryimage","url":"https:\/\/enjoyboats.eu\/wp-content\/uploads\/2025\/02\/DSC07488-scaled.jpg","contentUrl":"https:\/\/enjoyboats.eu\/wp-content\/uploads\/2025\/02\/DSC07488-scaled.jpg","width":2560,"height":1440,"caption":"Boat rental Costa Blanca \u2013 Enjoy Boats"},{"@type":"BreadcrumbList","@id":"https:\/\/enjoyboats.eu\/es\/product\/predator-600p-enjoy-6\/#breadcrumb","itemListElement":[{"@type":"ListItem","position":1,"name":"Home","item":"https:\/\/enjoyboats.eu\/es\/"},{"@type":"ListItem","position":2,"name":"Alquila un barco","item":"https:\/\/enjoyboats.eu\/es\/alquila-un-barco-altea-costa-blanca\/"},{"@type":"ListItem","position":3,"name":"PREDATOR 600 &#8211; ENJOY 6"}]},{"@type":"WebSite","@id":"https:\/\/enjoyboats.eu\/es\/#website","url":"https:\/\/enjoyboats.eu\/es\/","name":"Enjoy Boats","description":"Boat rental in the Costa Blanca","publisher":{"@id":"https:\/\/enjoyboats.eu\/es\/#organization"},"alternateName":"Enjoy Boats Rental & Sales","potentialAction":[{"@type":"SearchAction","target":{"@type":"EntryPoint","urlTemplate":"https:\/\/enjoyboats.eu\/es\/?s={search_term_string}"},"query-input":{"@type":"PropertyValueSpecification","valueRequired":true,"valueName":"search_term_string"}}],"inLanguage":"es"},{"@type":"Organization","@id":"https:\/\/enjoyboats.eu\/es\/#organization","name":"Enjoy Boats","url":"https:\/\/enjoyboats.eu\/es\/","logo":{"@type":"ImageObject","inLanguage":"es","@id":"https:\/\/enjoyboats.eu\/es\/#\/schema\/logo\/image\/","url":"https:\/\/enjoyboats.eu\/wp-content\/uploads\/2025\/02\/EnjoyBoats_Logo.webp","contentUrl":"https:\/\/enjoyboats.eu\/wp-content\/uploads\/2025\/02\/EnjoyBoats_Logo.webp","width":591,"height":507,"caption":"Enjoy Boats"},"image":{"@id":"https:\/\/enjoyboats.eu\/es\/#\/schema\/logo\/image\/"},"sameAs":["https:\/\/www.facebook.com\/profile.php?id=61562737064557&mibextid=wwXIfr&rdid=W4C14M5Q5zKVlMlm#","https:\/\/www.instagram.com\/enjoyboatsrentalandsales?igsh=MTZ4NWl1ZTB4NjJlMw&utm_source=website"]}]}},"_links":{"self":[{"href":"https:\/\/enjoyboats.eu\/es\/wp-json\/wp\/v2\/product\/7943","targetHints":{"allow":["GET"]}}],"collection":[{"href":"https:\/\/enjoyboats.eu\/es\/wp-json\/wp\/v2\/product"}],"about":[{"href":"https:\/\/enjoyboats.eu\/es\/wp-json\/wp\/v2\/types\/product"}],"wp:featuredmedia":[{"embeddable":true,"href":"https:\/\/enjoyboats.eu\/es\/wp-json\/wp\/v2\/media\/3474"}],"wp:attachment":[{"href":"https:\/\/enjoyboats.eu\/es\/wp-json\/wp\/v2\/media?parent=7943"}],"wp:term":[{"taxonomy":"product_brand","embeddable":true,"href":"https:\/\/enjoyboats.eu\/es\/wp-json\/wp\/v2\/product_brand?post=7943"},{"taxonomy":"product_cat","embeddable":true,"href":"https:\/\/enjoyboats.eu\/es\/wp-json\/wp\/v2\/product_cat?post=7943"},{"taxonomy":"product_tag","embeddable":true,"href":"https:\/\/enjoyboats.eu\/es\/wp-json\/wp\/v2\/product_tag?post=7943"}],"curies":[{"name":"wp","href":"https:\/\/api.w.org\/{rel}","templated":true}]}}