{"id":1773,"date":"2025-02-07T13:21:17","date_gmt":"2025-02-07T12:21:17","guid":{"rendered":"https:\/\/enjoyboats.eu\/?post_type=product&#038;p=1773"},"modified":"2025-07-08T13:18:37","modified_gmt":"2025-07-08T11:18:37","slug":"stingher-380fr","status":"publish","type":"product","link":"https:\/\/enjoyboats.eu\/es\/product\/stingher-380fr\/","title":{"rendered":"Stingher 380FR"},"content":{"rendered":"<p>Stingher encarna la excelencia seg\u00fan Italboats: una gama de embarcaciones premium dise\u00f1adas para quienes hacen de la belleza y la elegancia su forma de vida.<br \/>\nDise\u00f1o italiano premium, tecnolog\u00edas de vanguardia y aut\u00e9ntica pasi\u00f3n artesanal se unen para crear una de las embarcaciones m\u00e1s cautivadoras y de mayor rendimiento del mundo.<\/p>\n<p>Stingher, aut\u00e9ntico estilo italiano.<\/p>\n","protected":false},"excerpt":{"rendered":"<p>Dise\u00f1ado para quienes hacen de la belleza y la elegancia su forma de vida.<\/p>\n","protected":false},"featured_media":3459,"template":"","meta":{"_acf_changed":false},"product_brand":[],"product_cat":[295,299,77],"product_tag":[],"class_list":{"0":"post-1773","1":"product","2":"type-product","3":"status-publish","4":"has-post-thumbnail","6":"product_cat-en-alquiler","7":"product_cat-en-venta","8":"product_cat-stingher-es","9":"pa_persons-5-es","12":"first","13":"instock","14":"virtual","15":"sold-individually","16":"purchasable","17":"product-type-booking"},"booking_location":"","booking_location_type":"","booking_duration":1,"booking_duration_unit":"hour","booking_buffer":0,"booking_cost":150,"booking_resources":[1062,2774],"acf":[],"yoast_head":"<!-- This site is optimized with the Yoast SEO plugin v27.4 - https:\/\/yoast.com\/product\/yoast-seo-wordpress\/ -->\n<title>Alquilar barco Altea | Enjoy Boats | Stingher 380FR<\/title>\n<meta name=\"description\" content=\"Alquila el Stingher 380FR en Altea: una lancha r\u00e1pida con velocidad de hasta 50 nudos. Perfecta para recorrer la costa con seguridad y estilo.\" \/>\n<meta name=\"robots\" content=\"index, follow, max-snippet:-1, max-image-preview:large, max-video-preview:-1\" \/>\n<link rel=\"canonical\" href=\"https:\/\/enjoyboats.eu\/es\/product\/stingher-380fr\/\" \/>\n<meta property=\"og:locale\" content=\"es_ES\" \/>\n<meta property=\"og:type\" content=\"article\" \/>\n<meta property=\"og:title\" content=\"Alquilar barco Altea | Enjoy Boats | Stingher 380FR\" \/>\n<meta property=\"og:description\" content=\"Alquila el Stingher 380FR en Altea: una lancha r\u00e1pida con velocidad de hasta 50 nudos. Perfecta para recorrer la costa con seguridad y estilo.\" \/>\n<meta property=\"og:url\" content=\"https:\/\/enjoyboats.eu\/es\/product\/stingher-380fr\/\" \/>\n<meta property=\"og:site_name\" content=\"Enjoy Boats\" \/>\n<meta property=\"article:publisher\" content=\"https:\/\/www.facebook.com\/profile.php?id=61562737064557&amp;mibextid=wwXIfr&amp;rdid=W4C14M5Q5zKVlMlm#\" \/>\n<meta property=\"article:modified_time\" content=\"2025-07-08T11:18:37+00:00\" \/>\n<meta property=\"og:image\" content=\"https:\/\/enjoyboats.eu\/wp-content\/uploads\/2025\/02\/DSC07713-scaled.jpg\" \/>\n\t<meta property=\"og:image:width\" content=\"2560\" \/>\n\t<meta property=\"og:image:height\" content=\"1440\" \/>\n\t<meta property=\"og:image:type\" content=\"image\/jpeg\" \/>\n<meta name=\"twitter:card\" content=\"summary_large_image\" \/>\n<meta name=\"twitter:label1\" content=\"Tiempo de lectura\" \/>\n\t<meta name=\"twitter:data1\" content=\"1 minuto\" \/>\n<script type=\"application\/ld+json\" class=\"yoast-schema-graph\">{\"@context\":\"https:\\\/\\\/schema.org\",\"@graph\":[{\"@type\":\"WebPage\",\"@id\":\"https:\\\/\\\/enjoyboats.eu\\\/es\\\/product\\\/stingher-380fr\\\/\",\"url\":\"https:\\\/\\\/enjoyboats.eu\\\/es\\\/product\\\/stingher-380fr\\\/\",\"name\":\"Alquilar barco Altea | Enjoy Boats | Stingher 380FR\",\"isPartOf\":{\"@id\":\"https:\\\/\\\/enjoyboats.eu\\\/es\\\/#website\"},\"primaryImageOfPage\":{\"@id\":\"https:\\\/\\\/enjoyboats.eu\\\/es\\\/product\\\/stingher-380fr\\\/#primaryimage\"},\"image\":{\"@id\":\"https:\\\/\\\/enjoyboats.eu\\\/es\\\/product\\\/stingher-380fr\\\/#primaryimage\"},\"thumbnailUrl\":\"https:\\\/\\\/enjoyboats.eu\\\/wp-content\\\/uploads\\\/2025\\\/02\\\/DSC07713-scaled.jpg\",\"datePublished\":\"2025-02-07T12:21:17+00:00\",\"dateModified\":\"2025-07-08T11:18:37+00:00\",\"description\":\"Alquila el Stingher 380FR en Altea: una lancha r\u00e1pida con velocidad de hasta 50 nudos. Perfecta para recorrer la costa con seguridad y estilo.\",\"breadcrumb\":{\"@id\":\"https:\\\/\\\/enjoyboats.eu\\\/es\\\/product\\\/stingher-380fr\\\/#breadcrumb\"},\"inLanguage\":\"es\",\"potentialAction\":[{\"@type\":\"ReadAction\",\"target\":[\"https:\\\/\\\/enjoyboats.eu\\\/es\\\/product\\\/stingher-380fr\\\/\"]}]},{\"@type\":\"ImageObject\",\"inLanguage\":\"es\",\"@id\":\"https:\\\/\\\/enjoyboats.eu\\\/es\\\/product\\\/stingher-380fr\\\/#primaryimage\",\"url\":\"https:\\\/\\\/enjoyboats.eu\\\/wp-content\\\/uploads\\\/2025\\\/02\\\/DSC07713-scaled.jpg\",\"contentUrl\":\"https:\\\/\\\/enjoyboats.eu\\\/wp-content\\\/uploads\\\/2025\\\/02\\\/DSC07713-scaled.jpg\",\"width\":2560,\"height\":1440,\"caption\":\"Stingher 380FR Explore Altea by boat \u2013 Rent a boat today\"},{\"@type\":\"BreadcrumbList\",\"@id\":\"https:\\\/\\\/enjoyboats.eu\\\/es\\\/product\\\/stingher-380fr\\\/#breadcrumb\",\"itemListElement\":[{\"@type\":\"ListItem\",\"position\":1,\"name\":\"Home\",\"item\":\"https:\\\/\\\/enjoyboats.eu\\\/es\\\/\"},{\"@type\":\"ListItem\",\"position\":2,\"name\":\"Alquila un barco\",\"item\":\"https:\\\/\\\/enjoyboats.eu\\\/es\\\/alquila-un-barco-altea-costa-blanca\\\/\"},{\"@type\":\"ListItem\",\"position\":3,\"name\":\"Stingher 380FR\"}]},{\"@type\":\"WebSite\",\"@id\":\"https:\\\/\\\/enjoyboats.eu\\\/es\\\/#website\",\"url\":\"https:\\\/\\\/enjoyboats.eu\\\/es\\\/\",\"name\":\"Enjoy Boats\",\"description\":\"Boat rental in the Costa Blanca\",\"publisher\":{\"@id\":\"https:\\\/\\\/enjoyboats.eu\\\/es\\\/#organization\"},\"alternateName\":\"Enjoy Boats Rental & Sales\",\"potentialAction\":[{\"@type\":\"SearchAction\",\"target\":{\"@type\":\"EntryPoint\",\"urlTemplate\":\"https:\\\/\\\/enjoyboats.eu\\\/es\\\/?s={search_term_string}\"},\"query-input\":{\"@type\":\"PropertyValueSpecification\",\"valueRequired\":true,\"valueName\":\"search_term_string\"}}],\"inLanguage\":\"es\"},{\"@type\":\"Organization\",\"@id\":\"https:\\\/\\\/enjoyboats.eu\\\/es\\\/#organization\",\"name\":\"Enjoy Boats\",\"url\":\"https:\\\/\\\/enjoyboats.eu\\\/es\\\/\",\"logo\":{\"@type\":\"ImageObject\",\"inLanguage\":\"es\",\"@id\":\"https:\\\/\\\/enjoyboats.eu\\\/es\\\/#\\\/schema\\\/logo\\\/image\\\/\",\"url\":\"https:\\\/\\\/enjoyboats.eu\\\/wp-content\\\/uploads\\\/2025\\\/02\\\/EnjoyBoats_Logo.webp\",\"contentUrl\":\"https:\\\/\\\/enjoyboats.eu\\\/wp-content\\\/uploads\\\/2025\\\/02\\\/EnjoyBoats_Logo.webp\",\"width\":591,\"height\":507,\"caption\":\"Enjoy Boats\"},\"image\":{\"@id\":\"https:\\\/\\\/enjoyboats.eu\\\/es\\\/#\\\/schema\\\/logo\\\/image\\\/\"},\"sameAs\":[\"https:\\\/\\\/www.facebook.com\\\/profile.php?id=61562737064557&mibextid=wwXIfr&rdid=W4C14M5Q5zKVlMlm#\",\"https:\\\/\\\/www.instagram.com\\\/enjoyboatsrentalandsales?igsh=MTZ4NWl1ZTB4NjJlMw&utm_source=website\"]}]}<\/script>\n<!-- \/ Yoast SEO plugin. -->","yoast_head_json":{"title":"Alquilar barco Altea | Enjoy Boats | Stingher 380FR","description":"Alquila el Stingher 380FR en Altea: una lancha r\u00e1pida con velocidad de hasta 50 nudos. Perfecta para recorrer la costa con seguridad y estilo.","robots":{"index":"index","follow":"follow","max-snippet":"max-snippet:-1","max-image-preview":"max-image-preview:large","max-video-preview":"max-video-preview:-1"},"canonical":"https:\/\/enjoyboats.eu\/es\/product\/stingher-380fr\/","og_locale":"es_ES","og_type":"article","og_title":"Alquilar barco Altea | Enjoy Boats | Stingher 380FR","og_description":"Alquila el Stingher 380FR en Altea: una lancha r\u00e1pida con velocidad de hasta 50 nudos. Perfecta para recorrer la costa con seguridad y estilo.","og_url":"https:\/\/enjoyboats.eu\/es\/product\/stingher-380fr\/","og_site_name":"Enjoy Boats","article_publisher":"https:\/\/www.facebook.com\/profile.php?id=61562737064557&mibextid=wwXIfr&rdid=W4C14M5Q5zKVlMlm#","article_modified_time":"2025-07-08T11:18:37+00:00","og_image":[{"width":2560,"height":1440,"url":"https:\/\/enjoyboats.eu\/wp-content\/uploads\/2025\/02\/DSC07713-scaled.jpg","type":"image\/jpeg"}],"twitter_card":"summary_large_image","twitter_misc":{"Tiempo de lectura":"1 minuto"},"schema":{"@context":"https:\/\/schema.org","@graph":[{"@type":"WebPage","@id":"https:\/\/enjoyboats.eu\/es\/product\/stingher-380fr\/","url":"https:\/\/enjoyboats.eu\/es\/product\/stingher-380fr\/","name":"Alquilar barco Altea | Enjoy Boats | Stingher 380FR","isPartOf":{"@id":"https:\/\/enjoyboats.eu\/es\/#website"},"primaryImageOfPage":{"@id":"https:\/\/enjoyboats.eu\/es\/product\/stingher-380fr\/#primaryimage"},"image":{"@id":"https:\/\/enjoyboats.eu\/es\/product\/stingher-380fr\/#primaryimage"},"thumbnailUrl":"https:\/\/enjoyboats.eu\/wp-content\/uploads\/2025\/02\/DSC07713-scaled.jpg","datePublished":"2025-02-07T12:21:17+00:00","dateModified":"2025-07-08T11:18:37+00:00","description":"Alquila el Stingher 380FR en Altea: una lancha r\u00e1pida con velocidad de hasta 50 nudos. Perfecta para recorrer la costa con seguridad y estilo.","breadcrumb":{"@id":"https:\/\/enjoyboats.eu\/es\/product\/stingher-380fr\/#breadcrumb"},"inLanguage":"es","potentialAction":[{"@type":"ReadAction","target":["https:\/\/enjoyboats.eu\/es\/product\/stingher-380fr\/"]}]},{"@type":"ImageObject","inLanguage":"es","@id":"https:\/\/enjoyboats.eu\/es\/product\/stingher-380fr\/#primaryimage","url":"https:\/\/enjoyboats.eu\/wp-content\/uploads\/2025\/02\/DSC07713-scaled.jpg","contentUrl":"https:\/\/enjoyboats.eu\/wp-content\/uploads\/2025\/02\/DSC07713-scaled.jpg","width":2560,"height":1440,"caption":"Stingher 380FR Explore Altea by boat \u2013 Rent a boat today"},{"@type":"BreadcrumbList","@id":"https:\/\/enjoyboats.eu\/es\/product\/stingher-380fr\/#breadcrumb","itemListElement":[{"@type":"ListItem","position":1,"name":"Home","item":"https:\/\/enjoyboats.eu\/es\/"},{"@type":"ListItem","position":2,"name":"Alquila un barco","item":"https:\/\/enjoyboats.eu\/es\/alquila-un-barco-altea-costa-blanca\/"},{"@type":"ListItem","position":3,"name":"Stingher 380FR"}]},{"@type":"WebSite","@id":"https:\/\/enjoyboats.eu\/es\/#website","url":"https:\/\/enjoyboats.eu\/es\/","name":"Enjoy Boats","description":"Boat rental in the Costa Blanca","publisher":{"@id":"https:\/\/enjoyboats.eu\/es\/#organization"},"alternateName":"Enjoy Boats Rental & Sales","potentialAction":[{"@type":"SearchAction","target":{"@type":"EntryPoint","urlTemplate":"https:\/\/enjoyboats.eu\/es\/?s={search_term_string}"},"query-input":{"@type":"PropertyValueSpecification","valueRequired":true,"valueName":"search_term_string"}}],"inLanguage":"es"},{"@type":"Organization","@id":"https:\/\/enjoyboats.eu\/es\/#organization","name":"Enjoy Boats","url":"https:\/\/enjoyboats.eu\/es\/","logo":{"@type":"ImageObject","inLanguage":"es","@id":"https:\/\/enjoyboats.eu\/es\/#\/schema\/logo\/image\/","url":"https:\/\/enjoyboats.eu\/wp-content\/uploads\/2025\/02\/EnjoyBoats_Logo.webp","contentUrl":"https:\/\/enjoyboats.eu\/wp-content\/uploads\/2025\/02\/EnjoyBoats_Logo.webp","width":591,"height":507,"caption":"Enjoy Boats"},"image":{"@id":"https:\/\/enjoyboats.eu\/es\/#\/schema\/logo\/image\/"},"sameAs":["https:\/\/www.facebook.com\/profile.php?id=61562737064557&mibextid=wwXIfr&rdid=W4C14M5Q5zKVlMlm#","https:\/\/www.instagram.com\/enjoyboatsrentalandsales?igsh=MTZ4NWl1ZTB4NjJlMw&utm_source=website"]}]}},"_links":{"self":[{"href":"https:\/\/enjoyboats.eu\/es\/wp-json\/wp\/v2\/product\/1773","targetHints":{"allow":["GET"]}}],"collection":[{"href":"https:\/\/enjoyboats.eu\/es\/wp-json\/wp\/v2\/product"}],"about":[{"href":"https:\/\/enjoyboats.eu\/es\/wp-json\/wp\/v2\/types\/product"}],"wp:featuredmedia":[{"embeddable":true,"href":"https:\/\/enjoyboats.eu\/es\/wp-json\/wp\/v2\/media\/3459"}],"wp:attachment":[{"href":"https:\/\/enjoyboats.eu\/es\/wp-json\/wp\/v2\/media?parent=1773"}],"wp:term":[{"taxonomy":"product_brand","embeddable":true,"href":"https:\/\/enjoyboats.eu\/es\/wp-json\/wp\/v2\/product_brand?post=1773"},{"taxonomy":"product_cat","embeddable":true,"href":"https:\/\/enjoyboats.eu\/es\/wp-json\/wp\/v2\/product_cat?post=1773"},{"taxonomy":"product_tag","embeddable":true,"href":"https:\/\/enjoyboats.eu\/es\/wp-json\/wp\/v2\/product_tag?post=1773"}],"curies":[{"name":"wp","href":"https:\/\/api.w.org\/{rel}","templated":true}]}}