{"id":1683,"date":"2025-02-07T13:17:53","date_gmt":"2025-02-07T12:17:53","guid":{"rendered":"https:\/\/enjoyboats.eu\/?post_type=product&#038;p=1683"},"modified":"2026-03-27T15:23:46","modified_gmt":"2026-03-27T14:23:46","slug":"stingher-22gt","status":"publish","type":"product","link":"https:\/\/enjoyboats.eu\/es\/product\/stingher-22gt\/","title":{"rendered":"Stingher 22GT"},"content":{"rendered":"<p>El Stingher 22GT se present\u00f3 en 2017 y adopta el famoso casco del 22 Diablo, conocido por ser la evoluci\u00f3n del ganador Stingher 686XS. La cubierta tambi\u00e9n deriva de la 22 Diablo, pero se ha redise\u00f1ado para que est\u00e9 en consonancia con el resto de la serie Stingher GT.<br \/>\nLos espacios se han optimizado para ofrecer los mismos accesorios que en los modelos superiores, sin dejar de garantizar la libertad de movimientos y una gran comodidad. El puesto de conducci\u00f3n con doble asiento reclinable permite conducir de pie o sentado, y se completa con mesa plegable, frigor\u00edfico, fregadero y cocina a petici\u00f3n. La nueva consola de conducci\u00f3n ofrece una buena protecci\u00f3n contra el viento y dispone de una puerta delantera con asiento integrado que, al abrirse, permite el acceso al vestuario\/aseo, donde es posible instalar un peque\u00f1o aseo.<br \/>\nEst\u00e1 disponible en una versi\u00f3n con un \u00fanico fueraborda de hasta 200 CV de potencia m\u00e1xima, que empuja la embarcaci\u00f3n auxiliar hasta 46 nudos en condiciones de mar favorables. Como en todas las embarcaciones neum\u00e1ticas de la gama Stingher, el casco de alto rendimiento es una aut\u00e9ntica V profunda. Esto ofrece una navegaci\u00f3n excepcionalmente seca y suave, con un manejo impecable y sin fuertes impactos.<br \/>\nLa Stingher 22GT destaca por ser una embarcaci\u00f3n neum\u00e1tica pr\u00e1ctica, deportiva y c\u00f3moda a la vez, apreciada por toda la familia.<\/p>\n","protected":false},"excerpt":{"rendered":"<div id=\"_rich_text-33-1385\" class=\"oxy-rich-text\">\n<p>El m\u00e1s peque\u00f1o de la serie GT, pero ofrece capacidades y prestaciones muy por encima de cualquier otro modelo de la competencia en su categor\u00eda.<\/p>\n<\/div>\n","protected":false},"featured_media":1748,"template":"","meta":{"_acf_changed":false},"product_brand":[],"product_cat":[77,295,299],"product_tag":[],"class_list":{"0":"post-1683","1":"product","2":"type-product","3":"status-publish","4":"has-post-thumbnail","6":"product_cat-stingher-es","7":"product_cat-en-alquiler","8":"product_cat-en-venta","9":"pa_persons-10-es","12":"first","13":"instock","14":"virtual","15":"sold-individually","16":"purchasable","17":"product-type-booking"},"booking_location":"","booking_location_type":"","booking_duration":1,"booking_duration_unit":"hour","booking_buffer":0,"booking_cost":370,"booking_resources":[1063,1062],"acf":[],"yoast_head":"<!-- This site is optimized with the Yoast SEO plugin v27.4 - https:\/\/yoast.com\/product\/yoast-seo-wordpress\/ -->\n<title>Alquilar barco Altea | Enjoy Boats | Stingher 22GT<\/title>\n<meta name=\"description\" content=\"El Stingher 22GT es una lancha semirr\u00edgida deportiva y c\u00f3moda. Ideal para familias que buscan alquilar en Altea y disfrutar de una navegaci\u00f3n suave.\" \/>\n<meta name=\"robots\" content=\"index, follow, max-snippet:-1, max-image-preview:large, max-video-preview:-1\" \/>\n<link rel=\"canonical\" href=\"https:\/\/enjoyboats.eu\/es\/product\/stingher-22gt\/\" \/>\n<meta property=\"og:locale\" content=\"es_ES\" \/>\n<meta property=\"og:type\" content=\"article\" \/>\n<meta property=\"og:title\" content=\"Alquilar barco Altea | Enjoy Boats | Stingher 22GT\" \/>\n<meta property=\"og:description\" content=\"El Stingher 22GT es una lancha semirr\u00edgida deportiva y c\u00f3moda. Ideal para familias que buscan alquilar en Altea y disfrutar de una navegaci\u00f3n suave.\" \/>\n<meta property=\"og:url\" content=\"https:\/\/enjoyboats.eu\/es\/product\/stingher-22gt\/\" \/>\n<meta property=\"og:site_name\" content=\"Enjoy Boats\" \/>\n<meta property=\"article:publisher\" content=\"https:\/\/www.facebook.com\/profile.php?id=61562737064557&amp;mibextid=wwXIfr&amp;rdid=W4C14M5Q5zKVlMlm#\" \/>\n<meta property=\"article:modified_time\" content=\"2026-03-27T14:23:46+00:00\" \/>\n<meta property=\"og:image\" content=\"https:\/\/enjoyboats.eu\/wp-content\/uploads\/2025\/02\/Stinger_22GT-28.webp\" \/>\n\t<meta property=\"og:image:width\" content=\"1683\" \/>\n\t<meta property=\"og:image:height\" content=\"1080\" \/>\n\t<meta property=\"og:image:type\" content=\"image\/webp\" \/>\n<meta name=\"twitter:card\" content=\"summary_large_image\" \/>\n<meta name=\"twitter:label1\" content=\"Tiempo de lectura\" \/>\n\t<meta name=\"twitter:data1\" content=\"2 minutos\" \/>\n<script type=\"application\/ld+json\" class=\"yoast-schema-graph\">{\"@context\":\"https:\\\/\\\/schema.org\",\"@graph\":[{\"@type\":\"WebPage\",\"@id\":\"https:\\\/\\\/enjoyboats.eu\\\/es\\\/product\\\/stingher-22gt\\\/\",\"url\":\"https:\\\/\\\/enjoyboats.eu\\\/es\\\/product\\\/stingher-22gt\\\/\",\"name\":\"Alquilar barco Altea | Enjoy Boats | Stingher 22GT\",\"isPartOf\":{\"@id\":\"https:\\\/\\\/enjoyboats.eu\\\/es\\\/#website\"},\"primaryImageOfPage\":{\"@id\":\"https:\\\/\\\/enjoyboats.eu\\\/es\\\/product\\\/stingher-22gt\\\/#primaryimage\"},\"image\":{\"@id\":\"https:\\\/\\\/enjoyboats.eu\\\/es\\\/product\\\/stingher-22gt\\\/#primaryimage\"},\"thumbnailUrl\":\"https:\\\/\\\/enjoyboats.eu\\\/wp-content\\\/uploads\\\/2025\\\/02\\\/Stinger_22GT-28.webp\",\"datePublished\":\"2025-02-07T12:17:53+00:00\",\"dateModified\":\"2026-03-27T14:23:46+00:00\",\"description\":\"El Stingher 22GT es una lancha semirr\u00edgida deportiva y c\u00f3moda. Ideal para familias que buscan alquilar en Altea y disfrutar de una navegaci\u00f3n suave.\",\"breadcrumb\":{\"@id\":\"https:\\\/\\\/enjoyboats.eu\\\/es\\\/product\\\/stingher-22gt\\\/#breadcrumb\"},\"inLanguage\":\"es\",\"potentialAction\":[{\"@type\":\"ReadAction\",\"target\":[\"https:\\\/\\\/enjoyboats.eu\\\/es\\\/product\\\/stingher-22gt\\\/\"]}]},{\"@type\":\"ImageObject\",\"inLanguage\":\"es\",\"@id\":\"https:\\\/\\\/enjoyboats.eu\\\/es\\\/product\\\/stingher-22gt\\\/#primaryimage\",\"url\":\"https:\\\/\\\/enjoyboats.eu\\\/wp-content\\\/uploads\\\/2025\\\/02\\\/Stinger_22GT-28.webp\",\"contentUrl\":\"https:\\\/\\\/enjoyboats.eu\\\/wp-content\\\/uploads\\\/2025\\\/02\\\/Stinger_22GT-28.webp\",\"width\":1683,\"height\":1080,\"caption\":\"Stinger 22GT Italboats boat rental in Altea, Costa Blanca\"},{\"@type\":\"BreadcrumbList\",\"@id\":\"https:\\\/\\\/enjoyboats.eu\\\/es\\\/product\\\/stingher-22gt\\\/#breadcrumb\",\"itemListElement\":[{\"@type\":\"ListItem\",\"position\":1,\"name\":\"Home\",\"item\":\"https:\\\/\\\/enjoyboats.eu\\\/es\\\/\"},{\"@type\":\"ListItem\",\"position\":2,\"name\":\"Alquila un barco\",\"item\":\"https:\\\/\\\/enjoyboats.eu\\\/es\\\/alquila-un-barco-altea-costa-blanca\\\/\"},{\"@type\":\"ListItem\",\"position\":3,\"name\":\"Stingher 22GT\"}]},{\"@type\":\"WebSite\",\"@id\":\"https:\\\/\\\/enjoyboats.eu\\\/es\\\/#website\",\"url\":\"https:\\\/\\\/enjoyboats.eu\\\/es\\\/\",\"name\":\"Enjoy Boats\",\"description\":\"Boat rental in the Costa Blanca\",\"publisher\":{\"@id\":\"https:\\\/\\\/enjoyboats.eu\\\/es\\\/#organization\"},\"alternateName\":\"Enjoy Boats Rental & Sales\",\"potentialAction\":[{\"@type\":\"SearchAction\",\"target\":{\"@type\":\"EntryPoint\",\"urlTemplate\":\"https:\\\/\\\/enjoyboats.eu\\\/es\\\/?s={search_term_string}\"},\"query-input\":{\"@type\":\"PropertyValueSpecification\",\"valueRequired\":true,\"valueName\":\"search_term_string\"}}],\"inLanguage\":\"es\"},{\"@type\":\"Organization\",\"@id\":\"https:\\\/\\\/enjoyboats.eu\\\/es\\\/#organization\",\"name\":\"Enjoy Boats\",\"url\":\"https:\\\/\\\/enjoyboats.eu\\\/es\\\/\",\"logo\":{\"@type\":\"ImageObject\",\"inLanguage\":\"es\",\"@id\":\"https:\\\/\\\/enjoyboats.eu\\\/es\\\/#\\\/schema\\\/logo\\\/image\\\/\",\"url\":\"https:\\\/\\\/enjoyboats.eu\\\/wp-content\\\/uploads\\\/2025\\\/02\\\/EnjoyBoats_Logo.webp\",\"contentUrl\":\"https:\\\/\\\/enjoyboats.eu\\\/wp-content\\\/uploads\\\/2025\\\/02\\\/EnjoyBoats_Logo.webp\",\"width\":591,\"height\":507,\"caption\":\"Enjoy Boats\"},\"image\":{\"@id\":\"https:\\\/\\\/enjoyboats.eu\\\/es\\\/#\\\/schema\\\/logo\\\/image\\\/\"},\"sameAs\":[\"https:\\\/\\\/www.facebook.com\\\/profile.php?id=61562737064557&mibextid=wwXIfr&rdid=W4C14M5Q5zKVlMlm#\",\"https:\\\/\\\/www.instagram.com\\\/enjoyboatsrentalandsales?igsh=MTZ4NWl1ZTB4NjJlMw&utm_source=website\"]}]}<\/script>\n<!-- \/ Yoast SEO plugin. -->","yoast_head_json":{"title":"Alquilar barco Altea | Enjoy Boats | Stingher 22GT","description":"El Stingher 22GT es una lancha semirr\u00edgida deportiva y c\u00f3moda. Ideal para familias que buscan alquilar en Altea y disfrutar de una navegaci\u00f3n suave.","robots":{"index":"index","follow":"follow","max-snippet":"max-snippet:-1","max-image-preview":"max-image-preview:large","max-video-preview":"max-video-preview:-1"},"canonical":"https:\/\/enjoyboats.eu\/es\/product\/stingher-22gt\/","og_locale":"es_ES","og_type":"article","og_title":"Alquilar barco Altea | Enjoy Boats | Stingher 22GT","og_description":"El Stingher 22GT es una lancha semirr\u00edgida deportiva y c\u00f3moda. Ideal para familias que buscan alquilar en Altea y disfrutar de una navegaci\u00f3n suave.","og_url":"https:\/\/enjoyboats.eu\/es\/product\/stingher-22gt\/","og_site_name":"Enjoy Boats","article_publisher":"https:\/\/www.facebook.com\/profile.php?id=61562737064557&mibextid=wwXIfr&rdid=W4C14M5Q5zKVlMlm#","article_modified_time":"2026-03-27T14:23:46+00:00","og_image":[{"width":1683,"height":1080,"url":"https:\/\/enjoyboats.eu\/wp-content\/uploads\/2025\/02\/Stinger_22GT-28.webp","type":"image\/webp"}],"twitter_card":"summary_large_image","twitter_misc":{"Tiempo de lectura":"2 minutos"},"schema":{"@context":"https:\/\/schema.org","@graph":[{"@type":"WebPage","@id":"https:\/\/enjoyboats.eu\/es\/product\/stingher-22gt\/","url":"https:\/\/enjoyboats.eu\/es\/product\/stingher-22gt\/","name":"Alquilar barco Altea | Enjoy Boats | Stingher 22GT","isPartOf":{"@id":"https:\/\/enjoyboats.eu\/es\/#website"},"primaryImageOfPage":{"@id":"https:\/\/enjoyboats.eu\/es\/product\/stingher-22gt\/#primaryimage"},"image":{"@id":"https:\/\/enjoyboats.eu\/es\/product\/stingher-22gt\/#primaryimage"},"thumbnailUrl":"https:\/\/enjoyboats.eu\/wp-content\/uploads\/2025\/02\/Stinger_22GT-28.webp","datePublished":"2025-02-07T12:17:53+00:00","dateModified":"2026-03-27T14:23:46+00:00","description":"El Stingher 22GT es una lancha semirr\u00edgida deportiva y c\u00f3moda. Ideal para familias que buscan alquilar en Altea y disfrutar de una navegaci\u00f3n suave.","breadcrumb":{"@id":"https:\/\/enjoyboats.eu\/es\/product\/stingher-22gt\/#breadcrumb"},"inLanguage":"es","potentialAction":[{"@type":"ReadAction","target":["https:\/\/enjoyboats.eu\/es\/product\/stingher-22gt\/"]}]},{"@type":"ImageObject","inLanguage":"es","@id":"https:\/\/enjoyboats.eu\/es\/product\/stingher-22gt\/#primaryimage","url":"https:\/\/enjoyboats.eu\/wp-content\/uploads\/2025\/02\/Stinger_22GT-28.webp","contentUrl":"https:\/\/enjoyboats.eu\/wp-content\/uploads\/2025\/02\/Stinger_22GT-28.webp","width":1683,"height":1080,"caption":"Stinger 22GT Italboats boat rental in Altea, Costa Blanca"},{"@type":"BreadcrumbList","@id":"https:\/\/enjoyboats.eu\/es\/product\/stingher-22gt\/#breadcrumb","itemListElement":[{"@type":"ListItem","position":1,"name":"Home","item":"https:\/\/enjoyboats.eu\/es\/"},{"@type":"ListItem","position":2,"name":"Alquila un barco","item":"https:\/\/enjoyboats.eu\/es\/alquila-un-barco-altea-costa-blanca\/"},{"@type":"ListItem","position":3,"name":"Stingher 22GT"}]},{"@type":"WebSite","@id":"https:\/\/enjoyboats.eu\/es\/#website","url":"https:\/\/enjoyboats.eu\/es\/","name":"Enjoy Boats","description":"Boat rental in the Costa Blanca","publisher":{"@id":"https:\/\/enjoyboats.eu\/es\/#organization"},"alternateName":"Enjoy Boats Rental & Sales","potentialAction":[{"@type":"SearchAction","target":{"@type":"EntryPoint","urlTemplate":"https:\/\/enjoyboats.eu\/es\/?s={search_term_string}"},"query-input":{"@type":"PropertyValueSpecification","valueRequired":true,"valueName":"search_term_string"}}],"inLanguage":"es"},{"@type":"Organization","@id":"https:\/\/enjoyboats.eu\/es\/#organization","name":"Enjoy Boats","url":"https:\/\/enjoyboats.eu\/es\/","logo":{"@type":"ImageObject","inLanguage":"es","@id":"https:\/\/enjoyboats.eu\/es\/#\/schema\/logo\/image\/","url":"https:\/\/enjoyboats.eu\/wp-content\/uploads\/2025\/02\/EnjoyBoats_Logo.webp","contentUrl":"https:\/\/enjoyboats.eu\/wp-content\/uploads\/2025\/02\/EnjoyBoats_Logo.webp","width":591,"height":507,"caption":"Enjoy Boats"},"image":{"@id":"https:\/\/enjoyboats.eu\/es\/#\/schema\/logo\/image\/"},"sameAs":["https:\/\/www.facebook.com\/profile.php?id=61562737064557&mibextid=wwXIfr&rdid=W4C14M5Q5zKVlMlm#","https:\/\/www.instagram.com\/enjoyboatsrentalandsales?igsh=MTZ4NWl1ZTB4NjJlMw&utm_source=website"]}]}},"_links":{"self":[{"href":"https:\/\/enjoyboats.eu\/es\/wp-json\/wp\/v2\/product\/1683","targetHints":{"allow":["GET"]}}],"collection":[{"href":"https:\/\/enjoyboats.eu\/es\/wp-json\/wp\/v2\/product"}],"about":[{"href":"https:\/\/enjoyboats.eu\/es\/wp-json\/wp\/v2\/types\/product"}],"wp:featuredmedia":[{"embeddable":true,"href":"https:\/\/enjoyboats.eu\/es\/wp-json\/wp\/v2\/media\/1748"}],"wp:attachment":[{"href":"https:\/\/enjoyboats.eu\/es\/wp-json\/wp\/v2\/media?parent=1683"}],"wp:term":[{"taxonomy":"product_brand","embeddable":true,"href":"https:\/\/enjoyboats.eu\/es\/wp-json\/wp\/v2\/product_brand?post=1683"},{"taxonomy":"product_cat","embeddable":true,"href":"https:\/\/enjoyboats.eu\/es\/wp-json\/wp\/v2\/product_cat?post=1683"},{"taxonomy":"product_tag","embeddable":true,"href":"https:\/\/enjoyboats.eu\/es\/wp-json\/wp\/v2\/product_tag?post=1683"}],"curies":[{"name":"wp","href":"https:\/\/api.w.org\/{rel}","templated":true}]}}