{"id":2337,"date":"2025-03-18T18:47:24","date_gmt":"2025-03-18T17:47:24","guid":{"rendered":"https:\/\/enjoyboats.eu\/consulta-nuestros-barcos-en-venta\/"},"modified":"2026-03-08T10:25:00","modified_gmt":"2026-03-08T09:25:00","slug":"consulta-nuestros-barcos-en-venta","status":"publish","type":"page","link":"https:\/\/enjoyboats.eu\/es\/consulta-nuestros-barcos-en-venta\/","title":{"rendered":"\u00a1Consulta nuestros Barcos en Venta!"},"content":{"rendered":"<div id=\"cs-content\" class=\"cs-content\"><\/div>\n","protected":false},"excerpt":{"rendered":"<p>\u00a1Descubre nuestros barcos en venta! Predator 600P &#8211; ENJOY 6Combina el lujo con la practicidad para proporcionarte la plataforma perfecta para disfrutar de la navegaci\u00f3n durante todo el d\u00eda. ContactoStingher 380FR &#8211; ENJOY 8Dise\u00f1ado para quienes hacen de la belleza y la elegancia su forma de vida. ContactoTender Sport 777El Tender Sport 777 es perfecto para familias, grupos de amigos&hellip;<\/p>\n","protected":false},"author":1,"featured_media":0,"parent":0,"menu_order":0,"comment_status":"closed","ping_status":"closed","template":"template-blank-4.php","meta":{"_acf_changed":false,"footnotes":""},"class_list":["post-2337","page","type-page","status-publish","hentry","no-post-thumbnail"],"acf":[],"yoast_head":"<!-- This site is optimized with the Yoast SEO plugin v27.5 - https:\/\/yoast.com\/product\/yoast-seo-wordpress\/ -->\n<title>Consulta nuestros Barcos en Venta - Altea<\/title>\n<meta name=\"description\" content=\"Descubre nuestra excepcional gama de barcos en venta en Altea, Costa Blanca. Tambi\u00e9n ofrecemos c\u00f3modos servicios de alquiler de embarcaciones y soluciones de almacenamiento seguro. \u00a1Comienza hoy mismo tu viaje n\u00e1utico con nosotros!\" \/>\n<meta name=\"robots\" content=\"index, follow, max-snippet:-1, max-image-preview:large, max-video-preview:-1\" \/>\n<link rel=\"canonical\" href=\"https:\/\/enjoyboats.eu\/es\/consulta-nuestros-barcos-en-venta\/\" \/>\n<meta property=\"og:locale\" content=\"es_ES\" \/>\n<meta property=\"og:type\" content=\"article\" \/>\n<meta property=\"og:title\" content=\"Consulta nuestros Barcos en Venta - Altea\" \/>\n<meta property=\"og:description\" content=\"Descubre nuestra excepcional gama de barcos en venta en Altea, Costa Blanca. Tambi\u00e9n ofrecemos c\u00f3modos servicios de alquiler de embarcaciones y soluciones de almacenamiento seguro. \u00a1Comienza hoy mismo tu viaje n\u00e1utico con nosotros!\" \/>\n<meta property=\"og:url\" content=\"https:\/\/enjoyboats.eu\/es\/consulta-nuestros-barcos-en-venta\/\" \/>\n<meta property=\"og:site_name\" content=\"Enjoy Boats\" \/>\n<meta property=\"article:publisher\" content=\"https:\/\/www.facebook.com\/profile.php?id=61562737064557&amp;mibextid=wwXIfr&amp;rdid=W4C14M5Q5zKVlMlm#\" \/>\n<meta property=\"article:modified_time\" content=\"2026-03-08T09:25:00+00:00\" \/>\n<meta property=\"og:image\" content=\"https:\/\/enjoyboats.eu\/wp-content\/uploads\/2025\/02\/EnjoyBoats_Logo.jpg\" \/>\n\t<meta property=\"og:image:width\" content=\"591\" \/>\n\t<meta property=\"og:image:height\" content=\"507\" \/>\n\t<meta property=\"og:image:type\" content=\"image\/jpeg\" \/>\n<meta name=\"twitter:card\" content=\"summary_large_image\" \/>\n<meta name=\"twitter:label1\" content=\"Tiempo de lectura\" \/>\n\t<meta name=\"twitter:data1\" content=\"1 minuto\" \/>\n<script type=\"application\/ld+json\" class=\"yoast-schema-graph\">{\"@context\":\"https:\\\/\\\/schema.org\",\"@graph\":[{\"@type\":\"WebPage\",\"@id\":\"https:\\\/\\\/enjoyboats.eu\\\/es\\\/consulta-nuestros-barcos-en-venta\\\/\",\"url\":\"https:\\\/\\\/enjoyboats.eu\\\/es\\\/consulta-nuestros-barcos-en-venta\\\/\",\"name\":\"Consulta nuestros Barcos en Venta - Altea\",\"isPartOf\":{\"@id\":\"https:\\\/\\\/enjoyboats.eu\\\/es\\\/#website\"},\"datePublished\":\"2025-03-18T17:47:24+00:00\",\"dateModified\":\"2026-03-08T09:25:00+00:00\",\"description\":\"Descubre nuestra excepcional gama de barcos en venta en Altea, Costa Blanca. Tambi\u00e9n ofrecemos c\u00f3modos servicios de alquiler de embarcaciones y soluciones de almacenamiento seguro. \u00a1Comienza hoy mismo tu viaje n\u00e1utico con nosotros!\",\"breadcrumb\":{\"@id\":\"https:\\\/\\\/enjoyboats.eu\\\/es\\\/consulta-nuestros-barcos-en-venta\\\/#breadcrumb\"},\"inLanguage\":\"es\",\"potentialAction\":[{\"@type\":\"ReadAction\",\"target\":[\"https:\\\/\\\/enjoyboats.eu\\\/es\\\/consulta-nuestros-barcos-en-venta\\\/\"]}]},{\"@type\":\"BreadcrumbList\",\"@id\":\"https:\\\/\\\/enjoyboats.eu\\\/es\\\/consulta-nuestros-barcos-en-venta\\\/#breadcrumb\",\"itemListElement\":[{\"@type\":\"ListItem\",\"position\":1,\"name\":\"Home\",\"item\":\"https:\\\/\\\/enjoyboats.eu\\\/es\\\/\"},{\"@type\":\"ListItem\",\"position\":2,\"name\":\"\u00a1Consulta nuestros Barcos en Venta!\"}]},{\"@type\":\"WebSite\",\"@id\":\"https:\\\/\\\/enjoyboats.eu\\\/es\\\/#website\",\"url\":\"https:\\\/\\\/enjoyboats.eu\\\/es\\\/\",\"name\":\"Enjoy Boats\",\"description\":\"Boat rental in the Costa Blanca\",\"publisher\":{\"@id\":\"https:\\\/\\\/enjoyboats.eu\\\/es\\\/#organization\"},\"alternateName\":\"Enjoy Boats Rental & Sales\",\"potentialAction\":[{\"@type\":\"SearchAction\",\"target\":{\"@type\":\"EntryPoint\",\"urlTemplate\":\"https:\\\/\\\/enjoyboats.eu\\\/es\\\/?s={search_term_string}\"},\"query-input\":{\"@type\":\"PropertyValueSpecification\",\"valueRequired\":true,\"valueName\":\"search_term_string\"}}],\"inLanguage\":\"es\"},{\"@type\":\"Organization\",\"@id\":\"https:\\\/\\\/enjoyboats.eu\\\/es\\\/#organization\",\"name\":\"Enjoy Boats\",\"url\":\"https:\\\/\\\/enjoyboats.eu\\\/es\\\/\",\"logo\":{\"@type\":\"ImageObject\",\"inLanguage\":\"es\",\"@id\":\"https:\\\/\\\/enjoyboats.eu\\\/es\\\/#\\\/schema\\\/logo\\\/image\\\/\",\"url\":\"https:\\\/\\\/enjoyboats.eu\\\/wp-content\\\/uploads\\\/2025\\\/02\\\/EnjoyBoats_Logo.webp\",\"contentUrl\":\"https:\\\/\\\/enjoyboats.eu\\\/wp-content\\\/uploads\\\/2025\\\/02\\\/EnjoyBoats_Logo.webp\",\"width\":591,\"height\":507,\"caption\":\"Enjoy Boats\"},\"image\":{\"@id\":\"https:\\\/\\\/enjoyboats.eu\\\/es\\\/#\\\/schema\\\/logo\\\/image\\\/\"},\"sameAs\":[\"https:\\\/\\\/www.facebook.com\\\/profile.php?id=61562737064557&mibextid=wwXIfr&rdid=W4C14M5Q5zKVlMlm#\",\"https:\\\/\\\/www.instagram.com\\\/enjoyboatsrentalandsales?igsh=MTZ4NWl1ZTB4NjJlMw&utm_source=website\"]}]}<\/script>\n<!-- \/ Yoast SEO plugin. -->","yoast_head_json":{"title":"Consulta nuestros Barcos en Venta - Altea","description":"Descubre nuestra excepcional gama de barcos en venta en Altea, Costa Blanca. Tambi\u00e9n ofrecemos c\u00f3modos servicios de alquiler de embarcaciones y soluciones de almacenamiento seguro. \u00a1Comienza hoy mismo tu viaje n\u00e1utico con nosotros!","robots":{"index":"index","follow":"follow","max-snippet":"max-snippet:-1","max-image-preview":"max-image-preview:large","max-video-preview":"max-video-preview:-1"},"canonical":"https:\/\/enjoyboats.eu\/es\/consulta-nuestros-barcos-en-venta\/","og_locale":"es_ES","og_type":"article","og_title":"Consulta nuestros Barcos en Venta - Altea","og_description":"Descubre nuestra excepcional gama de barcos en venta en Altea, Costa Blanca. Tambi\u00e9n ofrecemos c\u00f3modos servicios de alquiler de embarcaciones y soluciones de almacenamiento seguro. \u00a1Comienza hoy mismo tu viaje n\u00e1utico con nosotros!","og_url":"https:\/\/enjoyboats.eu\/es\/consulta-nuestros-barcos-en-venta\/","og_site_name":"Enjoy Boats","article_publisher":"https:\/\/www.facebook.com\/profile.php?id=61562737064557&mibextid=wwXIfr&rdid=W4C14M5Q5zKVlMlm#","article_modified_time":"2026-03-08T09:25:00+00:00","og_image":[{"width":591,"height":507,"url":"https:\/\/enjoyboats.eu\/wp-content\/uploads\/2025\/02\/EnjoyBoats_Logo.jpg","type":"image\/jpeg"}],"twitter_card":"summary_large_image","twitter_misc":{"Tiempo de lectura":"1 minuto"},"schema":{"@context":"https:\/\/schema.org","@graph":[{"@type":"WebPage","@id":"https:\/\/enjoyboats.eu\/es\/consulta-nuestros-barcos-en-venta\/","url":"https:\/\/enjoyboats.eu\/es\/consulta-nuestros-barcos-en-venta\/","name":"Consulta nuestros Barcos en Venta - Altea","isPartOf":{"@id":"https:\/\/enjoyboats.eu\/es\/#website"},"datePublished":"2025-03-18T17:47:24+00:00","dateModified":"2026-03-08T09:25:00+00:00","description":"Descubre nuestra excepcional gama de barcos en venta en Altea, Costa Blanca. Tambi\u00e9n ofrecemos c\u00f3modos servicios de alquiler de embarcaciones y soluciones de almacenamiento seguro. \u00a1Comienza hoy mismo tu viaje n\u00e1utico con nosotros!","breadcrumb":{"@id":"https:\/\/enjoyboats.eu\/es\/consulta-nuestros-barcos-en-venta\/#breadcrumb"},"inLanguage":"es","potentialAction":[{"@type":"ReadAction","target":["https:\/\/enjoyboats.eu\/es\/consulta-nuestros-barcos-en-venta\/"]}]},{"@type":"BreadcrumbList","@id":"https:\/\/enjoyboats.eu\/es\/consulta-nuestros-barcos-en-venta\/#breadcrumb","itemListElement":[{"@type":"ListItem","position":1,"name":"Home","item":"https:\/\/enjoyboats.eu\/es\/"},{"@type":"ListItem","position":2,"name":"\u00a1Consulta nuestros Barcos en Venta!"}]},{"@type":"WebSite","@id":"https:\/\/enjoyboats.eu\/es\/#website","url":"https:\/\/enjoyboats.eu\/es\/","name":"Enjoy Boats","description":"Boat rental in the Costa Blanca","publisher":{"@id":"https:\/\/enjoyboats.eu\/es\/#organization"},"alternateName":"Enjoy Boats Rental & Sales","potentialAction":[{"@type":"SearchAction","target":{"@type":"EntryPoint","urlTemplate":"https:\/\/enjoyboats.eu\/es\/?s={search_term_string}"},"query-input":{"@type":"PropertyValueSpecification","valueRequired":true,"valueName":"search_term_string"}}],"inLanguage":"es"},{"@type":"Organization","@id":"https:\/\/enjoyboats.eu\/es\/#organization","name":"Enjoy Boats","url":"https:\/\/enjoyboats.eu\/es\/","logo":{"@type":"ImageObject","inLanguage":"es","@id":"https:\/\/enjoyboats.eu\/es\/#\/schema\/logo\/image\/","url":"https:\/\/enjoyboats.eu\/wp-content\/uploads\/2025\/02\/EnjoyBoats_Logo.webp","contentUrl":"https:\/\/enjoyboats.eu\/wp-content\/uploads\/2025\/02\/EnjoyBoats_Logo.webp","width":591,"height":507,"caption":"Enjoy Boats"},"image":{"@id":"https:\/\/enjoyboats.eu\/es\/#\/schema\/logo\/image\/"},"sameAs":["https:\/\/www.facebook.com\/profile.php?id=61562737064557&mibextid=wwXIfr&rdid=W4C14M5Q5zKVlMlm#","https:\/\/www.instagram.com\/enjoyboatsrentalandsales?igsh=MTZ4NWl1ZTB4NjJlMw&utm_source=website"]}]}},"_links":{"self":[{"href":"https:\/\/enjoyboats.eu\/es\/wp-json\/wp\/v2\/pages\/2337","targetHints":{"allow":["GET"]}}],"collection":[{"href":"https:\/\/enjoyboats.eu\/es\/wp-json\/wp\/v2\/pages"}],"about":[{"href":"https:\/\/enjoyboats.eu\/es\/wp-json\/wp\/v2\/types\/page"}],"author":[{"embeddable":true,"href":"https:\/\/enjoyboats.eu\/es\/wp-json\/wp\/v2\/users\/1"}],"replies":[{"embeddable":true,"href":"https:\/\/enjoyboats.eu\/es\/wp-json\/wp\/v2\/comments?post=2337"}],"version-history":[{"count":5,"href":"https:\/\/enjoyboats.eu\/es\/wp-json\/wp\/v2\/pages\/2337\/revisions"}],"predecessor-version":[{"id":7752,"href":"https:\/\/enjoyboats.eu\/es\/wp-json\/wp\/v2\/pages\/2337\/revisions\/7752"}],"wp:attachment":[{"href":"https:\/\/enjoyboats.eu\/es\/wp-json\/wp\/v2\/media?parent=2337"}],"curies":[{"name":"wp","href":"https:\/\/api.w.org\/{rel}","templated":true}]}}