{"id":1147,"date":"2025-01-25T09:50:35","date_gmt":"2025-01-25T08:50:35","guid":{"rendered":"https:\/\/enjoyboats.erikdiks.nl\/buy-a-boat-spanish\/"},"modified":"2026-04-27T17:27:24","modified_gmt":"2026-04-27T15:27:24","slug":"compra-un-barco-costa-blanca","status":"publish","type":"page","link":"https:\/\/enjoyboats.eu\/es\/compra-un-barco-costa-blanca\/","title":{"rendered":"Compra un barco"},"content":{"rendered":"<div id=\"cs-content\" class=\"cs-content\"><\/div>\n","protected":false},"excerpt":{"rendered":"<p>Compra un barco Descubre Nuestra Selecci\u00f3n Exclusiva \u00a1Descubre nuestros barcos en venta!En Enjoy Boats, ofrecemos una selecci\u00f3n premium de barcos en venta, con algunos de los modelos m\u00e1s demandados de Italboats. Ya sea que est\u00e9s buscando un RIB de alto rendimiento completamente nuevo o un barco de segunda mano en excelente estado, nuestro inventario en constante cambio garantiza que puedas&hellip;<\/p>\n","protected":false},"author":1,"featured_media":658,"parent":0,"menu_order":0,"comment_status":"closed","ping_status":"closed","template":"template-blank-4.php","meta":{"_acf_changed":false,"footnotes":""},"class_list":["post-1147","page","type-page","status-publish","has-post-thumbnail","hentry"],"acf":[],"yoast_head":"<!-- This site is optimized with the Yoast SEO plugin v27.5 - https:\/\/yoast.com\/product\/yoast-seo-wordpress\/ -->\n<title>Barcos en Venta | Enjoy Boats | Alquiler de Barcos en Altea<\/title>\n<meta name=\"description\" content=\"\u00bfBuscas tu propio barco? Descubre nuestra selecci\u00f3n de barcos de lujo. \u00bfPrefieres alquilar? Tambi\u00e9n ofrecemos alquiler de barcos en Altea.\" \/>\n<meta name=\"robots\" content=\"index, follow, max-snippet:-1, max-image-preview:large, max-video-preview:-1\" \/>\n<link rel=\"canonical\" href=\"https:\/\/enjoyboats.eu\/es\/compra-un-barco-costa-blanca\/\" \/>\n<meta property=\"og:locale\" content=\"es_ES\" \/>\n<meta property=\"og:type\" content=\"article\" \/>\n<meta property=\"og:title\" content=\"Barcos en Venta | Enjoy Boats | Alquiler de Barcos en Altea\" \/>\n<meta property=\"og:description\" content=\"\u00bfBuscas tu propio barco? Descubre nuestra selecci\u00f3n de barcos de lujo. \u00bfPrefieres alquilar? Tambi\u00e9n ofrecemos alquiler de barcos en Altea.\" \/>\n<meta property=\"og:url\" content=\"https:\/\/enjoyboats.eu\/es\/compra-un-barco-costa-blanca\/\" \/>\n<meta property=\"og:site_name\" content=\"Enjoy Boats\" \/>\n<meta property=\"article:publisher\" content=\"https:\/\/www.facebook.com\/profile.php?id=61562737064557&amp;mibextid=wwXIfr&amp;rdid=W4C14M5Q5zKVlMlm#\" \/>\n<meta property=\"article:modified_time\" content=\"2026-04-27T15:27:24+00:00\" \/>\n<meta property=\"og:image\" content=\"https:\/\/enjoyboats.eu\/wp-content\/uploads\/2025\/01\/5-2.webp\" \/>\n\t<meta property=\"og:image:width\" content=\"1920\" \/>\n\t<meta property=\"og:image:height\" content=\"1280\" \/>\n\t<meta property=\"og:image:type\" content=\"image\/webp\" \/>\n<meta name=\"twitter:card\" content=\"summary_large_image\" \/>\n<meta name=\"twitter:label1\" content=\"Tiempo de lectura\" \/>\n\t<meta name=\"twitter:data1\" content=\"2 minutos\" \/>\n<script type=\"application\/ld+json\" class=\"yoast-schema-graph\">{\"@context\":\"https:\\\/\\\/schema.org\",\"@graph\":[{\"@type\":\"WebPage\",\"@id\":\"https:\\\/\\\/enjoyboats.eu\\\/es\\\/compra-un-barco-costa-blanca\\\/\",\"url\":\"https:\\\/\\\/enjoyboats.eu\\\/es\\\/compra-un-barco-costa-blanca\\\/\",\"name\":\"Barcos en Venta | Enjoy Boats | Alquiler de Barcos en Altea\",\"isPartOf\":{\"@id\":\"https:\\\/\\\/enjoyboats.eu\\\/es\\\/#website\"},\"primaryImageOfPage\":{\"@id\":\"https:\\\/\\\/enjoyboats.eu\\\/es\\\/compra-un-barco-costa-blanca\\\/#primaryimage\"},\"image\":{\"@id\":\"https:\\\/\\\/enjoyboats.eu\\\/es\\\/compra-un-barco-costa-blanca\\\/#primaryimage\"},\"thumbnailUrl\":\"https:\\\/\\\/enjoyboats.eu\\\/wp-content\\\/uploads\\\/2025\\\/01\\\/5-2.webp\",\"datePublished\":\"2025-01-25T08:50:35+00:00\",\"dateModified\":\"2026-04-27T15:27:24+00:00\",\"description\":\"\u00bfBuscas tu propio barco? Descubre nuestra selecci\u00f3n de barcos de lujo. \u00bfPrefieres alquilar? Tambi\u00e9n ofrecemos alquiler de barcos en Altea.\",\"breadcrumb\":{\"@id\":\"https:\\\/\\\/enjoyboats.eu\\\/es\\\/compra-un-barco-costa-blanca\\\/#breadcrumb\"},\"inLanguage\":\"es\",\"potentialAction\":[{\"@type\":\"ReadAction\",\"target\":[\"https:\\\/\\\/enjoyboats.eu\\\/es\\\/compra-un-barco-costa-blanca\\\/\"]}]},{\"@type\":\"ImageObject\",\"inLanguage\":\"es\",\"@id\":\"https:\\\/\\\/enjoyboats.eu\\\/es\\\/compra-un-barco-costa-blanca\\\/#primaryimage\",\"url\":\"https:\\\/\\\/enjoyboats.eu\\\/wp-content\\\/uploads\\\/2025\\\/01\\\/5-2.webp\",\"contentUrl\":\"https:\\\/\\\/enjoyboats.eu\\\/wp-content\\\/uploads\\\/2025\\\/01\\\/5-2.webp\",\"width\":1920,\"height\":1280,\"caption\":\"DSC0420\"},{\"@type\":\"BreadcrumbList\",\"@id\":\"https:\\\/\\\/enjoyboats.eu\\\/es\\\/compra-un-barco-costa-blanca\\\/#breadcrumb\",\"itemListElement\":[{\"@type\":\"ListItem\",\"position\":1,\"name\":\"Home\",\"item\":\"https:\\\/\\\/enjoyboats.eu\\\/es\\\/\"},{\"@type\":\"ListItem\",\"position\":2,\"name\":\"Compra un barco\"}]},{\"@type\":\"WebSite\",\"@id\":\"https:\\\/\\\/enjoyboats.eu\\\/es\\\/#website\",\"url\":\"https:\\\/\\\/enjoyboats.eu\\\/es\\\/\",\"name\":\"Enjoy Boats\",\"description\":\"Boat rental in the Costa Blanca\",\"publisher\":{\"@id\":\"https:\\\/\\\/enjoyboats.eu\\\/es\\\/#organization\"},\"alternateName\":\"Enjoy Boats Rental & Sales\",\"potentialAction\":[{\"@type\":\"SearchAction\",\"target\":{\"@type\":\"EntryPoint\",\"urlTemplate\":\"https:\\\/\\\/enjoyboats.eu\\\/es\\\/?s={search_term_string}\"},\"query-input\":{\"@type\":\"PropertyValueSpecification\",\"valueRequired\":true,\"valueName\":\"search_term_string\"}}],\"inLanguage\":\"es\"},{\"@type\":\"Organization\",\"@id\":\"https:\\\/\\\/enjoyboats.eu\\\/es\\\/#organization\",\"name\":\"Enjoy Boats\",\"url\":\"https:\\\/\\\/enjoyboats.eu\\\/es\\\/\",\"logo\":{\"@type\":\"ImageObject\",\"inLanguage\":\"es\",\"@id\":\"https:\\\/\\\/enjoyboats.eu\\\/es\\\/#\\\/schema\\\/logo\\\/image\\\/\",\"url\":\"https:\\\/\\\/enjoyboats.eu\\\/wp-content\\\/uploads\\\/2025\\\/02\\\/EnjoyBoats_Logo.webp\",\"contentUrl\":\"https:\\\/\\\/enjoyboats.eu\\\/wp-content\\\/uploads\\\/2025\\\/02\\\/EnjoyBoats_Logo.webp\",\"width\":591,\"height\":507,\"caption\":\"Enjoy Boats\"},\"image\":{\"@id\":\"https:\\\/\\\/enjoyboats.eu\\\/es\\\/#\\\/schema\\\/logo\\\/image\\\/\"},\"sameAs\":[\"https:\\\/\\\/www.facebook.com\\\/profile.php?id=61562737064557&mibextid=wwXIfr&rdid=W4C14M5Q5zKVlMlm#\",\"https:\\\/\\\/www.instagram.com\\\/enjoyboatsrentalandsales?igsh=MTZ4NWl1ZTB4NjJlMw&utm_source=website\"]}]}<\/script>\n<!-- \/ Yoast SEO plugin. -->","yoast_head_json":{"title":"Barcos en Venta | Enjoy Boats | Alquiler de Barcos en Altea","description":"\u00bfBuscas tu propio barco? Descubre nuestra selecci\u00f3n de barcos de lujo. \u00bfPrefieres alquilar? Tambi\u00e9n ofrecemos alquiler de barcos en Altea.","robots":{"index":"index","follow":"follow","max-snippet":"max-snippet:-1","max-image-preview":"max-image-preview:large","max-video-preview":"max-video-preview:-1"},"canonical":"https:\/\/enjoyboats.eu\/es\/compra-un-barco-costa-blanca\/","og_locale":"es_ES","og_type":"article","og_title":"Barcos en Venta | Enjoy Boats | Alquiler de Barcos en Altea","og_description":"\u00bfBuscas tu propio barco? Descubre nuestra selecci\u00f3n de barcos de lujo. \u00bfPrefieres alquilar? Tambi\u00e9n ofrecemos alquiler de barcos en Altea.","og_url":"https:\/\/enjoyboats.eu\/es\/compra-un-barco-costa-blanca\/","og_site_name":"Enjoy Boats","article_publisher":"https:\/\/www.facebook.com\/profile.php?id=61562737064557&mibextid=wwXIfr&rdid=W4C14M5Q5zKVlMlm#","article_modified_time":"2026-04-27T15:27:24+00:00","og_image":[{"width":1920,"height":1280,"url":"https:\/\/enjoyboats.eu\/wp-content\/uploads\/2025\/01\/5-2.webp","type":"image\/webp"}],"twitter_card":"summary_large_image","twitter_misc":{"Tiempo de lectura":"2 minutos"},"schema":{"@context":"https:\/\/schema.org","@graph":[{"@type":"WebPage","@id":"https:\/\/enjoyboats.eu\/es\/compra-un-barco-costa-blanca\/","url":"https:\/\/enjoyboats.eu\/es\/compra-un-barco-costa-blanca\/","name":"Barcos en Venta | Enjoy Boats | Alquiler de Barcos en Altea","isPartOf":{"@id":"https:\/\/enjoyboats.eu\/es\/#website"},"primaryImageOfPage":{"@id":"https:\/\/enjoyboats.eu\/es\/compra-un-barco-costa-blanca\/#primaryimage"},"image":{"@id":"https:\/\/enjoyboats.eu\/es\/compra-un-barco-costa-blanca\/#primaryimage"},"thumbnailUrl":"https:\/\/enjoyboats.eu\/wp-content\/uploads\/2025\/01\/5-2.webp","datePublished":"2025-01-25T08:50:35+00:00","dateModified":"2026-04-27T15:27:24+00:00","description":"\u00bfBuscas tu propio barco? Descubre nuestra selecci\u00f3n de barcos de lujo. \u00bfPrefieres alquilar? Tambi\u00e9n ofrecemos alquiler de barcos en Altea.","breadcrumb":{"@id":"https:\/\/enjoyboats.eu\/es\/compra-un-barco-costa-blanca\/#breadcrumb"},"inLanguage":"es","potentialAction":[{"@type":"ReadAction","target":["https:\/\/enjoyboats.eu\/es\/compra-un-barco-costa-blanca\/"]}]},{"@type":"ImageObject","inLanguage":"es","@id":"https:\/\/enjoyboats.eu\/es\/compra-un-barco-costa-blanca\/#primaryimage","url":"https:\/\/enjoyboats.eu\/wp-content\/uploads\/2025\/01\/5-2.webp","contentUrl":"https:\/\/enjoyboats.eu\/wp-content\/uploads\/2025\/01\/5-2.webp","width":1920,"height":1280,"caption":"DSC0420"},{"@type":"BreadcrumbList","@id":"https:\/\/enjoyboats.eu\/es\/compra-un-barco-costa-blanca\/#breadcrumb","itemListElement":[{"@type":"ListItem","position":1,"name":"Home","item":"https:\/\/enjoyboats.eu\/es\/"},{"@type":"ListItem","position":2,"name":"Compra un barco"}]},{"@type":"WebSite","@id":"https:\/\/enjoyboats.eu\/es\/#website","url":"https:\/\/enjoyboats.eu\/es\/","name":"Enjoy Boats","description":"Boat rental in the Costa Blanca","publisher":{"@id":"https:\/\/enjoyboats.eu\/es\/#organization"},"alternateName":"Enjoy Boats Rental & Sales","potentialAction":[{"@type":"SearchAction","target":{"@type":"EntryPoint","urlTemplate":"https:\/\/enjoyboats.eu\/es\/?s={search_term_string}"},"query-input":{"@type":"PropertyValueSpecification","valueRequired":true,"valueName":"search_term_string"}}],"inLanguage":"es"},{"@type":"Organization","@id":"https:\/\/enjoyboats.eu\/es\/#organization","name":"Enjoy Boats","url":"https:\/\/enjoyboats.eu\/es\/","logo":{"@type":"ImageObject","inLanguage":"es","@id":"https:\/\/enjoyboats.eu\/es\/#\/schema\/logo\/image\/","url":"https:\/\/enjoyboats.eu\/wp-content\/uploads\/2025\/02\/EnjoyBoats_Logo.webp","contentUrl":"https:\/\/enjoyboats.eu\/wp-content\/uploads\/2025\/02\/EnjoyBoats_Logo.webp","width":591,"height":507,"caption":"Enjoy Boats"},"image":{"@id":"https:\/\/enjoyboats.eu\/es\/#\/schema\/logo\/image\/"},"sameAs":["https:\/\/www.facebook.com\/profile.php?id=61562737064557&mibextid=wwXIfr&rdid=W4C14M5Q5zKVlMlm#","https:\/\/www.instagram.com\/enjoyboatsrentalandsales?igsh=MTZ4NWl1ZTB4NjJlMw&utm_source=website"]}]}},"_links":{"self":[{"href":"https:\/\/enjoyboats.eu\/es\/wp-json\/wp\/v2\/pages\/1147","targetHints":{"allow":["GET"]}}],"collection":[{"href":"https:\/\/enjoyboats.eu\/es\/wp-json\/wp\/v2\/pages"}],"about":[{"href":"https:\/\/enjoyboats.eu\/es\/wp-json\/wp\/v2\/types\/page"}],"author":[{"embeddable":true,"href":"https:\/\/enjoyboats.eu\/es\/wp-json\/wp\/v2\/users\/1"}],"replies":[{"embeddable":true,"href":"https:\/\/enjoyboats.eu\/es\/wp-json\/wp\/v2\/comments?post=1147"}],"version-history":[{"count":8,"href":"https:\/\/enjoyboats.eu\/es\/wp-json\/wp\/v2\/pages\/1147\/revisions"}],"predecessor-version":[{"id":7620,"href":"https:\/\/enjoyboats.eu\/es\/wp-json\/wp\/v2\/pages\/1147\/revisions\/7620"}],"wp:featuredmedia":[{"embeddable":true,"href":"https:\/\/enjoyboats.eu\/es\/wp-json\/wp\/v2\/media\/658"}],"wp:attachment":[{"href":"https:\/\/enjoyboats.eu\/es\/wp-json\/wp\/v2\/media?parent=1147"}],"curies":[{"name":"wp","href":"https:\/\/api.w.org\/{rel}","templated":true}]}}