{"id":7947,"date":"2026-04-30T18:36:02","date_gmt":"2026-04-30T16:36:02","guid":{"rendered":"https:\/\/enjoyboats.eu\/?post_type=product&#038;p=7947"},"modified":"2026-05-02T11:46:18","modified_gmt":"2026-05-02T09:46:18","slug":"predator-600p-copia","status":"publish","type":"product","link":"https:\/\/enjoyboats.eu\/de\/product\/predator-600p-copia\/","title":{"rendered":"Predator 600P (copia)"},"content":{"rendered":"<p>Die Predator 600P Touring verbindet Luxus mit Zweckm\u00e4\u00dfigkeit und bietet Ihnen die perfekte Plattform, um den ganzen Tag auf dem Wasser zu genie\u00dfen. Der serienm\u00e4\u00dfige Anlehnsitz und die umlaufende Sitzfl\u00e4che im Heck bieten viel Platz zum Sitzen und Bewegen auf dem Boot.<\/p>\n","protected":false},"excerpt":{"rendered":"<p>Kombiniert Luxus mit Zweckm\u00e4\u00dfigkeit und bietet Ihnen die perfekte Plattform, um den ganzen Tag auf dem Boot zu genie\u00dfen.<\/p>\n","protected":false},"featured_media":3473,"template":"","meta":{"_acf_changed":false},"product_brand":[],"product_cat":[216,298,294],"product_tag":[],"class_list":{"0":"post-7947","1":"product","2":"type-product","3":"status-publish","4":"has-post-thumbnail","6":"product_cat-predator-de","7":"product_cat-zu-verkaufen","8":"product_cat-zu-vermieten","9":"pa_persons-8-de","12":"first","13":"instock","14":"virtual","15":"sold-individually","16":"purchasable","17":"product-type-booking"},"booking_location":"","booking_location_type":"","booking_duration":1,"booking_duration_unit":"hour","booking_buffer":0,"booking_cost":260,"booking_resources":[1066,1065],"acf":[],"yoast_head":"<!-- This site is optimized with the Yoast SEO plugin v27.5 - https:\/\/yoast.com\/product\/yoast-seo-wordpress\/ -->\n<title>Boot mieten Altea | Enjoy Boats | Predator 600P<\/title>\n<meta name=\"description\" content=\"Genie\u00dfen Sie Luxus und Funktionalit\u00e4t auf dem Predator 600P in Altea. Rundum-Sitzbank und Leaning Seat bieten Komfort und Platz f\u00fcr Ihren perfekten Bootstag.\" \/>\n<meta name=\"robots\" content=\"index, follow, max-snippet:-1, max-image-preview:large, max-video-preview:-1\" \/>\n<link rel=\"canonical\" href=\"https:\/\/enjoyboats.eu\/de\/product\/predator-600p-copia\/\" \/>\n<meta property=\"og:locale\" content=\"de_DE\" \/>\n<meta property=\"og:type\" content=\"article\" \/>\n<meta property=\"og:title\" content=\"Boot mieten Altea | Enjoy Boats | Predator 600P\" \/>\n<meta property=\"og:description\" content=\"Genie\u00dfen Sie Luxus und Funktionalit\u00e4t auf dem Predator 600P in Altea. Rundum-Sitzbank und Leaning Seat bieten Komfort und Platz f\u00fcr Ihren perfekten Bootstag.\" \/>\n<meta property=\"og:url\" content=\"https:\/\/enjoyboats.eu\/de\/product\/predator-600p-copia\/\" \/>\n<meta property=\"og:site_name\" content=\"Enjoy Boats\" \/>\n<meta property=\"article:publisher\" content=\"https:\/\/www.facebook.com\/profile.php?id=61562737064557&amp;mibextid=wwXIfr&amp;rdid=W4C14M5Q5zKVlMlm#\" \/>\n<meta property=\"article:modified_time\" content=\"2026-05-02T09:46:18+00:00\" \/>\n<meta property=\"og:image\" content=\"https:\/\/enjoyboats.eu\/wp-content\/uploads\/2025\/02\/DSC07488-scaled.jpg\" \/>\n\t<meta property=\"og:image:width\" content=\"2560\" \/>\n\t<meta property=\"og:image:height\" content=\"1440\" \/>\n\t<meta property=\"og:image:type\" content=\"image\/jpeg\" \/>\n<meta name=\"twitter:card\" content=\"summary_large_image\" \/>\n<meta name=\"twitter:label1\" content=\"Gesch\u00e4tzte Lesezeit\" \/>\n\t<meta name=\"twitter:data1\" content=\"1\u00a0Minute\" \/>\n<script type=\"application\/ld+json\" class=\"yoast-schema-graph\">{\"@context\":\"https:\\\/\\\/schema.org\",\"@graph\":[{\"@type\":\"WebPage\",\"@id\":\"https:\\\/\\\/enjoyboats.eu\\\/de\\\/product\\\/predator-600p-copia\\\/\",\"url\":\"https:\\\/\\\/enjoyboats.eu\\\/de\\\/product\\\/predator-600p-copia\\\/\",\"name\":\"Boot mieten Altea | Enjoy Boats | Predator 600P\",\"isPartOf\":{\"@id\":\"https:\\\/\\\/enjoyboats.eu\\\/de\\\/#website\"},\"primaryImageOfPage\":{\"@id\":\"https:\\\/\\\/enjoyboats.eu\\\/de\\\/product\\\/predator-600p-copia\\\/#primaryimage\"},\"image\":{\"@id\":\"https:\\\/\\\/enjoyboats.eu\\\/de\\\/product\\\/predator-600p-copia\\\/#primaryimage\"},\"thumbnailUrl\":\"https:\\\/\\\/enjoyboats.eu\\\/wp-content\\\/uploads\\\/2025\\\/02\\\/DSC07488-scaled.jpg\",\"datePublished\":\"2026-04-30T16:36:02+00:00\",\"dateModified\":\"2026-05-02T09:46:18+00:00\",\"description\":\"Genie\u00dfen Sie Luxus und Funktionalit\u00e4t auf dem Predator 600P in Altea. Rundum-Sitzbank und Leaning Seat bieten Komfort und Platz f\u00fcr Ihren perfekten Bootstag.\",\"breadcrumb\":{\"@id\":\"https:\\\/\\\/enjoyboats.eu\\\/de\\\/product\\\/predator-600p-copia\\\/#breadcrumb\"},\"inLanguage\":\"de\",\"potentialAction\":[{\"@type\":\"ReadAction\",\"target\":[\"https:\\\/\\\/enjoyboats.eu\\\/de\\\/product\\\/predator-600p-copia\\\/\"]}]},{\"@type\":\"ImageObject\",\"inLanguage\":\"de\",\"@id\":\"https:\\\/\\\/enjoyboats.eu\\\/de\\\/product\\\/predator-600p-copia\\\/#primaryimage\",\"url\":\"https:\\\/\\\/enjoyboats.eu\\\/wp-content\\\/uploads\\\/2025\\\/02\\\/DSC07488-scaled.jpg\",\"contentUrl\":\"https:\\\/\\\/enjoyboats.eu\\\/wp-content\\\/uploads\\\/2025\\\/02\\\/DSC07488-scaled.jpg\",\"width\":2560,\"height\":1440,\"caption\":\"Boat rental Costa Blanca \u2013 Enjoy Boats\"},{\"@type\":\"BreadcrumbList\",\"@id\":\"https:\\\/\\\/enjoyboats.eu\\\/de\\\/product\\\/predator-600p-copia\\\/#breadcrumb\",\"itemListElement\":[{\"@type\":\"ListItem\",\"position\":1,\"name\":\"Home\",\"item\":\"https:\\\/\\\/enjoyboats.eu\\\/de\\\/\"},{\"@type\":\"ListItem\",\"position\":2,\"name\":\"Miete ein Boot\",\"item\":\"https:\\\/\\\/enjoyboats.eu\\\/de\\\/miete-ein-boot\\\/\"},{\"@type\":\"ListItem\",\"position\":3,\"name\":\"Predator 600P (copia)\"}]},{\"@type\":\"WebSite\",\"@id\":\"https:\\\/\\\/enjoyboats.eu\\\/de\\\/#website\",\"url\":\"https:\\\/\\\/enjoyboats.eu\\\/de\\\/\",\"name\":\"Enjoy Boats\",\"description\":\"Boat rental in the Costa Blanca\",\"publisher\":{\"@id\":\"https:\\\/\\\/enjoyboats.eu\\\/de\\\/#organization\"},\"alternateName\":\"Enjoy Boats Rental & Sales\",\"potentialAction\":[{\"@type\":\"SearchAction\",\"target\":{\"@type\":\"EntryPoint\",\"urlTemplate\":\"https:\\\/\\\/enjoyboats.eu\\\/de\\\/?s={search_term_string}\"},\"query-input\":{\"@type\":\"PropertyValueSpecification\",\"valueRequired\":true,\"valueName\":\"search_term_string\"}}],\"inLanguage\":\"de\"},{\"@type\":\"Organization\",\"@id\":\"https:\\\/\\\/enjoyboats.eu\\\/de\\\/#organization\",\"name\":\"Enjoy Boats\",\"url\":\"https:\\\/\\\/enjoyboats.eu\\\/de\\\/\",\"logo\":{\"@type\":\"ImageObject\",\"inLanguage\":\"de\",\"@id\":\"https:\\\/\\\/enjoyboats.eu\\\/de\\\/#\\\/schema\\\/logo\\\/image\\\/\",\"url\":\"https:\\\/\\\/enjoyboats.eu\\\/wp-content\\\/uploads\\\/2025\\\/02\\\/EnjoyBoats_Logo.webp\",\"contentUrl\":\"https:\\\/\\\/enjoyboats.eu\\\/wp-content\\\/uploads\\\/2025\\\/02\\\/EnjoyBoats_Logo.webp\",\"width\":591,\"height\":507,\"caption\":\"Enjoy Boats\"},\"image\":{\"@id\":\"https:\\\/\\\/enjoyboats.eu\\\/de\\\/#\\\/schema\\\/logo\\\/image\\\/\"},\"sameAs\":[\"https:\\\/\\\/www.facebook.com\\\/profile.php?id=61562737064557&mibextid=wwXIfr&rdid=W4C14M5Q5zKVlMlm#\",\"https:\\\/\\\/www.instagram.com\\\/enjoyboatsrentalandsales?igsh=MTZ4NWl1ZTB4NjJlMw&utm_source=website\"]}]}<\/script>\n<!-- \/ Yoast SEO plugin. -->","yoast_head_json":{"title":"Boot mieten Altea | Enjoy Boats | Predator 600P","description":"Genie\u00dfen Sie Luxus und Funktionalit\u00e4t auf dem Predator 600P in Altea. Rundum-Sitzbank und Leaning Seat bieten Komfort und Platz f\u00fcr Ihren perfekten Bootstag.","robots":{"index":"index","follow":"follow","max-snippet":"max-snippet:-1","max-image-preview":"max-image-preview:large","max-video-preview":"max-video-preview:-1"},"canonical":"https:\/\/enjoyboats.eu\/de\/product\/predator-600p-copia\/","og_locale":"de_DE","og_type":"article","og_title":"Boot mieten Altea | Enjoy Boats | Predator 600P","og_description":"Genie\u00dfen Sie Luxus und Funktionalit\u00e4t auf dem Predator 600P in Altea. Rundum-Sitzbank und Leaning Seat bieten Komfort und Platz f\u00fcr Ihren perfekten Bootstag.","og_url":"https:\/\/enjoyboats.eu\/de\/product\/predator-600p-copia\/","og_site_name":"Enjoy Boats","article_publisher":"https:\/\/www.facebook.com\/profile.php?id=61562737064557&mibextid=wwXIfr&rdid=W4C14M5Q5zKVlMlm#","article_modified_time":"2026-05-02T09:46:18+00:00","og_image":[{"width":2560,"height":1440,"url":"https:\/\/enjoyboats.eu\/wp-content\/uploads\/2025\/02\/DSC07488-scaled.jpg","type":"image\/jpeg"}],"twitter_card":"summary_large_image","twitter_misc":{"Gesch\u00e4tzte Lesezeit":"1\u00a0Minute"},"schema":{"@context":"https:\/\/schema.org","@graph":[{"@type":"WebPage","@id":"https:\/\/enjoyboats.eu\/de\/product\/predator-600p-copia\/","url":"https:\/\/enjoyboats.eu\/de\/product\/predator-600p-copia\/","name":"Boot mieten Altea | Enjoy Boats | Predator 600P","isPartOf":{"@id":"https:\/\/enjoyboats.eu\/de\/#website"},"primaryImageOfPage":{"@id":"https:\/\/enjoyboats.eu\/de\/product\/predator-600p-copia\/#primaryimage"},"image":{"@id":"https:\/\/enjoyboats.eu\/de\/product\/predator-600p-copia\/#primaryimage"},"thumbnailUrl":"https:\/\/enjoyboats.eu\/wp-content\/uploads\/2025\/02\/DSC07488-scaled.jpg","datePublished":"2026-04-30T16:36:02+00:00","dateModified":"2026-05-02T09:46:18+00:00","description":"Genie\u00dfen Sie Luxus und Funktionalit\u00e4t auf dem Predator 600P in Altea. Rundum-Sitzbank und Leaning Seat bieten Komfort und Platz f\u00fcr Ihren perfekten Bootstag.","breadcrumb":{"@id":"https:\/\/enjoyboats.eu\/de\/product\/predator-600p-copia\/#breadcrumb"},"inLanguage":"de","potentialAction":[{"@type":"ReadAction","target":["https:\/\/enjoyboats.eu\/de\/product\/predator-600p-copia\/"]}]},{"@type":"ImageObject","inLanguage":"de","@id":"https:\/\/enjoyboats.eu\/de\/product\/predator-600p-copia\/#primaryimage","url":"https:\/\/enjoyboats.eu\/wp-content\/uploads\/2025\/02\/DSC07488-scaled.jpg","contentUrl":"https:\/\/enjoyboats.eu\/wp-content\/uploads\/2025\/02\/DSC07488-scaled.jpg","width":2560,"height":1440,"caption":"Boat rental Costa Blanca \u2013 Enjoy Boats"},{"@type":"BreadcrumbList","@id":"https:\/\/enjoyboats.eu\/de\/product\/predator-600p-copia\/#breadcrumb","itemListElement":[{"@type":"ListItem","position":1,"name":"Home","item":"https:\/\/enjoyboats.eu\/de\/"},{"@type":"ListItem","position":2,"name":"Miete ein Boot","item":"https:\/\/enjoyboats.eu\/de\/miete-ein-boot\/"},{"@type":"ListItem","position":3,"name":"Predator 600P (copia)"}]},{"@type":"WebSite","@id":"https:\/\/enjoyboats.eu\/de\/#website","url":"https:\/\/enjoyboats.eu\/de\/","name":"Enjoy Boats","description":"Boat rental in the Costa Blanca","publisher":{"@id":"https:\/\/enjoyboats.eu\/de\/#organization"},"alternateName":"Enjoy Boats Rental & Sales","potentialAction":[{"@type":"SearchAction","target":{"@type":"EntryPoint","urlTemplate":"https:\/\/enjoyboats.eu\/de\/?s={search_term_string}"},"query-input":{"@type":"PropertyValueSpecification","valueRequired":true,"valueName":"search_term_string"}}],"inLanguage":"de"},{"@type":"Organization","@id":"https:\/\/enjoyboats.eu\/de\/#organization","name":"Enjoy Boats","url":"https:\/\/enjoyboats.eu\/de\/","logo":{"@type":"ImageObject","inLanguage":"de","@id":"https:\/\/enjoyboats.eu\/de\/#\/schema\/logo\/image\/","url":"https:\/\/enjoyboats.eu\/wp-content\/uploads\/2025\/02\/EnjoyBoats_Logo.webp","contentUrl":"https:\/\/enjoyboats.eu\/wp-content\/uploads\/2025\/02\/EnjoyBoats_Logo.webp","width":591,"height":507,"caption":"Enjoy Boats"},"image":{"@id":"https:\/\/enjoyboats.eu\/de\/#\/schema\/logo\/image\/"},"sameAs":["https:\/\/www.facebook.com\/profile.php?id=61562737064557&mibextid=wwXIfr&rdid=W4C14M5Q5zKVlMlm#","https:\/\/www.instagram.com\/enjoyboatsrentalandsales?igsh=MTZ4NWl1ZTB4NjJlMw&utm_source=website"]}]}},"_links":{"self":[{"href":"https:\/\/enjoyboats.eu\/de\/wp-json\/wp\/v2\/product\/7947","targetHints":{"allow":["GET"]}}],"collection":[{"href":"https:\/\/enjoyboats.eu\/de\/wp-json\/wp\/v2\/product"}],"about":[{"href":"https:\/\/enjoyboats.eu\/de\/wp-json\/wp\/v2\/types\/product"}],"wp:featuredmedia":[{"embeddable":true,"href":"https:\/\/enjoyboats.eu\/de\/wp-json\/wp\/v2\/media\/3473"}],"wp:attachment":[{"href":"https:\/\/enjoyboats.eu\/de\/wp-json\/wp\/v2\/media?parent=7947"}],"wp:term":[{"taxonomy":"product_brand","embeddable":true,"href":"https:\/\/enjoyboats.eu\/de\/wp-json\/wp\/v2\/product_brand?post=7947"},{"taxonomy":"product_cat","embeddable":true,"href":"https:\/\/enjoyboats.eu\/de\/wp-json\/wp\/v2\/product_cat?post=7947"},{"taxonomy":"product_tag","embeddable":true,"href":"https:\/\/enjoyboats.eu\/de\/wp-json\/wp\/v2\/product_tag?post=7947"}],"curies":[{"name":"wp","href":"https:\/\/api.w.org\/{rel}","templated":true}]}}