{"id":7936,"date":"2026-04-30T18:16:52","date_gmt":"2026-04-30T16:16:52","guid":{"rendered":"https:\/\/enjoyboats.eu\/?post_type=product&#038;p=7936"},"modified":"2026-05-02T11:59:03","modified_gmt":"2026-05-02T09:59:03","slug":"stingher-380fr-copy-3","status":"publish","type":"product","link":"https:\/\/enjoyboats.eu\/de\/product\/stingher-380fr-copy-3\/","title":{"rendered":"Stingher 380FR (Copy)"},"content":{"rendered":"<p>Stingher verk\u00f6rpert Exzellenz im Sinne von Italboats: eine Reihe von Premium-Booten f\u00fcr diejenigen, die Sch\u00f6nheit und Eleganz zu ihrem Lebensstil machen.<br \/>\nErstklassiges italienisches Design, Spitzentechnologien und echte handwerkliche Leidenschaft vereinen sich zu einem der faszinierendsten und leistungsf\u00e4higsten Boote der Welt.<\/p>\n<p>Stingher, authentischer italienischer Stil.<\/p>\n","protected":false},"excerpt":{"rendered":"<p>Entworfen f\u00fcr diejenigen, die Sch\u00f6nheit und Eleganz zu ihrem Lebensstil machen.<\/p>\n","protected":false},"featured_media":3458,"template":"","meta":{"_acf_changed":false},"product_brand":[],"product_cat":[82,298,294],"product_tag":[],"class_list":{"0":"post-7936","1":"product","2":"type-product","3":"status-publish","4":"has-post-thumbnail","6":"product_cat-stingher-de","7":"product_cat-zu-verkaufen","8":"product_cat-zu-vermieten","9":"pa_persons-4-de","12":"first","13":"instock","14":"virtual","15":"sold-individually","16":"purchasable","17":"product-type-booking"},"booking_location":"","booking_location_type":"","booking_duration":1,"booking_duration_unit":"hour","booking_buffer":0,"booking_cost":150,"booking_resources":[1065,2773],"acf":[],"yoast_head":"<!-- This site is optimized with the Yoast SEO plugin v27.5 - https:\/\/yoast.com\/product\/yoast-seo-wordpress\/ -->\n<title>Boot mieten Altea | Enjoy Boats | Saxdor 320GTO<\/title>\n<meta name=\"description\" content=\"Mieten Sie den Saxdor 320GTO mit Skipper f\u00fcr ein sportliches, modernes Bootserlebnis in Altea. Komfort und bis zu 40 Knoten Geschwindigkeit inklusive.\" \/>\n<meta name=\"robots\" content=\"index, follow, max-snippet:-1, max-image-preview:large, max-video-preview:-1\" \/>\n<link rel=\"canonical\" href=\"https:\/\/enjoyboats.eu\/de\/product\/stingher-380fr-copy-3\/\" \/>\n<meta property=\"og:locale\" content=\"de_DE\" \/>\n<meta property=\"og:type\" content=\"article\" \/>\n<meta property=\"og:title\" content=\"Boot mieten Altea | Enjoy Boats | Saxdor 320GTO\" \/>\n<meta property=\"og:description\" content=\"Mieten Sie den Saxdor 320GTO mit Skipper f\u00fcr ein sportliches, modernes Bootserlebnis in Altea. Komfort und bis zu 40 Knoten Geschwindigkeit inklusive.\" \/>\n<meta property=\"og:url\" content=\"https:\/\/enjoyboats.eu\/de\/product\/stingher-380fr-copy-3\/\" \/>\n<meta property=\"og:site_name\" content=\"Enjoy Boats\" \/>\n<meta property=\"article:publisher\" content=\"https:\/\/www.facebook.com\/profile.php?id=61562737064557&amp;mibextid=wwXIfr&amp;rdid=W4C14M5Q5zKVlMlm#\" \/>\n<meta property=\"article:modified_time\" content=\"2026-05-02T09:59:03+00:00\" \/>\n<meta property=\"og:image\" content=\"https:\/\/enjoyboats.eu\/wp-content\/uploads\/2025\/02\/DSC07713-scaled.jpg\" \/>\n\t<meta property=\"og:image:width\" content=\"2560\" \/>\n\t<meta property=\"og:image:height\" content=\"1440\" \/>\n\t<meta property=\"og:image:type\" content=\"image\/jpeg\" \/>\n<meta name=\"twitter:card\" content=\"summary_large_image\" \/>\n<meta name=\"twitter:label1\" content=\"Gesch\u00e4tzte Lesezeit\" \/>\n\t<meta name=\"twitter:data1\" content=\"1\u00a0Minute\" \/>\n<script type=\"application\/ld+json\" class=\"yoast-schema-graph\">{\"@context\":\"https:\\\/\\\/schema.org\",\"@graph\":[{\"@type\":\"WebPage\",\"@id\":\"https:\\\/\\\/enjoyboats.eu\\\/de\\\/product\\\/stingher-380fr-copy-3\\\/\",\"url\":\"https:\\\/\\\/enjoyboats.eu\\\/de\\\/product\\\/stingher-380fr-copy-3\\\/\",\"name\":\"Boot mieten Altea | Enjoy Boats | Saxdor 320GTO\",\"isPartOf\":{\"@id\":\"https:\\\/\\\/enjoyboats.eu\\\/de\\\/#website\"},\"primaryImageOfPage\":{\"@id\":\"https:\\\/\\\/enjoyboats.eu\\\/de\\\/product\\\/stingher-380fr-copy-3\\\/#primaryimage\"},\"image\":{\"@id\":\"https:\\\/\\\/enjoyboats.eu\\\/de\\\/product\\\/stingher-380fr-copy-3\\\/#primaryimage\"},\"thumbnailUrl\":\"https:\\\/\\\/enjoyboats.eu\\\/wp-content\\\/uploads\\\/2025\\\/02\\\/DSC07713-scaled.jpg\",\"datePublished\":\"2026-04-30T16:16:52+00:00\",\"dateModified\":\"2026-05-02T09:59:03+00:00\",\"description\":\"Mieten Sie den Saxdor 320GTO mit Skipper f\u00fcr ein sportliches, modernes Bootserlebnis in Altea. Komfort und bis zu 40 Knoten Geschwindigkeit inklusive.\",\"breadcrumb\":{\"@id\":\"https:\\\/\\\/enjoyboats.eu\\\/de\\\/product\\\/stingher-380fr-copy-3\\\/#breadcrumb\"},\"inLanguage\":\"de\",\"potentialAction\":[{\"@type\":\"ReadAction\",\"target\":[\"https:\\\/\\\/enjoyboats.eu\\\/de\\\/product\\\/stingher-380fr-copy-3\\\/\"]}]},{\"@type\":\"ImageObject\",\"inLanguage\":\"de\",\"@id\":\"https:\\\/\\\/enjoyboats.eu\\\/de\\\/product\\\/stingher-380fr-copy-3\\\/#primaryimage\",\"url\":\"https:\\\/\\\/enjoyboats.eu\\\/wp-content\\\/uploads\\\/2025\\\/02\\\/DSC07713-scaled.jpg\",\"contentUrl\":\"https:\\\/\\\/enjoyboats.eu\\\/wp-content\\\/uploads\\\/2025\\\/02\\\/DSC07713-scaled.jpg\",\"width\":2560,\"height\":1440,\"caption\":\"Stingher 380FR Explore Altea by boat \u2013 Rent a boat today\"},{\"@type\":\"BreadcrumbList\",\"@id\":\"https:\\\/\\\/enjoyboats.eu\\\/de\\\/product\\\/stingher-380fr-copy-3\\\/#breadcrumb\",\"itemListElement\":[{\"@type\":\"ListItem\",\"position\":1,\"name\":\"Home\",\"item\":\"https:\\\/\\\/enjoyboats.eu\\\/de\\\/\"},{\"@type\":\"ListItem\",\"position\":2,\"name\":\"Miete ein Boot\",\"item\":\"https:\\\/\\\/enjoyboats.eu\\\/de\\\/miete-ein-boot\\\/\"},{\"@type\":\"ListItem\",\"position\":3,\"name\":\"Stingher 380FR (Copy)\"}]},{\"@type\":\"WebSite\",\"@id\":\"https:\\\/\\\/enjoyboats.eu\\\/de\\\/#website\",\"url\":\"https:\\\/\\\/enjoyboats.eu\\\/de\\\/\",\"name\":\"Enjoy Boats\",\"description\":\"Boat rental in the Costa Blanca\",\"publisher\":{\"@id\":\"https:\\\/\\\/enjoyboats.eu\\\/de\\\/#organization\"},\"alternateName\":\"Enjoy Boats Rental & Sales\",\"potentialAction\":[{\"@type\":\"SearchAction\",\"target\":{\"@type\":\"EntryPoint\",\"urlTemplate\":\"https:\\\/\\\/enjoyboats.eu\\\/de\\\/?s={search_term_string}\"},\"query-input\":{\"@type\":\"PropertyValueSpecification\",\"valueRequired\":true,\"valueName\":\"search_term_string\"}}],\"inLanguage\":\"de\"},{\"@type\":\"Organization\",\"@id\":\"https:\\\/\\\/enjoyboats.eu\\\/de\\\/#organization\",\"name\":\"Enjoy Boats\",\"url\":\"https:\\\/\\\/enjoyboats.eu\\\/de\\\/\",\"logo\":{\"@type\":\"ImageObject\",\"inLanguage\":\"de\",\"@id\":\"https:\\\/\\\/enjoyboats.eu\\\/de\\\/#\\\/schema\\\/logo\\\/image\\\/\",\"url\":\"https:\\\/\\\/enjoyboats.eu\\\/wp-content\\\/uploads\\\/2025\\\/02\\\/EnjoyBoats_Logo.webp\",\"contentUrl\":\"https:\\\/\\\/enjoyboats.eu\\\/wp-content\\\/uploads\\\/2025\\\/02\\\/EnjoyBoats_Logo.webp\",\"width\":591,\"height\":507,\"caption\":\"Enjoy Boats\"},\"image\":{\"@id\":\"https:\\\/\\\/enjoyboats.eu\\\/de\\\/#\\\/schema\\\/logo\\\/image\\\/\"},\"sameAs\":[\"https:\\\/\\\/www.facebook.com\\\/profile.php?id=61562737064557&mibextid=wwXIfr&rdid=W4C14M5Q5zKVlMlm#\",\"https:\\\/\\\/www.instagram.com\\\/enjoyboatsrentalandsales?igsh=MTZ4NWl1ZTB4NjJlMw&utm_source=website\"]}]}<\/script>\n<!-- \/ Yoast SEO plugin. -->","yoast_head_json":{"title":"Boot mieten Altea | Enjoy Boats | Saxdor 320GTO","description":"Mieten Sie den Saxdor 320GTO mit Skipper f\u00fcr ein sportliches, modernes Bootserlebnis in Altea. Komfort und bis zu 40 Knoten Geschwindigkeit inklusive.","robots":{"index":"index","follow":"follow","max-snippet":"max-snippet:-1","max-image-preview":"max-image-preview:large","max-video-preview":"max-video-preview:-1"},"canonical":"https:\/\/enjoyboats.eu\/de\/product\/stingher-380fr-copy-3\/","og_locale":"de_DE","og_type":"article","og_title":"Boot mieten Altea | Enjoy Boats | Saxdor 320GTO","og_description":"Mieten Sie den Saxdor 320GTO mit Skipper f\u00fcr ein sportliches, modernes Bootserlebnis in Altea. Komfort und bis zu 40 Knoten Geschwindigkeit inklusive.","og_url":"https:\/\/enjoyboats.eu\/de\/product\/stingher-380fr-copy-3\/","og_site_name":"Enjoy Boats","article_publisher":"https:\/\/www.facebook.com\/profile.php?id=61562737064557&mibextid=wwXIfr&rdid=W4C14M5Q5zKVlMlm#","article_modified_time":"2026-05-02T09:59:03+00:00","og_image":[{"width":2560,"height":1440,"url":"https:\/\/enjoyboats.eu\/wp-content\/uploads\/2025\/02\/DSC07713-scaled.jpg","type":"image\/jpeg"}],"twitter_card":"summary_large_image","twitter_misc":{"Gesch\u00e4tzte Lesezeit":"1\u00a0Minute"},"schema":{"@context":"https:\/\/schema.org","@graph":[{"@type":"WebPage","@id":"https:\/\/enjoyboats.eu\/de\/product\/stingher-380fr-copy-3\/","url":"https:\/\/enjoyboats.eu\/de\/product\/stingher-380fr-copy-3\/","name":"Boot mieten Altea | Enjoy Boats | Saxdor 320GTO","isPartOf":{"@id":"https:\/\/enjoyboats.eu\/de\/#website"},"primaryImageOfPage":{"@id":"https:\/\/enjoyboats.eu\/de\/product\/stingher-380fr-copy-3\/#primaryimage"},"image":{"@id":"https:\/\/enjoyboats.eu\/de\/product\/stingher-380fr-copy-3\/#primaryimage"},"thumbnailUrl":"https:\/\/enjoyboats.eu\/wp-content\/uploads\/2025\/02\/DSC07713-scaled.jpg","datePublished":"2026-04-30T16:16:52+00:00","dateModified":"2026-05-02T09:59:03+00:00","description":"Mieten Sie den Saxdor 320GTO mit Skipper f\u00fcr ein sportliches, modernes Bootserlebnis in Altea. Komfort und bis zu 40 Knoten Geschwindigkeit inklusive.","breadcrumb":{"@id":"https:\/\/enjoyboats.eu\/de\/product\/stingher-380fr-copy-3\/#breadcrumb"},"inLanguage":"de","potentialAction":[{"@type":"ReadAction","target":["https:\/\/enjoyboats.eu\/de\/product\/stingher-380fr-copy-3\/"]}]},{"@type":"ImageObject","inLanguage":"de","@id":"https:\/\/enjoyboats.eu\/de\/product\/stingher-380fr-copy-3\/#primaryimage","url":"https:\/\/enjoyboats.eu\/wp-content\/uploads\/2025\/02\/DSC07713-scaled.jpg","contentUrl":"https:\/\/enjoyboats.eu\/wp-content\/uploads\/2025\/02\/DSC07713-scaled.jpg","width":2560,"height":1440,"caption":"Stingher 380FR Explore Altea by boat \u2013 Rent a boat today"},{"@type":"BreadcrumbList","@id":"https:\/\/enjoyboats.eu\/de\/product\/stingher-380fr-copy-3\/#breadcrumb","itemListElement":[{"@type":"ListItem","position":1,"name":"Home","item":"https:\/\/enjoyboats.eu\/de\/"},{"@type":"ListItem","position":2,"name":"Miete ein Boot","item":"https:\/\/enjoyboats.eu\/de\/miete-ein-boot\/"},{"@type":"ListItem","position":3,"name":"Stingher 380FR (Copy)"}]},{"@type":"WebSite","@id":"https:\/\/enjoyboats.eu\/de\/#website","url":"https:\/\/enjoyboats.eu\/de\/","name":"Enjoy Boats","description":"Boat rental in the Costa Blanca","publisher":{"@id":"https:\/\/enjoyboats.eu\/de\/#organization"},"alternateName":"Enjoy Boats Rental & Sales","potentialAction":[{"@type":"SearchAction","target":{"@type":"EntryPoint","urlTemplate":"https:\/\/enjoyboats.eu\/de\/?s={search_term_string}"},"query-input":{"@type":"PropertyValueSpecification","valueRequired":true,"valueName":"search_term_string"}}],"inLanguage":"de"},{"@type":"Organization","@id":"https:\/\/enjoyboats.eu\/de\/#organization","name":"Enjoy Boats","url":"https:\/\/enjoyboats.eu\/de\/","logo":{"@type":"ImageObject","inLanguage":"de","@id":"https:\/\/enjoyboats.eu\/de\/#\/schema\/logo\/image\/","url":"https:\/\/enjoyboats.eu\/wp-content\/uploads\/2025\/02\/EnjoyBoats_Logo.webp","contentUrl":"https:\/\/enjoyboats.eu\/wp-content\/uploads\/2025\/02\/EnjoyBoats_Logo.webp","width":591,"height":507,"caption":"Enjoy Boats"},"image":{"@id":"https:\/\/enjoyboats.eu\/de\/#\/schema\/logo\/image\/"},"sameAs":["https:\/\/www.facebook.com\/profile.php?id=61562737064557&mibextid=wwXIfr&rdid=W4C14M5Q5zKVlMlm#","https:\/\/www.instagram.com\/enjoyboatsrentalandsales?igsh=MTZ4NWl1ZTB4NjJlMw&utm_source=website"]}]}},"_links":{"self":[{"href":"https:\/\/enjoyboats.eu\/de\/wp-json\/wp\/v2\/product\/7936","targetHints":{"allow":["GET"]}}],"collection":[{"href":"https:\/\/enjoyboats.eu\/de\/wp-json\/wp\/v2\/product"}],"about":[{"href":"https:\/\/enjoyboats.eu\/de\/wp-json\/wp\/v2\/types\/product"}],"wp:featuredmedia":[{"embeddable":true,"href":"https:\/\/enjoyboats.eu\/de\/wp-json\/wp\/v2\/media\/3458"}],"wp:attachment":[{"href":"https:\/\/enjoyboats.eu\/de\/wp-json\/wp\/v2\/media?parent=7936"}],"wp:term":[{"taxonomy":"product_brand","embeddable":true,"href":"https:\/\/enjoyboats.eu\/de\/wp-json\/wp\/v2\/product_brand?post=7936"},{"taxonomy":"product_cat","embeddable":true,"href":"https:\/\/enjoyboats.eu\/de\/wp-json\/wp\/v2\/product_cat?post=7936"},{"taxonomy":"product_tag","embeddable":true,"href":"https:\/\/enjoyboats.eu\/de\/wp-json\/wp\/v2\/product_tag?post=7936"}],"curies":[{"name":"wp","href":"https:\/\/api.w.org\/{rel}","templated":true}]}}