{"id":1894,"date":"2025-02-07T14:55:50","date_gmt":"2025-02-07T13:55:50","guid":{"rendered":"https:\/\/enjoyboats.eu\/?post_type=product&#038;p=1894"},"modified":"2025-07-09T11:53:39","modified_gmt":"2025-07-09T09:53:39","slug":"stingher-28gt-lux","status":"publish","type":"product","link":"https:\/\/enjoyboats.eu\/de\/product\/stingher-28gt-lux\/","title":{"rendered":"Stingher 28GT Lux"},"content":{"rendered":"<p>Die Stingher 28 GT Lux ist eine zus\u00e4tzliche Premium-Variante der 28 GT, dem Flaggschiff der GT-Reihe, die laut Italboats den ultimativen Ausdruck von Stil, Komfort und Leistung darstellt.<\/p>\n<p>Der Rumpf hat ein neues Design: Er ist eine Weiterentwicklung der ber\u00fchmten 27 GT und zeichnet sich durch ein viel tieferes V mit variablem Einfall aus, das auch bei schwerem Seegang eine au\u00dfergew\u00f6hnlich trockene und ruhige Fahrt gew\u00e4hrleistet und gleichzeitig ein tadelloses Handling bietet.<\/p>\n<p>Dank der beeindruckenden Innenbreite von 190 cm war es m\u00f6glich, eine komfortable Dinette achtern und zwei gro\u00dfe Liegefl\u00e4chen zu schaffen.<\/p>\n<p>Die Steuerkonsole ist mit einem gro\u00dfen Armaturenbrett f\u00fcr die Installation von Navigationsinstrumenten wie GPS bis zu 12&#8243;, UKW-Funk, Stereoanlage und anderen Steuerger\u00e4ten ausgestattet. An der Vorderseite befindet sich eine gro\u00dfe T\u00fcr mit integrierter Sitzgelegenheit, die, wenn sie ge\u00f6ffnet wird, einen Toiletten- und Ankleidebereich mit elektrischer Toilette und Kopfbrause offenbart.<\/p>\n<p>Die Position des Fahrersitzes ist \u00e4u\u00dferst komfortabel und erm\u00f6glicht durch den zweifach verstellbaren Sitz das Fahren im Stehen oder Sitzen, wobei Sie w\u00e4hrend der Fahrt jederzeit eine hervorragende Sicht haben. Der Sitz bietet Platz f\u00fcr einen 50-Liter-Edelstahlk\u00fchlschrank, eine Edelstahlsp\u00fcle und einen optionalen Gas- oder Elektroherd.<\/p>\n<p>Im Heck befindet sich ein Essbereich mit einem Teakholztisch, der bequem Platz f\u00fcr 5 Personen bietet und in ein zweites gro\u00dfes Sonnendeck umgewandelt werden kann, zus\u00e4tzlich zu dem im Bug. Die hintere R\u00fcckenlehne kann vollst\u00e4ndig umgeklappt werden, wodurch das Sonnendeck weiter vergr\u00f6\u00dfert wird und ein einfacher Zugang zum Deck entsteht.<\/p>\n","protected":false},"excerpt":{"rendered":"<p>Genie\u00dfen Sie diese besonders hochwertige Version des 28GT. Laut Italboats ist sie der ultimative Ausdruck von Stil, Komfort und Leistung.<\/p>\n","protected":false},"featured_media":797,"template":"","meta":{"_acf_changed":false},"product_brand":[],"product_cat":[82,298,294],"product_tag":[],"class_list":{"0":"post-1894","1":"product","2":"type-product","3":"status-publish","4":"has-post-thumbnail","6":"product_cat-stingher-de","7":"product_cat-zu-verkaufen","8":"product_cat-zu-vermieten","9":"pa_persons-11-de","12":"first","13":"instock","14":"virtual","15":"sold-individually","16":"purchasable","17":"product-type-booking"},"booking_location":"","booking_location_type":"","booking_duration":1,"booking_duration_unit":"hour","booking_buffer":0,"booking_cost":605,"booking_resources":[1066,1065],"acf":[],"yoast_head":"<!-- This site is optimized with the Yoast SEO plugin v27.4 - https:\/\/yoast.com\/product\/yoast-seo-wordpress\/ -->\n<title>Boot mieten Altea | Enjoy Boats | Stingher 28GT Lux<\/title>\n<meta name=\"description\" content=\"Der Stingher 28GT Lux vereint Luxus und Leistung in Altea. Ausgestattet mit Steuerstand, Kabine sowie Toilette und Dusche f\u00fcr einen exklusiven Tag auf See.\" \/>\n<meta name=\"robots\" content=\"index, follow, max-snippet:-1, max-image-preview:large, max-video-preview:-1\" \/>\n<link rel=\"canonical\" href=\"https:\/\/enjoyboats.eu\/de\/product\/stingher-28gt-lux\/\" \/>\n<meta property=\"og:locale\" content=\"de_DE\" \/>\n<meta property=\"og:type\" content=\"article\" \/>\n<meta property=\"og:title\" content=\"Boot mieten Altea | Enjoy Boats | Stingher 28GT Lux\" \/>\n<meta property=\"og:description\" content=\"Der Stingher 28GT Lux vereint Luxus und Leistung in Altea. Ausgestattet mit Steuerstand, Kabine sowie Toilette und Dusche f\u00fcr einen exklusiven Tag auf See.\" \/>\n<meta property=\"og:url\" content=\"https:\/\/enjoyboats.eu\/de\/product\/stingher-28gt-lux\/\" \/>\n<meta property=\"og:site_name\" content=\"Enjoy Boats\" \/>\n<meta property=\"article:publisher\" content=\"https:\/\/www.facebook.com\/profile.php?id=61562737064557&amp;mibextid=wwXIfr&amp;rdid=W4C14M5Q5zKVlMlm#\" \/>\n<meta property=\"article:modified_time\" content=\"2025-07-09T09:53:39+00:00\" \/>\n<meta property=\"og:image\" content=\"https:\/\/enjoyboats.eu\/wp-content\/uploads\/2025\/01\/DJI_0129-copia.webp\" \/>\n\t<meta property=\"og:image:width\" content=\"1920\" \/>\n\t<meta property=\"og:image:height\" content=\"1439\" \/>\n\t<meta property=\"og:image:type\" content=\"image\/webp\" \/>\n<meta name=\"twitter:card\" content=\"summary_large_image\" \/>\n<meta name=\"twitter:label1\" content=\"Gesch\u00e4tzte Lesezeit\" \/>\n\t<meta name=\"twitter:data1\" content=\"2\u00a0Minuten\" \/>\n<script type=\"application\/ld+json\" class=\"yoast-schema-graph\">{\"@context\":\"https:\\\/\\\/schema.org\",\"@graph\":[{\"@type\":\"WebPage\",\"@id\":\"https:\\\/\\\/enjoyboats.eu\\\/de\\\/product\\\/stingher-28gt-lux\\\/\",\"url\":\"https:\\\/\\\/enjoyboats.eu\\\/de\\\/product\\\/stingher-28gt-lux\\\/\",\"name\":\"Boot mieten Altea | Enjoy Boats | Stingher 28GT Lux\",\"isPartOf\":{\"@id\":\"https:\\\/\\\/enjoyboats.eu\\\/de\\\/#website\"},\"primaryImageOfPage\":{\"@id\":\"https:\\\/\\\/enjoyboats.eu\\\/de\\\/product\\\/stingher-28gt-lux\\\/#primaryimage\"},\"image\":{\"@id\":\"https:\\\/\\\/enjoyboats.eu\\\/de\\\/product\\\/stingher-28gt-lux\\\/#primaryimage\"},\"thumbnailUrl\":\"https:\\\/\\\/enjoyboats.eu\\\/wp-content\\\/uploads\\\/2025\\\/01\\\/DJI_0129-copia.webp\",\"datePublished\":\"2025-02-07T13:55:50+00:00\",\"dateModified\":\"2025-07-09T09:53:39+00:00\",\"description\":\"Der Stingher 28GT Lux vereint Luxus und Leistung in Altea. Ausgestattet mit Steuerstand, Kabine sowie Toilette und Dusche f\u00fcr einen exklusiven Tag auf See.\",\"breadcrumb\":{\"@id\":\"https:\\\/\\\/enjoyboats.eu\\\/de\\\/product\\\/stingher-28gt-lux\\\/#breadcrumb\"},\"inLanguage\":\"de\",\"potentialAction\":[{\"@type\":\"ReadAction\",\"target\":[\"https:\\\/\\\/enjoyboats.eu\\\/de\\\/product\\\/stingher-28gt-lux\\\/\"]}]},{\"@type\":\"ImageObject\",\"inLanguage\":\"de\",\"@id\":\"https:\\\/\\\/enjoyboats.eu\\\/de\\\/product\\\/stingher-28gt-lux\\\/#primaryimage\",\"url\":\"https:\\\/\\\/enjoyboats.eu\\\/wp-content\\\/uploads\\\/2025\\\/01\\\/DJI_0129-copia.webp\",\"contentUrl\":\"https:\\\/\\\/enjoyboats.eu\\\/wp-content\\\/uploads\\\/2025\\\/01\\\/DJI_0129-copia.webp\",\"width\":1920,\"height\":1439,\"caption\":\"Luxury RIB rental in Marina Greenwich, Altea\"},{\"@type\":\"BreadcrumbList\",\"@id\":\"https:\\\/\\\/enjoyboats.eu\\\/de\\\/product\\\/stingher-28gt-lux\\\/#breadcrumb\",\"itemListElement\":[{\"@type\":\"ListItem\",\"position\":1,\"name\":\"Home\",\"item\":\"https:\\\/\\\/enjoyboats.eu\\\/de\\\/\"},{\"@type\":\"ListItem\",\"position\":2,\"name\":\"Miete ein Boot\",\"item\":\"https:\\\/\\\/enjoyboats.eu\\\/de\\\/miete-ein-boot\\\/\"},{\"@type\":\"ListItem\",\"position\":3,\"name\":\"Stingher 28GT Lux\"}]},{\"@type\":\"WebSite\",\"@id\":\"https:\\\/\\\/enjoyboats.eu\\\/de\\\/#website\",\"url\":\"https:\\\/\\\/enjoyboats.eu\\\/de\\\/\",\"name\":\"Enjoy Boats\",\"description\":\"Boat rental in the Costa Blanca\",\"publisher\":{\"@id\":\"https:\\\/\\\/enjoyboats.eu\\\/de\\\/#organization\"},\"alternateName\":\"Enjoy Boats Rental & Sales\",\"potentialAction\":[{\"@type\":\"SearchAction\",\"target\":{\"@type\":\"EntryPoint\",\"urlTemplate\":\"https:\\\/\\\/enjoyboats.eu\\\/de\\\/?s={search_term_string}\"},\"query-input\":{\"@type\":\"PropertyValueSpecification\",\"valueRequired\":true,\"valueName\":\"search_term_string\"}}],\"inLanguage\":\"de\"},{\"@type\":\"Organization\",\"@id\":\"https:\\\/\\\/enjoyboats.eu\\\/de\\\/#organization\",\"name\":\"Enjoy Boats\",\"url\":\"https:\\\/\\\/enjoyboats.eu\\\/de\\\/\",\"logo\":{\"@type\":\"ImageObject\",\"inLanguage\":\"de\",\"@id\":\"https:\\\/\\\/enjoyboats.eu\\\/de\\\/#\\\/schema\\\/logo\\\/image\\\/\",\"url\":\"https:\\\/\\\/enjoyboats.eu\\\/wp-content\\\/uploads\\\/2025\\\/02\\\/EnjoyBoats_Logo.webp\",\"contentUrl\":\"https:\\\/\\\/enjoyboats.eu\\\/wp-content\\\/uploads\\\/2025\\\/02\\\/EnjoyBoats_Logo.webp\",\"width\":591,\"height\":507,\"caption\":\"Enjoy Boats\"},\"image\":{\"@id\":\"https:\\\/\\\/enjoyboats.eu\\\/de\\\/#\\\/schema\\\/logo\\\/image\\\/\"},\"sameAs\":[\"https:\\\/\\\/www.facebook.com\\\/profile.php?id=61562737064557&mibextid=wwXIfr&rdid=W4C14M5Q5zKVlMlm#\",\"https:\\\/\\\/www.instagram.com\\\/enjoyboatsrentalandsales?igsh=MTZ4NWl1ZTB4NjJlMw&utm_source=website\"]}]}<\/script>\n<!-- \/ Yoast SEO plugin. -->","yoast_head_json":{"title":"Boot mieten Altea | Enjoy Boats | Stingher 28GT Lux","description":"Der Stingher 28GT Lux vereint Luxus und Leistung in Altea. Ausgestattet mit Steuerstand, Kabine sowie Toilette und Dusche f\u00fcr einen exklusiven Tag auf See.","robots":{"index":"index","follow":"follow","max-snippet":"max-snippet:-1","max-image-preview":"max-image-preview:large","max-video-preview":"max-video-preview:-1"},"canonical":"https:\/\/enjoyboats.eu\/de\/product\/stingher-28gt-lux\/","og_locale":"de_DE","og_type":"article","og_title":"Boot mieten Altea | Enjoy Boats | Stingher 28GT Lux","og_description":"Der Stingher 28GT Lux vereint Luxus und Leistung in Altea. Ausgestattet mit Steuerstand, Kabine sowie Toilette und Dusche f\u00fcr einen exklusiven Tag auf See.","og_url":"https:\/\/enjoyboats.eu\/de\/product\/stingher-28gt-lux\/","og_site_name":"Enjoy Boats","article_publisher":"https:\/\/www.facebook.com\/profile.php?id=61562737064557&mibextid=wwXIfr&rdid=W4C14M5Q5zKVlMlm#","article_modified_time":"2025-07-09T09:53:39+00:00","og_image":[{"width":1920,"height":1439,"url":"https:\/\/enjoyboats.eu\/wp-content\/uploads\/2025\/01\/DJI_0129-copia.webp","type":"image\/webp"}],"twitter_card":"summary_large_image","twitter_misc":{"Gesch\u00e4tzte Lesezeit":"2\u00a0Minuten"},"schema":{"@context":"https:\/\/schema.org","@graph":[{"@type":"WebPage","@id":"https:\/\/enjoyboats.eu\/de\/product\/stingher-28gt-lux\/","url":"https:\/\/enjoyboats.eu\/de\/product\/stingher-28gt-lux\/","name":"Boot mieten Altea | Enjoy Boats | Stingher 28GT Lux","isPartOf":{"@id":"https:\/\/enjoyboats.eu\/de\/#website"},"primaryImageOfPage":{"@id":"https:\/\/enjoyboats.eu\/de\/product\/stingher-28gt-lux\/#primaryimage"},"image":{"@id":"https:\/\/enjoyboats.eu\/de\/product\/stingher-28gt-lux\/#primaryimage"},"thumbnailUrl":"https:\/\/enjoyboats.eu\/wp-content\/uploads\/2025\/01\/DJI_0129-copia.webp","datePublished":"2025-02-07T13:55:50+00:00","dateModified":"2025-07-09T09:53:39+00:00","description":"Der Stingher 28GT Lux vereint Luxus und Leistung in Altea. Ausgestattet mit Steuerstand, Kabine sowie Toilette und Dusche f\u00fcr einen exklusiven Tag auf See.","breadcrumb":{"@id":"https:\/\/enjoyboats.eu\/de\/product\/stingher-28gt-lux\/#breadcrumb"},"inLanguage":"de","potentialAction":[{"@type":"ReadAction","target":["https:\/\/enjoyboats.eu\/de\/product\/stingher-28gt-lux\/"]}]},{"@type":"ImageObject","inLanguage":"de","@id":"https:\/\/enjoyboats.eu\/de\/product\/stingher-28gt-lux\/#primaryimage","url":"https:\/\/enjoyboats.eu\/wp-content\/uploads\/2025\/01\/DJI_0129-copia.webp","contentUrl":"https:\/\/enjoyboats.eu\/wp-content\/uploads\/2025\/01\/DJI_0129-copia.webp","width":1920,"height":1439,"caption":"Luxury RIB rental in Marina Greenwich, Altea"},{"@type":"BreadcrumbList","@id":"https:\/\/enjoyboats.eu\/de\/product\/stingher-28gt-lux\/#breadcrumb","itemListElement":[{"@type":"ListItem","position":1,"name":"Home","item":"https:\/\/enjoyboats.eu\/de\/"},{"@type":"ListItem","position":2,"name":"Miete ein Boot","item":"https:\/\/enjoyboats.eu\/de\/miete-ein-boot\/"},{"@type":"ListItem","position":3,"name":"Stingher 28GT Lux"}]},{"@type":"WebSite","@id":"https:\/\/enjoyboats.eu\/de\/#website","url":"https:\/\/enjoyboats.eu\/de\/","name":"Enjoy Boats","description":"Boat rental in the Costa Blanca","publisher":{"@id":"https:\/\/enjoyboats.eu\/de\/#organization"},"alternateName":"Enjoy Boats Rental & Sales","potentialAction":[{"@type":"SearchAction","target":{"@type":"EntryPoint","urlTemplate":"https:\/\/enjoyboats.eu\/de\/?s={search_term_string}"},"query-input":{"@type":"PropertyValueSpecification","valueRequired":true,"valueName":"search_term_string"}}],"inLanguage":"de"},{"@type":"Organization","@id":"https:\/\/enjoyboats.eu\/de\/#organization","name":"Enjoy Boats","url":"https:\/\/enjoyboats.eu\/de\/","logo":{"@type":"ImageObject","inLanguage":"de","@id":"https:\/\/enjoyboats.eu\/de\/#\/schema\/logo\/image\/","url":"https:\/\/enjoyboats.eu\/wp-content\/uploads\/2025\/02\/EnjoyBoats_Logo.webp","contentUrl":"https:\/\/enjoyboats.eu\/wp-content\/uploads\/2025\/02\/EnjoyBoats_Logo.webp","width":591,"height":507,"caption":"Enjoy Boats"},"image":{"@id":"https:\/\/enjoyboats.eu\/de\/#\/schema\/logo\/image\/"},"sameAs":["https:\/\/www.facebook.com\/profile.php?id=61562737064557&mibextid=wwXIfr&rdid=W4C14M5Q5zKVlMlm#","https:\/\/www.instagram.com\/enjoyboatsrentalandsales?igsh=MTZ4NWl1ZTB4NjJlMw&utm_source=website"]}]}},"_links":{"self":[{"href":"https:\/\/enjoyboats.eu\/de\/wp-json\/wp\/v2\/product\/1894","targetHints":{"allow":["GET"]}}],"collection":[{"href":"https:\/\/enjoyboats.eu\/de\/wp-json\/wp\/v2\/product"}],"about":[{"href":"https:\/\/enjoyboats.eu\/de\/wp-json\/wp\/v2\/types\/product"}],"wp:featuredmedia":[{"embeddable":true,"href":"https:\/\/enjoyboats.eu\/de\/wp-json\/wp\/v2\/media\/797"}],"wp:attachment":[{"href":"https:\/\/enjoyboats.eu\/de\/wp-json\/wp\/v2\/media?parent=1894"}],"wp:term":[{"taxonomy":"product_brand","embeddable":true,"href":"https:\/\/enjoyboats.eu\/de\/wp-json\/wp\/v2\/product_brand?post=1894"},{"taxonomy":"product_cat","embeddable":true,"href":"https:\/\/enjoyboats.eu\/de\/wp-json\/wp\/v2\/product_cat?post=1894"},{"taxonomy":"product_tag","embeddable":true,"href":"https:\/\/enjoyboats.eu\/de\/wp-json\/wp\/v2\/product_tag?post=1894"}],"curies":[{"name":"wp","href":"https:\/\/api.w.org\/{rel}","templated":true}]}}