{"id":1452,"date":"2025-02-07T12:02:44","date_gmt":"2025-02-07T11:02:44","guid":{"rendered":"https:\/\/enjoyboats.eu\/?post_type=product&#038;p=1452"},"modified":"2025-07-09T11:50:18","modified_gmt":"2025-07-09T09:50:18","slug":"saxdor-320gto","status":"publish","type":"product","link":"https:\/\/enjoyboats.eu\/de\/product\/saxdor-320gto\/","title":{"rendered":"Saxdor 320GTO"},"content":{"rendered":"<div class=\"fl-row fl-row-full-width fl-row-bg-color fl-node-9uxkwty284mi fl-row-default-height fl-row-align-center\" data-node=\"9uxkwty284mi\">\n<div class=\"fl-row-content-wrap\">\n<div class=\"fl-row-content fl-row-fixed-width fl-node-content\">\n<div class=\"fl-col-group fl-node-fzn73bdxqleo\" data-node=\"fzn73bdxqleo\">\n<div class=\"fl-col fl-node-7vm3das4zk6g fl-col-bg-color\" data-node=\"7vm3das4zk6g\">\n<div class=\"fl-col-content fl-node-content\">\n<div class=\"fl-module fl-module-rich-text fl-node-489hovkpa3tl\" data-node=\"489hovkpa3tl\">\n<div class=\"fl-module-content fl-node-content\">\n<div class=\"fl-rich-text\">\n<p data-start=\"135\" data-end=\"206\"><em>Hinweis:<strong> Die Saxdor 320GTO wird immer mit einem Skipper gebucht.<\/strong><\/em><\/p>\n<p>Entstanden aus der Vision, eine Bootsflotte zu schaffen, die es so noch nie gegeben hat, werden die Saxdor Boote nach den h\u00f6chsten Standards der Spitzentechnologie und unter Ber\u00fccksichtigung der Sicherheit gebaut.<\/p>\n<p>Die 320GTO ist sowohl modern als auch sportlich, bietet aber auch ein hohes Ma\u00df an Komfort. Ihr leistungsstarker Rumpf ist seet\u00fcchtig, sicher und leicht zu fahren. Das bemerkenswerteste Merkmal ist die Vielseitigkeit des Cockpits. Unter Deck ist klar, dass die 320 GTO nicht nur ein schnelles, h\u00fcbsches Tagesboot sein soll, sondern auch ein bequemer Wochenendausfl\u00fcgler.<\/p>\n<\/div>\n<\/div>\n<\/div>\n<\/div>\n<\/div>\n<\/div>\n<\/div>\n<\/div>\n<\/div>\n<p>Mit einer verl\u00e4ngerten Sonnenliege auf dem Vordeck und einer Dinette, die sich in eine Liegefl\u00e4che umwandeln l\u00e4sst, gibt es viele M\u00f6glichkeiten, sich zu entspannen. Durch Umklappen einer R\u00fcckenlehne k\u00f6nnen die gegen\u00fcberliegenden Sitzpl\u00e4tze in nach vorne gerichtete B\u00e4nke f\u00fcr G\u00e4ste umgewandelt werden, wenn das Boot mit den gr\u00f6\u00dferen Zwillingsmotoren mit einer potenziellen Reisegeschwindigkeit von 40 Knoten unterwegs ist.<\/p>\n","protected":false},"excerpt":{"rendered":"<p>Kombiniert ph\u00e4nomenales Design und Konzept mit dem absoluten Nervenkitzel beim Fahren; die Leistung ist einfach fantastisch.<\/p>\n","protected":false},"featured_media":2095,"template":"","meta":{"_acf_changed":false},"product_brand":[],"product_cat":[260,298,294],"product_tag":[],"class_list":{"0":"post-1452","1":"product","2":"type-product","3":"status-publish","4":"has-post-thumbnail","6":"product_cat-saxdor-de","7":"product_cat-zu-verkaufen","8":"product_cat-zu-vermieten","9":"pa_persons-11-de","12":"first","13":"instock","14":"virtual","15":"sold-individually","16":"purchasable","17":"product-type-booking"},"booking_location":"","booking_location_type":"","booking_duration":1,"booking_duration_unit":"hour","booking_buffer":0,"booking_cost":747,"booking_resources":[1065],"acf":[],"yoast_head":"<!-- This site is optimized with the Yoast SEO plugin v27.4 - https:\/\/yoast.com\/product\/yoast-seo-wordpress\/ -->\n<title>Boot mieten Altea | Enjoy Boats | Saxdor 320GTO<\/title>\n<meta name=\"description\" content=\"Mieten Sie den Saxdor 320GTO mit Skipper f\u00fcr ein sportliches, modernes Bootserlebnis in Altea. Komfort und bis zu 40 Knoten Geschwindigkeit inklusive.\" \/>\n<meta name=\"robots\" content=\"index, follow, max-snippet:-1, max-image-preview:large, max-video-preview:-1\" \/>\n<link rel=\"canonical\" href=\"https:\/\/enjoyboats.eu\/de\/product\/saxdor-320gto\/\" \/>\n<meta property=\"og:locale\" content=\"de_DE\" \/>\n<meta property=\"og:type\" content=\"article\" \/>\n<meta property=\"og:title\" content=\"Boot mieten Altea | Enjoy Boats | Saxdor 320GTO\" \/>\n<meta property=\"og:description\" content=\"Mieten Sie den Saxdor 320GTO mit Skipper f\u00fcr ein sportliches, modernes Bootserlebnis in Altea. Komfort und bis zu 40 Knoten Geschwindigkeit inklusive.\" \/>\n<meta property=\"og:url\" content=\"https:\/\/enjoyboats.eu\/de\/product\/saxdor-320gto\/\" \/>\n<meta property=\"og:site_name\" content=\"Enjoy Boats\" \/>\n<meta property=\"article:publisher\" content=\"https:\/\/www.facebook.com\/profile.php?id=61562737064557&amp;mibextid=wwXIfr&amp;rdid=W4C14M5Q5zKVlMlm#\" \/>\n<meta property=\"article:modified_time\" content=\"2025-07-09T09:50:18+00:00\" \/>\n<meta property=\"og:image\" content=\"https:\/\/enjoyboats.eu\/wp-content\/uploads\/2025\/02\/Saxdor.webp\" \/>\n\t<meta property=\"og:image:width\" content=\"1440\" \/>\n\t<meta property=\"og:image:height\" content=\"1079\" \/>\n\t<meta property=\"og:image:type\" content=\"image\/webp\" \/>\n<meta name=\"twitter:card\" content=\"summary_large_image\" \/>\n<meta name=\"twitter:label1\" content=\"Gesch\u00e4tzte Lesezeit\" \/>\n\t<meta name=\"twitter:data1\" content=\"1\u00a0Minute\" \/>\n<script type=\"application\/ld+json\" class=\"yoast-schema-graph\">{\"@context\":\"https:\\\/\\\/schema.org\",\"@graph\":[{\"@type\":\"WebPage\",\"@id\":\"https:\\\/\\\/enjoyboats.eu\\\/de\\\/product\\\/saxdor-320gto\\\/\",\"url\":\"https:\\\/\\\/enjoyboats.eu\\\/de\\\/product\\\/saxdor-320gto\\\/\",\"name\":\"Boot mieten Altea | Enjoy Boats | Saxdor 320GTO\",\"isPartOf\":{\"@id\":\"https:\\\/\\\/enjoyboats.eu\\\/de\\\/#website\"},\"primaryImageOfPage\":{\"@id\":\"https:\\\/\\\/enjoyboats.eu\\\/de\\\/product\\\/saxdor-320gto\\\/#primaryimage\"},\"image\":{\"@id\":\"https:\\\/\\\/enjoyboats.eu\\\/de\\\/product\\\/saxdor-320gto\\\/#primaryimage\"},\"thumbnailUrl\":\"https:\\\/\\\/enjoyboats.eu\\\/wp-content\\\/uploads\\\/2025\\\/02\\\/Saxdor.webp\",\"datePublished\":\"2025-02-07T11:02:44+00:00\",\"dateModified\":\"2025-07-09T09:50:18+00:00\",\"description\":\"Mieten Sie den Saxdor 320GTO mit Skipper f\u00fcr ein sportliches, modernes Bootserlebnis in Altea. Komfort und bis zu 40 Knoten Geschwindigkeit inklusive.\",\"breadcrumb\":{\"@id\":\"https:\\\/\\\/enjoyboats.eu\\\/de\\\/product\\\/saxdor-320gto\\\/#breadcrumb\"},\"inLanguage\":\"de\",\"potentialAction\":[{\"@type\":\"ReadAction\",\"target\":[\"https:\\\/\\\/enjoyboats.eu\\\/de\\\/product\\\/saxdor-320gto\\\/\"]}]},{\"@type\":\"ImageObject\",\"inLanguage\":\"de\",\"@id\":\"https:\\\/\\\/enjoyboats.eu\\\/de\\\/product\\\/saxdor-320gto\\\/#primaryimage\",\"url\":\"https:\\\/\\\/enjoyboats.eu\\\/wp-content\\\/uploads\\\/2025\\\/02\\\/Saxdor.webp\",\"contentUrl\":\"https:\\\/\\\/enjoyboats.eu\\\/wp-content\\\/uploads\\\/2025\\\/02\\\/Saxdor.webp\",\"width\":1440,\"height\":1079,\"caption\":\"Bootsverleih Altea - Enjoy Boats\"},{\"@type\":\"BreadcrumbList\",\"@id\":\"https:\\\/\\\/enjoyboats.eu\\\/de\\\/product\\\/saxdor-320gto\\\/#breadcrumb\",\"itemListElement\":[{\"@type\":\"ListItem\",\"position\":1,\"name\":\"Home\",\"item\":\"https:\\\/\\\/enjoyboats.eu\\\/de\\\/\"},{\"@type\":\"ListItem\",\"position\":2,\"name\":\"Miete ein Boot\",\"item\":\"https:\\\/\\\/enjoyboats.eu\\\/de\\\/miete-ein-boot\\\/\"},{\"@type\":\"ListItem\",\"position\":3,\"name\":\"Saxdor 320GTO\"}]},{\"@type\":\"WebSite\",\"@id\":\"https:\\\/\\\/enjoyboats.eu\\\/de\\\/#website\",\"url\":\"https:\\\/\\\/enjoyboats.eu\\\/de\\\/\",\"name\":\"Enjoy Boats\",\"description\":\"Boat rental in the Costa Blanca\",\"publisher\":{\"@id\":\"https:\\\/\\\/enjoyboats.eu\\\/de\\\/#organization\"},\"alternateName\":\"Enjoy Boats Rental & Sales\",\"potentialAction\":[{\"@type\":\"SearchAction\",\"target\":{\"@type\":\"EntryPoint\",\"urlTemplate\":\"https:\\\/\\\/enjoyboats.eu\\\/de\\\/?s={search_term_string}\"},\"query-input\":{\"@type\":\"PropertyValueSpecification\",\"valueRequired\":true,\"valueName\":\"search_term_string\"}}],\"inLanguage\":\"de\"},{\"@type\":\"Organization\",\"@id\":\"https:\\\/\\\/enjoyboats.eu\\\/de\\\/#organization\",\"name\":\"Enjoy Boats\",\"url\":\"https:\\\/\\\/enjoyboats.eu\\\/de\\\/\",\"logo\":{\"@type\":\"ImageObject\",\"inLanguage\":\"de\",\"@id\":\"https:\\\/\\\/enjoyboats.eu\\\/de\\\/#\\\/schema\\\/logo\\\/image\\\/\",\"url\":\"https:\\\/\\\/enjoyboats.eu\\\/wp-content\\\/uploads\\\/2025\\\/02\\\/EnjoyBoats_Logo.webp\",\"contentUrl\":\"https:\\\/\\\/enjoyboats.eu\\\/wp-content\\\/uploads\\\/2025\\\/02\\\/EnjoyBoats_Logo.webp\",\"width\":591,\"height\":507,\"caption\":\"Enjoy Boats\"},\"image\":{\"@id\":\"https:\\\/\\\/enjoyboats.eu\\\/de\\\/#\\\/schema\\\/logo\\\/image\\\/\"},\"sameAs\":[\"https:\\\/\\\/www.facebook.com\\\/profile.php?id=61562737064557&mibextid=wwXIfr&rdid=W4C14M5Q5zKVlMlm#\",\"https:\\\/\\\/www.instagram.com\\\/enjoyboatsrentalandsales?igsh=MTZ4NWl1ZTB4NjJlMw&utm_source=website\"]}]}<\/script>\n<!-- \/ Yoast SEO plugin. -->","yoast_head_json":{"title":"Boot mieten Altea | Enjoy Boats | Saxdor 320GTO","description":"Mieten Sie den Saxdor 320GTO mit Skipper f\u00fcr ein sportliches, modernes Bootserlebnis in Altea. Komfort und bis zu 40 Knoten Geschwindigkeit inklusive.","robots":{"index":"index","follow":"follow","max-snippet":"max-snippet:-1","max-image-preview":"max-image-preview:large","max-video-preview":"max-video-preview:-1"},"canonical":"https:\/\/enjoyboats.eu\/de\/product\/saxdor-320gto\/","og_locale":"de_DE","og_type":"article","og_title":"Boot mieten Altea | Enjoy Boats | Saxdor 320GTO","og_description":"Mieten Sie den Saxdor 320GTO mit Skipper f\u00fcr ein sportliches, modernes Bootserlebnis in Altea. Komfort und bis zu 40 Knoten Geschwindigkeit inklusive.","og_url":"https:\/\/enjoyboats.eu\/de\/product\/saxdor-320gto\/","og_site_name":"Enjoy Boats","article_publisher":"https:\/\/www.facebook.com\/profile.php?id=61562737064557&mibextid=wwXIfr&rdid=W4C14M5Q5zKVlMlm#","article_modified_time":"2025-07-09T09:50:18+00:00","og_image":[{"width":1440,"height":1079,"url":"https:\/\/enjoyboats.eu\/wp-content\/uploads\/2025\/02\/Saxdor.webp","type":"image\/webp"}],"twitter_card":"summary_large_image","twitter_misc":{"Gesch\u00e4tzte Lesezeit":"1\u00a0Minute"},"schema":{"@context":"https:\/\/schema.org","@graph":[{"@type":"WebPage","@id":"https:\/\/enjoyboats.eu\/de\/product\/saxdor-320gto\/","url":"https:\/\/enjoyboats.eu\/de\/product\/saxdor-320gto\/","name":"Boot mieten Altea | Enjoy Boats | Saxdor 320GTO","isPartOf":{"@id":"https:\/\/enjoyboats.eu\/de\/#website"},"primaryImageOfPage":{"@id":"https:\/\/enjoyboats.eu\/de\/product\/saxdor-320gto\/#primaryimage"},"image":{"@id":"https:\/\/enjoyboats.eu\/de\/product\/saxdor-320gto\/#primaryimage"},"thumbnailUrl":"https:\/\/enjoyboats.eu\/wp-content\/uploads\/2025\/02\/Saxdor.webp","datePublished":"2025-02-07T11:02:44+00:00","dateModified":"2025-07-09T09:50:18+00:00","description":"Mieten Sie den Saxdor 320GTO mit Skipper f\u00fcr ein sportliches, modernes Bootserlebnis in Altea. Komfort und bis zu 40 Knoten Geschwindigkeit inklusive.","breadcrumb":{"@id":"https:\/\/enjoyboats.eu\/de\/product\/saxdor-320gto\/#breadcrumb"},"inLanguage":"de","potentialAction":[{"@type":"ReadAction","target":["https:\/\/enjoyboats.eu\/de\/product\/saxdor-320gto\/"]}]},{"@type":"ImageObject","inLanguage":"de","@id":"https:\/\/enjoyboats.eu\/de\/product\/saxdor-320gto\/#primaryimage","url":"https:\/\/enjoyboats.eu\/wp-content\/uploads\/2025\/02\/Saxdor.webp","contentUrl":"https:\/\/enjoyboats.eu\/wp-content\/uploads\/2025\/02\/Saxdor.webp","width":1440,"height":1079,"caption":"Bootsverleih Altea - Enjoy Boats"},{"@type":"BreadcrumbList","@id":"https:\/\/enjoyboats.eu\/de\/product\/saxdor-320gto\/#breadcrumb","itemListElement":[{"@type":"ListItem","position":1,"name":"Home","item":"https:\/\/enjoyboats.eu\/de\/"},{"@type":"ListItem","position":2,"name":"Miete ein Boot","item":"https:\/\/enjoyboats.eu\/de\/miete-ein-boot\/"},{"@type":"ListItem","position":3,"name":"Saxdor 320GTO"}]},{"@type":"WebSite","@id":"https:\/\/enjoyboats.eu\/de\/#website","url":"https:\/\/enjoyboats.eu\/de\/","name":"Enjoy Boats","description":"Boat rental in the Costa Blanca","publisher":{"@id":"https:\/\/enjoyboats.eu\/de\/#organization"},"alternateName":"Enjoy Boats Rental & Sales","potentialAction":[{"@type":"SearchAction","target":{"@type":"EntryPoint","urlTemplate":"https:\/\/enjoyboats.eu\/de\/?s={search_term_string}"},"query-input":{"@type":"PropertyValueSpecification","valueRequired":true,"valueName":"search_term_string"}}],"inLanguage":"de"},{"@type":"Organization","@id":"https:\/\/enjoyboats.eu\/de\/#organization","name":"Enjoy Boats","url":"https:\/\/enjoyboats.eu\/de\/","logo":{"@type":"ImageObject","inLanguage":"de","@id":"https:\/\/enjoyboats.eu\/de\/#\/schema\/logo\/image\/","url":"https:\/\/enjoyboats.eu\/wp-content\/uploads\/2025\/02\/EnjoyBoats_Logo.webp","contentUrl":"https:\/\/enjoyboats.eu\/wp-content\/uploads\/2025\/02\/EnjoyBoats_Logo.webp","width":591,"height":507,"caption":"Enjoy Boats"},"image":{"@id":"https:\/\/enjoyboats.eu\/de\/#\/schema\/logo\/image\/"},"sameAs":["https:\/\/www.facebook.com\/profile.php?id=61562737064557&mibextid=wwXIfr&rdid=W4C14M5Q5zKVlMlm#","https:\/\/www.instagram.com\/enjoyboatsrentalandsales?igsh=MTZ4NWl1ZTB4NjJlMw&utm_source=website"]}]}},"_links":{"self":[{"href":"https:\/\/enjoyboats.eu\/de\/wp-json\/wp\/v2\/product\/1452","targetHints":{"allow":["GET"]}}],"collection":[{"href":"https:\/\/enjoyboats.eu\/de\/wp-json\/wp\/v2\/product"}],"about":[{"href":"https:\/\/enjoyboats.eu\/de\/wp-json\/wp\/v2\/types\/product"}],"wp:featuredmedia":[{"embeddable":true,"href":"https:\/\/enjoyboats.eu\/de\/wp-json\/wp\/v2\/media\/2095"}],"wp:attachment":[{"href":"https:\/\/enjoyboats.eu\/de\/wp-json\/wp\/v2\/media?parent=1452"}],"wp:term":[{"taxonomy":"product_brand","embeddable":true,"href":"https:\/\/enjoyboats.eu\/de\/wp-json\/wp\/v2\/product_brand?post=1452"},{"taxonomy":"product_cat","embeddable":true,"href":"https:\/\/enjoyboats.eu\/de\/wp-json\/wp\/v2\/product_cat?post=1452"},{"taxonomy":"product_tag","embeddable":true,"href":"https:\/\/enjoyboats.eu\/de\/wp-json\/wp\/v2\/product_tag?post=1452"}],"curies":[{"name":"wp","href":"https:\/\/api.w.org\/{rel}","templated":true}]}}