{"id":2326,"date":"2025-02-11T09:35:52","date_gmt":"2025-02-11T08:35:52","guid":{"rendered":"https:\/\/enjoyboats.eu\/italboote\/"},"modified":"2026-04-04T06:35:44","modified_gmt":"2026-04-04T04:35:44","slug":"italboote","status":"publish","type":"page","link":"https:\/\/enjoyboats.eu\/de\/italboote\/","title":{"rendered":"Italboote"},"content":{"rendered":"<div id=\"cs-content\" class=\"cs-content\"><\/div>\n","protected":false},"excerpt":{"rendered":"<p>WeltklasseBoote aus italienischer Produktion Handcrafted to perfectionKontaktieren Sie unsEntdecken Sie Italboats W\u00e4hlen Sie aus unseren 3 verschiedenen Serien handgefertigter italienischer Premium-Boote, die auf Ihre Bed\u00fcrfnisse zugeschnitten sind.StingerPredatorAvant GardeGebaut seit 1987 Das 1987 von Giuseppe Risolo gegr\u00fcndete Unternehmen Italboats perfektioniert seit \u00fcber 36 Jahren die Kunst des Bootsbaus. Das Ergebnis ist unsere Premium-Linie von RIBs, die \u00fcberlegene Leistung, Design und Handwerkskunst&hellip;<\/p>\n","protected":false},"author":1,"featured_media":0,"parent":0,"menu_order":0,"comment_status":"closed","ping_status":"closed","template":"template-blank-4.php","meta":{"_acf_changed":false,"footnotes":""},"class_list":["post-2326","page","type-page","status-publish","hentry","no-post-thumbnail"],"acf":[],"yoast_head":"<!-- This site is optimized with the Yoast SEO plugin v27.5 - https:\/\/yoast.com\/product\/yoast-seo-wordpress\/ -->\n<title>Italboats Altea - Premium Bootsvermietung, Verkauf und Lagerung an der Costa Blanca<\/title>\n<meta name=\"description\" content=\"Entdecken Sie die Welt von Italboats - einem Anbieter von au\u00dfergew\u00f6hnlichen Bootsvermietungen, Verk\u00e4ufen und Lagerungsdiensten in Altea, Costa Blanca. Handgefertigte italienische Boote, die auf Ihre Bed\u00fcrfnisse zugeschnitten sind. Entdecken Sie noch heute unsere Produktreihen Stinger, Predator und Avant Garde.\" \/>\n<meta name=\"robots\" content=\"index, follow, max-snippet:-1, max-image-preview:large, max-video-preview:-1\" \/>\n<link rel=\"canonical\" href=\"https:\/\/enjoyboats.eu\/de\/italboote\/\" \/>\n<meta property=\"og:locale\" content=\"de_DE\" \/>\n<meta property=\"og:type\" content=\"article\" \/>\n<meta property=\"og:title\" content=\"Italboats Altea - Premium Bootsvermietung, Verkauf und Lagerung an der Costa Blanca\" \/>\n<meta property=\"og:description\" content=\"Entdecken Sie die Welt von Italboats - einem Anbieter von au\u00dfergew\u00f6hnlichen Bootsvermietungen, Verk\u00e4ufen und Lagerungsdiensten in Altea, Costa Blanca. Handgefertigte italienische Boote, die auf Ihre Bed\u00fcrfnisse zugeschnitten sind. Entdecken Sie noch heute unsere Produktreihen Stinger, Predator und Avant Garde.\" \/>\n<meta property=\"og:url\" content=\"https:\/\/enjoyboats.eu\/de\/italboote\/\" \/>\n<meta property=\"og:site_name\" content=\"Enjoy Boats\" \/>\n<meta property=\"article:publisher\" content=\"https:\/\/www.facebook.com\/profile.php?id=61562737064557&amp;mibextid=wwXIfr&amp;rdid=W4C14M5Q5zKVlMlm#\" \/>\n<meta property=\"article:modified_time\" content=\"2026-04-04T04:35:44+00:00\" \/>\n<meta property=\"og:image\" content=\"https:\/\/enjoyboats.eu\/wp-content\/uploads\/2025\/02\/EnjoyBoats_Logo.jpg\" \/>\n\t<meta property=\"og:image:width\" content=\"591\" \/>\n\t<meta property=\"og:image:height\" content=\"507\" \/>\n\t<meta property=\"og:image:type\" content=\"image\/jpeg\" \/>\n<meta name=\"twitter:card\" content=\"summary_large_image\" \/>\n<meta name=\"twitter:label1\" content=\"Gesch\u00e4tzte Lesezeit\" \/>\n\t<meta name=\"twitter:data1\" content=\"3\u00a0Minuten\" \/>\n<script type=\"application\/ld+json\" class=\"yoast-schema-graph\">{\"@context\":\"https:\\\/\\\/schema.org\",\"@graph\":[{\"@type\":\"WebPage\",\"@id\":\"https:\\\/\\\/enjoyboats.eu\\\/de\\\/italboote\\\/\",\"url\":\"https:\\\/\\\/enjoyboats.eu\\\/de\\\/italboote\\\/\",\"name\":\"Italboats Altea - Premium Bootsvermietung, Verkauf und Lagerung an der Costa Blanca\",\"isPartOf\":{\"@id\":\"https:\\\/\\\/enjoyboats.eu\\\/de\\\/#website\"},\"datePublished\":\"2025-02-11T08:35:52+00:00\",\"dateModified\":\"2026-04-04T04:35:44+00:00\",\"description\":\"Entdecken Sie die Welt von Italboats - einem Anbieter von au\u00dfergew\u00f6hnlichen Bootsvermietungen, Verk\u00e4ufen und Lagerungsdiensten in Altea, Costa Blanca. Handgefertigte italienische Boote, die auf Ihre Bed\u00fcrfnisse zugeschnitten sind. Entdecken Sie noch heute unsere Produktreihen Stinger, Predator und Avant Garde.\",\"breadcrumb\":{\"@id\":\"https:\\\/\\\/enjoyboats.eu\\\/de\\\/italboote\\\/#breadcrumb\"},\"inLanguage\":\"de\",\"potentialAction\":[{\"@type\":\"ReadAction\",\"target\":[\"https:\\\/\\\/enjoyboats.eu\\\/de\\\/italboote\\\/\"]}]},{\"@type\":\"BreadcrumbList\",\"@id\":\"https:\\\/\\\/enjoyboats.eu\\\/de\\\/italboote\\\/#breadcrumb\",\"itemListElement\":[{\"@type\":\"ListItem\",\"position\":1,\"name\":\"Home\",\"item\":\"https:\\\/\\\/enjoyboats.eu\\\/de\\\/\"},{\"@type\":\"ListItem\",\"position\":2,\"name\":\"Italboote\"}]},{\"@type\":\"WebSite\",\"@id\":\"https:\\\/\\\/enjoyboats.eu\\\/de\\\/#website\",\"url\":\"https:\\\/\\\/enjoyboats.eu\\\/de\\\/\",\"name\":\"Enjoy Boats\",\"description\":\"Boat rental in the Costa Blanca\",\"publisher\":{\"@id\":\"https:\\\/\\\/enjoyboats.eu\\\/de\\\/#organization\"},\"alternateName\":\"Enjoy Boats Rental & Sales\",\"potentialAction\":[{\"@type\":\"SearchAction\",\"target\":{\"@type\":\"EntryPoint\",\"urlTemplate\":\"https:\\\/\\\/enjoyboats.eu\\\/de\\\/?s={search_term_string}\"},\"query-input\":{\"@type\":\"PropertyValueSpecification\",\"valueRequired\":true,\"valueName\":\"search_term_string\"}}],\"inLanguage\":\"de\"},{\"@type\":\"Organization\",\"@id\":\"https:\\\/\\\/enjoyboats.eu\\\/de\\\/#organization\",\"name\":\"Enjoy Boats\",\"url\":\"https:\\\/\\\/enjoyboats.eu\\\/de\\\/\",\"logo\":{\"@type\":\"ImageObject\",\"inLanguage\":\"de\",\"@id\":\"https:\\\/\\\/enjoyboats.eu\\\/de\\\/#\\\/schema\\\/logo\\\/image\\\/\",\"url\":\"https:\\\/\\\/enjoyboats.eu\\\/wp-content\\\/uploads\\\/2025\\\/02\\\/EnjoyBoats_Logo.webp\",\"contentUrl\":\"https:\\\/\\\/enjoyboats.eu\\\/wp-content\\\/uploads\\\/2025\\\/02\\\/EnjoyBoats_Logo.webp\",\"width\":591,\"height\":507,\"caption\":\"Enjoy Boats\"},\"image\":{\"@id\":\"https:\\\/\\\/enjoyboats.eu\\\/de\\\/#\\\/schema\\\/logo\\\/image\\\/\"},\"sameAs\":[\"https:\\\/\\\/www.facebook.com\\\/profile.php?id=61562737064557&mibextid=wwXIfr&rdid=W4C14M5Q5zKVlMlm#\",\"https:\\\/\\\/www.instagram.com\\\/enjoyboatsrentalandsales?igsh=MTZ4NWl1ZTB4NjJlMw&utm_source=website\"]}]}<\/script>\n<!-- \/ Yoast SEO plugin. -->","yoast_head_json":{"title":"Italboats Altea - Premium Bootsvermietung, Verkauf und Lagerung an der Costa Blanca","description":"Entdecken Sie die Welt von Italboats - einem Anbieter von au\u00dfergew\u00f6hnlichen Bootsvermietungen, Verk\u00e4ufen und Lagerungsdiensten in Altea, Costa Blanca. Handgefertigte italienische Boote, die auf Ihre Bed\u00fcrfnisse zugeschnitten sind. Entdecken Sie noch heute unsere Produktreihen Stinger, Predator und Avant Garde.","robots":{"index":"index","follow":"follow","max-snippet":"max-snippet:-1","max-image-preview":"max-image-preview:large","max-video-preview":"max-video-preview:-1"},"canonical":"https:\/\/enjoyboats.eu\/de\/italboote\/","og_locale":"de_DE","og_type":"article","og_title":"Italboats Altea - Premium Bootsvermietung, Verkauf und Lagerung an der Costa Blanca","og_description":"Entdecken Sie die Welt von Italboats - einem Anbieter von au\u00dfergew\u00f6hnlichen Bootsvermietungen, Verk\u00e4ufen und Lagerungsdiensten in Altea, Costa Blanca. Handgefertigte italienische Boote, die auf Ihre Bed\u00fcrfnisse zugeschnitten sind. Entdecken Sie noch heute unsere Produktreihen Stinger, Predator und Avant Garde.","og_url":"https:\/\/enjoyboats.eu\/de\/italboote\/","og_site_name":"Enjoy Boats","article_publisher":"https:\/\/www.facebook.com\/profile.php?id=61562737064557&mibextid=wwXIfr&rdid=W4C14M5Q5zKVlMlm#","article_modified_time":"2026-04-04T04:35:44+00:00","og_image":[{"width":591,"height":507,"url":"https:\/\/enjoyboats.eu\/wp-content\/uploads\/2025\/02\/EnjoyBoats_Logo.jpg","type":"image\/jpeg"}],"twitter_card":"summary_large_image","twitter_misc":{"Gesch\u00e4tzte Lesezeit":"3\u00a0Minuten"},"schema":{"@context":"https:\/\/schema.org","@graph":[{"@type":"WebPage","@id":"https:\/\/enjoyboats.eu\/de\/italboote\/","url":"https:\/\/enjoyboats.eu\/de\/italboote\/","name":"Italboats Altea - Premium Bootsvermietung, Verkauf und Lagerung an der Costa Blanca","isPartOf":{"@id":"https:\/\/enjoyboats.eu\/de\/#website"},"datePublished":"2025-02-11T08:35:52+00:00","dateModified":"2026-04-04T04:35:44+00:00","description":"Entdecken Sie die Welt von Italboats - einem Anbieter von au\u00dfergew\u00f6hnlichen Bootsvermietungen, Verk\u00e4ufen und Lagerungsdiensten in Altea, Costa Blanca. Handgefertigte italienische Boote, die auf Ihre Bed\u00fcrfnisse zugeschnitten sind. Entdecken Sie noch heute unsere Produktreihen Stinger, Predator und Avant Garde.","breadcrumb":{"@id":"https:\/\/enjoyboats.eu\/de\/italboote\/#breadcrumb"},"inLanguage":"de","potentialAction":[{"@type":"ReadAction","target":["https:\/\/enjoyboats.eu\/de\/italboote\/"]}]},{"@type":"BreadcrumbList","@id":"https:\/\/enjoyboats.eu\/de\/italboote\/#breadcrumb","itemListElement":[{"@type":"ListItem","position":1,"name":"Home","item":"https:\/\/enjoyboats.eu\/de\/"},{"@type":"ListItem","position":2,"name":"Italboote"}]},{"@type":"WebSite","@id":"https:\/\/enjoyboats.eu\/de\/#website","url":"https:\/\/enjoyboats.eu\/de\/","name":"Enjoy Boats","description":"Boat rental in the Costa Blanca","publisher":{"@id":"https:\/\/enjoyboats.eu\/de\/#organization"},"alternateName":"Enjoy Boats Rental & Sales","potentialAction":[{"@type":"SearchAction","target":{"@type":"EntryPoint","urlTemplate":"https:\/\/enjoyboats.eu\/de\/?s={search_term_string}"},"query-input":{"@type":"PropertyValueSpecification","valueRequired":true,"valueName":"search_term_string"}}],"inLanguage":"de"},{"@type":"Organization","@id":"https:\/\/enjoyboats.eu\/de\/#organization","name":"Enjoy Boats","url":"https:\/\/enjoyboats.eu\/de\/","logo":{"@type":"ImageObject","inLanguage":"de","@id":"https:\/\/enjoyboats.eu\/de\/#\/schema\/logo\/image\/","url":"https:\/\/enjoyboats.eu\/wp-content\/uploads\/2025\/02\/EnjoyBoats_Logo.webp","contentUrl":"https:\/\/enjoyboats.eu\/wp-content\/uploads\/2025\/02\/EnjoyBoats_Logo.webp","width":591,"height":507,"caption":"Enjoy Boats"},"image":{"@id":"https:\/\/enjoyboats.eu\/de\/#\/schema\/logo\/image\/"},"sameAs":["https:\/\/www.facebook.com\/profile.php?id=61562737064557&mibextid=wwXIfr&rdid=W4C14M5Q5zKVlMlm#","https:\/\/www.instagram.com\/enjoyboatsrentalandsales?igsh=MTZ4NWl1ZTB4NjJlMw&utm_source=website"]}]}},"_links":{"self":[{"href":"https:\/\/enjoyboats.eu\/de\/wp-json\/wp\/v2\/pages\/2326","targetHints":{"allow":["GET"]}}],"collection":[{"href":"https:\/\/enjoyboats.eu\/de\/wp-json\/wp\/v2\/pages"}],"about":[{"href":"https:\/\/enjoyboats.eu\/de\/wp-json\/wp\/v2\/types\/page"}],"author":[{"embeddable":true,"href":"https:\/\/enjoyboats.eu\/de\/wp-json\/wp\/v2\/users\/1"}],"replies":[{"embeddable":true,"href":"https:\/\/enjoyboats.eu\/de\/wp-json\/wp\/v2\/comments?post=2326"}],"version-history":[{"count":4,"href":"https:\/\/enjoyboats.eu\/de\/wp-json\/wp\/v2\/pages\/2326\/revisions"}],"predecessor-version":[{"id":7674,"href":"https:\/\/enjoyboats.eu\/de\/wp-json\/wp\/v2\/pages\/2326\/revisions\/7674"}],"wp:attachment":[{"href":"https:\/\/enjoyboats.eu\/de\/wp-json\/wp\/v2\/media?parent=2326"}],"curies":[{"name":"wp","href":"https:\/\/api.w.org\/{rel}","templated":true}]}}